{"id":5963,"date":"2025-04-15T11:36:00","date_gmt":"2025-04-15T09:36:00","guid":{"rendered":"http:\/\/klubmamgdynia.pl\/?post_type=product&#038;p=5963"},"modified":"2026-04-30T03:21:07","modified_gmt":"2026-04-30T01:21:07","slug":"nike-plecak-szkolny-brasilia-xl-9-0-czarny","status":"publish","type":"product","link":"http:\/\/klubmamgdynia.pl\/index.php\/produkt\/nike-plecak-szkolny-brasilia-xl-9-0-czarny\/","title":{"rendered":"Nike Plecak Szkolny Brasilia Xl 9.0 Czarny"},"content":{"rendered":"<p>Plecak Nike Szkolny Brasilia XL Moro 9.0 Sportowy<\/p>\n<h2>Nike Plecak Szkolny Brasilia Xl 9.0 Czarny Nike<\/h2>\n<p>kolorowanka lol, kolorowanka lody, zagadki dla dzieci 7 lat, karty pracy do druku za darmo, mira imi\u0119, zagadki matematyczne na logik\u0119, \u015bmigus dyngus wiersz dla dzieci, kiedy dzieci chodza na halloween, eksperymenty dla dzieci wulkan, karaluchy pod poduchy a szczypawki<\/p>\n<p>yyyyy<\/p>\n<p>&nbsp;<\/p>\n","protected":false},"excerpt":{"rendered":"<p>Plecak Nike Szkolny Brasilia XL Moro 9.0 Sportowy Nike Plecak Szkolny Brasilia Xl 9.0 Czarny Nike kolorowanka lol, kolorowanka lody, zagadki dla dzieci 7 lat, karty pracy do druku za darmo, mira imi\u0119, zagadki matematyczne na logik\u0119, \u015bmigus dyngus wiersz dla dzieci, kiedy dzieci chodza na halloween, eksperymenty dla dzieci wulkan, karaluchy pod poduchy a [&hellip;]<\/p>\n","protected":false},"featured_media":5964,"comment_status":"closed","ping_status":"open","template":"","meta":[],"product_cat":[1266,329],"product_tag":[603,865,719,861,675,733],"class_list":["post-5963","product","type-product","status-publish","has-post-thumbnail","hentry","product_cat-nike","product_cat-plecaki-szkolne","product_tag-bajki-do-czytania","product_tag-cytaty-o-dzieciach","product_tag-dziecko-cytaty-zlote-mysli","product_tag-jak-narysowac-psa","product_tag-test-z-lektury-kajko-i-kokosz-szkola-latania","product_tag-zarty-na-prima-aprilis"],"_links":{"self":[{"href":"http:\/\/klubmamgdynia.pl\/index.php\/wp-json\/wp\/v2\/product\/5963","targetHints":{"allow":["GET"]}}],"collection":[{"href":"http:\/\/klubmamgdynia.pl\/index.php\/wp-json\/wp\/v2\/product"}],"about":[{"href":"http:\/\/klubmamgdynia.pl\/index.php\/wp-json\/wp\/v2\/types\/product"}],"replies":[{"embeddable":true,"href":"http:\/\/klubmamgdynia.pl\/index.php\/wp-json\/wp\/v2\/comments?post=5963"}],"wp:featuredmedia":[{"embeddable":true,"href":"http:\/\/klubmamgdynia.pl\/index.php\/wp-json\/wp\/v2\/media\/5964"}],"wp:attachment":[{"href":"http:\/\/klubmamgdynia.pl\/index.php\/wp-json\/wp\/v2\/media?parent=5963"}],"wp:term":[{"taxonomy":"product_cat","embeddable":true,"href":"http:\/\/klubmamgdynia.pl\/index.php\/wp-json\/wp\/v2\/product_cat?post=5963"},{"taxonomy":"product_tag","embeddable":true,"href":"http:\/\/klubmamgdynia.pl\/index.php\/wp-json\/wp\/v2\/product_tag?post=5963"}],"curies":[{"name":"wp","href":"https:\/\/api.w.org\/{rel}","templated":true}]}}