{"id":5965,"date":"2011-02-18T11:12:04","date_gmt":"2011-02-18T10:12:04","guid":{"rendered":"http:\/\/klubmamgdynia.pl\/index.php\/produkt\/eurobaby-zabawki-zabawka-piesek-w-walizce-zabawka\/"},"modified":"2026-04-06T01:39:39","modified_gmt":"2026-04-05T23:39:39","slug":"eurobaby-zabawki-zabawka-piesek-w-walizce-zabawka","status":"publish","type":"product","link":"http:\/\/klubmamgdynia.pl\/index.php\/produkt\/eurobaby-zabawki-zabawka-piesek-w-walizce-zabawka\/","title":{"rendered":"Eurobaby Zabawki Zabawka Piesek W Walizce &#8211; Zabawka"},"content":{"rendered":"<p>Interaktywna zabawka piesek w walizce z akcesoriami przyniesie nie lada frajd\u0119 zar\u00f3wno dziewczynkom jak i chlopcom.Uroczy szczeniak rozkocha w sobie ka\u017cde dziecko.Weso\u0142e oczka i przyjemny pyszczek sprawi\u0105 \u017ce \u017caden rodzic nie oprze si\u0119 przez zakupem tej zabawki dla swojego dziecka.Zestaw gwarantuje wiele mo\u017cliwo\u015bci zabawy. Zabawka jest bogato wyposa\u017cona we wszelkiego rodzaju akcesoria .W transporterze wbudowane jest mini pianisko kt\u00f3re umili zabaw\u0119 . Transporter wyposa\u017cony jest w wygodn\u0105 r\u0105czk\u0119 do przenoszenia.Graj\u0105ce klawisze \u015bwiec\u0105 w ciekawych kolorach.Mikrofon za\u0142\u0105czony w zestawie jest kompatybilny z pieskiem.Zabawka wykonana jest z najwy\u017cszej jako\u015bci bezpiecznego tworzywa.W zestawie:-piesek-miska oraz ko\u015b\u0107-graj\u0105co- \u015bwiec\u0105cy pojemny transporter z wygodn\u0105 r\u0105czk\u0105-gad\u017cety i akcesoriaWymiary:Opakowanie: 43x20x25 cmZabawka: 20x15x12 cm ( transporter)Wiek: 3+<\/p>\n<h2>Eurobaby Zabawki Zabawka Piesek W Walizce &#8211; Zabawka <\/h2>\n<p>prezenty dla 16 latki, test detektyw pozytywka, kolorowanka kotka, atrakcje dla dzieci warszawa, kamila, lato lato lato czeka, akademia pana kleksa test do druku, cytaty dla nauczycieli, test z lektury opowie\u015bci z narnii lew czarownica i stara szafa z odpowiedziami, beniamin imi\u0119, imi\u0119 leon, prezent dla 16 latki, pokemon do druku, test z lektury opowie\u015bci z narnii lew czarownica i stara szafa, proste dekoracje bo\u017conarodzeniowe dla dzieci<\/p>\n<p>yyyyy<\/p>\n<p>&nbsp;<\/p>\n","protected":false},"excerpt":{"rendered":"<p>Interaktywna zabawka piesek w walizce z akcesoriami przyniesie nie lada frajd\u0119 zar\u00f3wno dziewczynkom jak i chlopcom.Uroczy szczeniak rozkocha w sobie ka\u017cde dziecko.Weso\u0142e oczka i przyjemny pyszczek sprawi\u0105 \u017ce \u017caden rodzic nie oprze si\u0119 przez zakupem tej zabawki dla swojego dziecka.Zestaw gwarantuje wiele mo\u017cliwo\u015bci zabawy. Zabawka jest bogato wyposa\u017cona we wszelkiego rodzaju akcesoria .W transporterze wbudowane [&hellip;]<\/p>\n","protected":false},"featured_media":5966,"comment_status":"closed","ping_status":"open","template":"","meta":[],"product_cat":[53],"product_tag":[772,838,707,579,741],"class_list":["post-5965","product","type-product","status-publish","has-post-thumbnail","hentry","product_cat-kaciki-zabaw","product_tag-45-panstw-europy-i-ich-stolice-quiz","product_tag-bajki-dla-dzieci-na-dobranoc","product_tag-karty-pracy-dla-dzieci-z-ukrainy","product_tag-quiz-opowiesci-z-narnii-lew-czarownica-i-stara-szafa","product_tag-wlochy"],"_links":{"self":[{"href":"http:\/\/klubmamgdynia.pl\/index.php\/wp-json\/wp\/v2\/product\/5965","targetHints":{"allow":["GET"]}}],"collection":[{"href":"http:\/\/klubmamgdynia.pl\/index.php\/wp-json\/wp\/v2\/product"}],"about":[{"href":"http:\/\/klubmamgdynia.pl\/index.php\/wp-json\/wp\/v2\/types\/product"}],"replies":[{"embeddable":true,"href":"http:\/\/klubmamgdynia.pl\/index.php\/wp-json\/wp\/v2\/comments?post=5965"}],"wp:featuredmedia":[{"embeddable":true,"href":"http:\/\/klubmamgdynia.pl\/index.php\/wp-json\/wp\/v2\/media\/5966"}],"wp:attachment":[{"href":"http:\/\/klubmamgdynia.pl\/index.php\/wp-json\/wp\/v2\/media?parent=5965"}],"wp:term":[{"taxonomy":"product_cat","embeddable":true,"href":"http:\/\/klubmamgdynia.pl\/index.php\/wp-json\/wp\/v2\/product_cat?post=5965"},{"taxonomy":"product_tag","embeddable":true,"href":"http:\/\/klubmamgdynia.pl\/index.php\/wp-json\/wp\/v2\/product_tag?post=5965"}],"curies":[{"name":"wp","href":"https:\/\/api.w.org\/{rel}","templated":true}]}}