{"id":5969,"date":"2020-06-07T15:37:08","date_gmt":"2020-06-07T13:37:08","guid":{"rendered":"http:\/\/klubmamgdynia.pl\/index.php\/produkt\/gra-planszowa-winning-moves-monopoly-rick-i-morty\/"},"modified":"2026-05-17T22:43:57","modified_gmt":"2026-05-17T20:43:57","slug":"gra-planszowa-winning-moves-monopoly-rick-i-morty","status":"publish","type":"product","link":"http:\/\/klubmamgdynia.pl\/index.php\/produkt\/gra-planszowa-winning-moves-monopoly-rick-i-morty\/","title":{"rendered":"Gra planszowa Winning Moves Monopoly Rick i Morty"},"content":{"rendered":"<p>Monopoly Rick i MortyMonopoly Rick i Morty pozwoli Ci przenie\u015b\u0107 si\u0119 do \u015bwiata ulubionych bohater\u00f3w. Wybierz jeden z kolekcjonerskich pionk\u00f3w, symbolizuj\u0105cych ka\u017cdego z bohater\u00f3w i przypomnij sobie najzabawniejsze momenty z serialu. Podr\u00f3\u017cuj wraz z Rickiem i Mortym po odleg\u0142ych galaktykach i alternatywnych rzeczywisto\u015bciach.Monopoly Rick i Morty to gra przeznaczona dla wszystkich fan\u00f3w kultowego serialu, kt\u00f3rzy uwielbiaj\u0105 gra\u0107 w plansz\u00f3wki z rodzin\u0105 lub w towarzystwie przyjaci\u00f3\u0142. W tej kolekcjonerskiej edycji b\u0119dziecie mieli szans\u0119 jeszcze raz prze\u017cy\u0107 ulubione momenty z serialu. Przemieszczaj\u0105c si\u0119 po planszy udajcie si\u0119 w podr\u00f3\u017c po odleg\u0142ych galaktykach i alternatywnych rzeczywisto\u015bciach. Inwestujcie w Machacze Foobla oraz pud\u0142a Goobla i pobierajcie op\u0142aty od innych graczy odwiedzaj\u0105cych Wasze pola na planszy.<\/p>\n<h2>Gra planszowa Winning Moves Monopoly Rick i Morty WINNING MOVES<\/h2>\n<p>maska kota, natan imi\u0119, prezenty dla nastolatk\u00f3w do 50 z\u0142, kolorowanki do wydruku postacie z bajek, bianka, zagadki o zawodach, rodzina cytaty, opisy rodzina, lato lato lato czeka, laura, zadania dla dzieci z ukrainy, jaki prezent na roczek, ko\u0142ysanki dla dzieci tekst, pomys\u0142y na dzie\u0144 dziecka dla nastolatk\u00f3w, pierwsze urodziny prezent na roczek dla ch\u0142opca, stare wiersze dla dzieci, kr\u00f3tkie bajki dla dzieci do czytania, kolorowanka spongebob, kolorowanki konie do druku, mira imie, prezent dla 15 latki 2021<\/p>\n<p>yyyyy<\/p>\n<p>&nbsp;<\/p>\n","protected":false},"excerpt":{"rendered":"<p>Monopoly Rick i MortyMonopoly Rick i Morty pozwoli Ci przenie\u015b\u0107 si\u0119 do \u015bwiata ulubionych bohater\u00f3w. Wybierz jeden z kolekcjonerskich pionk\u00f3w, symbolizuj\u0105cych ka\u017cdego z bohater\u00f3w i przypomnij sobie najzabawniejsze momenty z serialu. Podr\u00f3\u017cuj wraz z Rickiem i Mortym po odleg\u0142ych galaktykach i alternatywnych rzeczywisto\u015bciach.Monopoly Rick i Morty to gra przeznaczona dla wszystkich fan\u00f3w kultowego serialu, kt\u00f3rzy [&hellip;]<\/p>\n","protected":false},"featured_media":5970,"comment_status":"closed","ping_status":"open","template":"","meta":[],"product_cat":[235,226],"product_tag":[667,815,665,857],"class_list":["post-5969","product","type-product","status-publish","has-post-thumbnail","hentry","product_cat-gry-planszowe","product_cat-winning-moves","product_tag-kolorowanka-lol","product_tag-ozdoby-choinkowe-dla-dzieci","product_tag-proste-zagadki","product_tag-zagadki-dla-dzieci-7-8-lat"],"_links":{"self":[{"href":"http:\/\/klubmamgdynia.pl\/index.php\/wp-json\/wp\/v2\/product\/5969","targetHints":{"allow":["GET"]}}],"collection":[{"href":"http:\/\/klubmamgdynia.pl\/index.php\/wp-json\/wp\/v2\/product"}],"about":[{"href":"http:\/\/klubmamgdynia.pl\/index.php\/wp-json\/wp\/v2\/types\/product"}],"replies":[{"embeddable":true,"href":"http:\/\/klubmamgdynia.pl\/index.php\/wp-json\/wp\/v2\/comments?post=5969"}],"wp:featuredmedia":[{"embeddable":true,"href":"http:\/\/klubmamgdynia.pl\/index.php\/wp-json\/wp\/v2\/media\/5970"}],"wp:attachment":[{"href":"http:\/\/klubmamgdynia.pl\/index.php\/wp-json\/wp\/v2\/media?parent=5969"}],"wp:term":[{"taxonomy":"product_cat","embeddable":true,"href":"http:\/\/klubmamgdynia.pl\/index.php\/wp-json\/wp\/v2\/product_cat?post=5969"},{"taxonomy":"product_tag","embeddable":true,"href":"http:\/\/klubmamgdynia.pl\/index.php\/wp-json\/wp\/v2\/product_tag?post=5969"}],"curies":[{"name":"wp","href":"https:\/\/api.w.org\/{rel}","templated":true}]}}