{"id":597,"date":"2023-03-15T08:30:17","date_gmt":"2023-03-15T07:30:17","guid":{"rendered":"http:\/\/klubmamgdynia.pl\/?post_type=product&#038;p=597"},"modified":"2026-04-19T03:58:51","modified_gmt":"2026-04-19T01:58:51","slug":"bigbuy-fun-mentalidad-de-rebano-wersja-hiszpanska","status":"publish","type":"product","link":"http:\/\/klubmamgdynia.pl\/index.php\/produkt\/bigbuy-fun-mentalidad-de-rebano-wersja-hiszpanska\/","title":{"rendered":"BigBuy Fun Mentalidad de Rebano (wersja hiszpa\u0144ska)"},"content":{"rendered":"<p>Dzieci zas\u0142uguj\u0105 na to co najlepsze, dlatego przedstawiamy Ci Gra Planszowa Mentalidad de Reba\u00f1o (143 pcs), idealny dla tych, kt\u00f3rzy szukaj\u0105 produkt\u00f3w wysokiej jako\u015bci dla dzieci! Zdob\u0105d\u017a i inne produkty markowe i licencyjne w najlepszych cenach!Zawiera: Figurkakarty do gry x 80\u017betony x 60Notes z Nadrukiem x 2J\u0119zyk: hiszpa\u0144skiZalecany Wiek: 10 lat<\/p>\n<h2>BigBuy Fun Mentalidad de Rebano (wersja hiszpa\u0144ska) Bigbuy Fun<\/h2>\n<p>prezent dla 7 latka ch\u0142opca, choinko pi\u0119kna jak las tekst, kolorowanki koty, plac zamkowy, bajka o smoku wawelskim<\/p>\n<p>yyyyy<\/p>\n<p>&nbsp;<\/p>\n","protected":false},"excerpt":{"rendered":"<p>Dzieci zas\u0142uguj\u0105 na to co najlepsze, dlatego przedstawiamy Ci Gra Planszowa Mentalidad de Reba\u00f1o (143 pcs), idealny dla tych, kt\u00f3rzy szukaj\u0105 produkt\u00f3w wysokiej jako\u015bci dla dzieci! Zdob\u0105d\u017a i inne produkty markowe i licencyjne w najlepszych cenach!Zawiera: Figurkakarty do gry x 80\u017betony x 60Notes z Nadrukiem x 2J\u0119zyk: hiszpa\u0144skiZalecany Wiek: 10 lat BigBuy Fun Mentalidad de [&hellip;]<\/p>\n","protected":false},"featured_media":598,"comment_status":"closed","ping_status":"open","template":"","meta":[],"product_cat":[223,130],"product_tag":[658,656,720,582,778,698,811],"class_list":["post-597","product","type-product","status-publish","has-post-thumbnail","hentry","product_cat-bigbuy-fun","product_cat-gry-dzieciece","product_tag-alan-znaczenie-imienia","product_tag-kolorowanki-lol","product_tag-malowanki","product_tag-nauka-pisania-literek-do-wydruku-pdf","product_tag-zabawki-na-roczek-dla-chlopca","product_tag-zagadki-dla-przedszkolakow","product_tag-zagadki-logiczne-dla-dzieci"],"_links":{"self":[{"href":"http:\/\/klubmamgdynia.pl\/index.php\/wp-json\/wp\/v2\/product\/597","targetHints":{"allow":["GET"]}}],"collection":[{"href":"http:\/\/klubmamgdynia.pl\/index.php\/wp-json\/wp\/v2\/product"}],"about":[{"href":"http:\/\/klubmamgdynia.pl\/index.php\/wp-json\/wp\/v2\/types\/product"}],"replies":[{"embeddable":true,"href":"http:\/\/klubmamgdynia.pl\/index.php\/wp-json\/wp\/v2\/comments?post=597"}],"wp:featuredmedia":[{"embeddable":true,"href":"http:\/\/klubmamgdynia.pl\/index.php\/wp-json\/wp\/v2\/media\/598"}],"wp:attachment":[{"href":"http:\/\/klubmamgdynia.pl\/index.php\/wp-json\/wp\/v2\/media?parent=597"}],"wp:term":[{"taxonomy":"product_cat","embeddable":true,"href":"http:\/\/klubmamgdynia.pl\/index.php\/wp-json\/wp\/v2\/product_cat?post=597"},{"taxonomy":"product_tag","embeddable":true,"href":"http:\/\/klubmamgdynia.pl\/index.php\/wp-json\/wp\/v2\/product_tag?post=597"}],"curies":[{"name":"wp","href":"https:\/\/api.w.org\/{rel}","templated":true}]}}