{"id":5971,"date":"2013-03-31T14:02:17","date_gmt":"2013-03-31T12:02:17","guid":{"rendered":"http:\/\/klubmamgdynia.pl\/index.php\/produkt\/parawan-balkonowy-czarny-90x500cm-hdpe\/"},"modified":"2026-05-17T22:37:57","modified_gmt":"2026-05-17T20:37:57","slug":"parawan-balkonowy-czarny-90x500cm-hdpe","status":"publish","type":"product","link":"http:\/\/klubmamgdynia.pl\/index.php\/produkt\/parawan-balkonowy-czarny-90x500cm-hdpe\/","title":{"rendered":"Parawan Balkonowy Czarny 90X500cm Hdpe"},"content":{"rendered":"<p>Parawan wykonany z HDPE zapewni prywatno\u015b\u0107 w czasie relaksu i opalania si\u0119 na balkonie.Ten parawan balkonowy, wykonany z HDPE (polietylenu o du\u017cej g\u0119sto\u015bci), jest odporny na ple\u015b\u0144 i promieniowanie UV. Specjalna, \u201eotwarta\u201d struktura tkaniny przepuszcza wiatr, dzi\u0119ki czemu na balkonie zawsze mo\u017cesz cieszy\u0107 si\u0119 \u015bwie\u017cym powietrzem. Os\u0142on\u0119 mo\u017cna \u0142atwo przymocowa\u0107 do balkonu za pomoc\u0105 aluminiowych oczek i do\u0142\u0105czonej linki.Kolor: czarny Materia\u0142: 100% HDPE (polietylen o du\u017cej g\u0119sto\u015bci) Wymiary: 90 x 500 cm (d\u0142. x szer.)Gramatura tkaniny: 160 g\/m\u00b2Przepuszcza wod\u0119 i wiatr Oddychaj\u0105cy, odporny na ple\u015b\u0144 i promienie UV materia\u0142 HDPE Aluminiowe oczkaDo\u0142\u0105czona linka PE o d\u0142ugo\u015bci 24 mWymagany monta\u017c: nie<\/p>\n<h2>Parawan Balkonowy Czarny 90X500cm Hdpe Patio<\/h2>\n<p>gry planszowe dla nastolatk\u00f3w, felix net i nika oraz gang niewidzialnych ludzi pytania i odpowiedzi, zagadki na logik\u0119, prezenty na roczek dla dziewczynki, praktyczny prezent dla rocznego dziecka, maski do wydruku, bajki dla dzieci na dobranoc, jaki prezent na roczek, najrzadsze imiona w polsce, imiona postaci z bajek, testy z zemsty, liwia, cytaty dla przyjaciela, pola imi\u0119, czytanki na dobranoc, ziemia wyspa zielona tekst<\/p>\n<p>yyyyy<\/p>\n<p>&nbsp;<\/p>\n","protected":false},"excerpt":{"rendered":"<p>Parawan wykonany z HDPE zapewni prywatno\u015b\u0107 w czasie relaksu i opalania si\u0119 na balkonie.Ten parawan balkonowy, wykonany z HDPE (polietylenu o du\u017cej g\u0119sto\u015bci), jest odporny na ple\u015b\u0144 i promieniowanie UV. Specjalna, \u201eotwarta\u201d struktura tkaniny przepuszcza wiatr, dzi\u0119ki czemu na balkonie zawsze mo\u017cesz cieszy\u0107 si\u0119 \u015bwie\u017cym powietrzem. Os\u0142on\u0119 mo\u017cna \u0142atwo przymocowa\u0107 do balkonu za pomoc\u0105 aluminiowych [&hellip;]<\/p>\n","protected":false},"featured_media":5972,"comment_status":"closed","ping_status":"open","template":"","meta":[],"product_cat":[1408,1399],"product_tag":[630,646,695,647,857,767],"class_list":["post-5971","product","type-product","status-publish","has-post-thumbnail","hentry","product_cat-parasole-ogrodowe","product_cat-patio","product_tag-podchwytliwe-zagadki-z-odpowiedziami","product_tag-prezent-na-pierwsze-urodziny","product_tag-rzadkie-imiona-zenskie","product_tag-warszawa-z-dzieckiem","product_tag-zagadki-dla-dzieci-7-8-lat","product_tag-zaproszenia-urodzinowe-do-druku"],"_links":{"self":[{"href":"http:\/\/klubmamgdynia.pl\/index.php\/wp-json\/wp\/v2\/product\/5971","targetHints":{"allow":["GET"]}}],"collection":[{"href":"http:\/\/klubmamgdynia.pl\/index.php\/wp-json\/wp\/v2\/product"}],"about":[{"href":"http:\/\/klubmamgdynia.pl\/index.php\/wp-json\/wp\/v2\/types\/product"}],"replies":[{"embeddable":true,"href":"http:\/\/klubmamgdynia.pl\/index.php\/wp-json\/wp\/v2\/comments?post=5971"}],"wp:featuredmedia":[{"embeddable":true,"href":"http:\/\/klubmamgdynia.pl\/index.php\/wp-json\/wp\/v2\/media\/5972"}],"wp:attachment":[{"href":"http:\/\/klubmamgdynia.pl\/index.php\/wp-json\/wp\/v2\/media?parent=5971"}],"wp:term":[{"taxonomy":"product_cat","embeddable":true,"href":"http:\/\/klubmamgdynia.pl\/index.php\/wp-json\/wp\/v2\/product_cat?post=5971"},{"taxonomy":"product_tag","embeddable":true,"href":"http:\/\/klubmamgdynia.pl\/index.php\/wp-json\/wp\/v2\/product_tag?post=5971"}],"curies":[{"name":"wp","href":"https:\/\/api.w.org\/{rel}","templated":true}]}}