{"id":5973,"date":"2023-02-10T12:38:10","date_gmt":"2023-02-10T11:38:10","guid":{"rendered":"http:\/\/klubmamgdynia.pl\/?post_type=product&#038;p=5973"},"modified":"2026-04-06T02:31:39","modified_gmt":"2026-04-06T00:31:39","slug":"norimpex-magiczna-zdrapka-obraz-zdrapywank-malowanie-zestaw-2","status":"publish","type":"product","link":"http:\/\/klubmamgdynia.pl\/index.php\/produkt\/norimpex-magiczna-zdrapka-obraz-zdrapywank-malowanie-zestaw-2\/","title":{"rendered":"Norimpex Magiczna Zdrapka Obraz Zdrapywank Malowanie Zestaw"},"content":{"rendered":"<p>Manualna zabawa, skierowana do kreatywnych os\u00f3b. Efektem s\u0105 \u015bliczne stylowe, srebrne obrazki na czarnym tle zadziwiaj\u0105ce detalami i p\u0142ynnie zmieniaj\u0105cymi si\u0119 kolorami. Dzieci z \u0142atwo\u015bci\u0105 pos\u0142u\u017c\u0105 si\u0119 do\u0142\u0105czonym rysikiem i po naniesionych na czarnym filmie konturem zdrapywa\u0107 b\u0119d\u0105 kreski tworz\u0105c zmy\u015blne kszta\u0142ty.W zestawie:- tekturka z wst\u0119pnie naniesionym obrazkiem do zdrapania 20,3 x 25,4 cm,- rysik,Wymiary opakowania: 42 x 30 cm,Wiek:6+&#8230;<\/p>\n<h2>Norimpex Magiczna Zdrapka Obraz Zdrapywank Malowanie Zestaw Norimpex<\/h2>\n<p>zabawy urodzinowe dla dzieci, fajne \u017carty na prima aprilis, warszawa atrakcje dla dzieci, kr\u00f3tkie bajki dla dzieci do czytania, mamo mamusiu pusto w mym brzusiu tekst, choinko pi\u0119kna jak las tekst, marcelina imi\u0119, spiderman do druku, uk\u0142ad s\u0142oneczny dla dzieci, piosenki dla dzieci tekst, pomys\u0142y na prezent dla nastolatki, pawe\u0142<\/p>\n<p>yyyyy<\/p>\n<p>&nbsp;<\/p>\n","protected":false},"excerpt":{"rendered":"<p>Manualna zabawa, skierowana do kreatywnych os\u00f3b. Efektem s\u0105 \u015bliczne stylowe, srebrne obrazki na czarnym tle zadziwiaj\u0105ce detalami i p\u0142ynnie zmieniaj\u0105cymi si\u0119 kolorami. Dzieci z \u0142atwo\u015bci\u0105 pos\u0142u\u017c\u0105 si\u0119 do\u0142\u0105czonym rysikiem i po naniesionych na czarnym filmie konturem zdrapywa\u0107 b\u0119d\u0105 kreski tworz\u0105c zmy\u015blne kszta\u0142ty.W zestawie:- tekturka z wst\u0119pnie naniesionym obrazkiem do zdrapania 20,3 x 25,4 cm,- rysik,Wymiary [&hellip;]<\/p>\n","protected":false},"featured_media":5974,"comment_status":"closed","ping_status":"open","template":"","meta":[],"product_cat":[554,21],"product_tag":[666,871,759],"class_list":["post-5973","product","type-product","status-publish","has-post-thumbnail","hentry","product_cat-norimpex","product_cat-zabawki-plastyczne","product_tag-afrykanskie-imiona","product_tag-bajka-o-smoku-wawelskim","product_tag-pomysly-na-prezent-dla-nastolatkow"],"_links":{"self":[{"href":"http:\/\/klubmamgdynia.pl\/index.php\/wp-json\/wp\/v2\/product\/5973","targetHints":{"allow":["GET"]}}],"collection":[{"href":"http:\/\/klubmamgdynia.pl\/index.php\/wp-json\/wp\/v2\/product"}],"about":[{"href":"http:\/\/klubmamgdynia.pl\/index.php\/wp-json\/wp\/v2\/types\/product"}],"replies":[{"embeddable":true,"href":"http:\/\/klubmamgdynia.pl\/index.php\/wp-json\/wp\/v2\/comments?post=5973"}],"wp:featuredmedia":[{"embeddable":true,"href":"http:\/\/klubmamgdynia.pl\/index.php\/wp-json\/wp\/v2\/media\/5974"}],"wp:attachment":[{"href":"http:\/\/klubmamgdynia.pl\/index.php\/wp-json\/wp\/v2\/media?parent=5973"}],"wp:term":[{"taxonomy":"product_cat","embeddable":true,"href":"http:\/\/klubmamgdynia.pl\/index.php\/wp-json\/wp\/v2\/product_cat?post=5973"},{"taxonomy":"product_tag","embeddable":true,"href":"http:\/\/klubmamgdynia.pl\/index.php\/wp-json\/wp\/v2\/product_tag?post=5973"}],"curies":[{"name":"wp","href":"https:\/\/api.w.org\/{rel}","templated":true}]}}