{"id":5977,"date":"2018-12-31T02:58:29","date_gmt":"2018-12-31T01:58:29","guid":{"rendered":"http:\/\/klubmamgdynia.pl\/index.php\/produkt\/winning-moves-whot-rick-and-morty\/"},"modified":"2026-04-03T12:17:04","modified_gmt":"2026-04-03T10:17:04","slug":"winning-moves-whot-rick-and-morty","status":"publish","type":"product","link":"http:\/\/klubmamgdynia.pl\/index.php\/produkt\/winning-moves-whot-rick-and-morty\/","title":{"rendered":"Winning Moves Whot! Rick And Morty"},"content":{"rendered":"<p>Jak gra\u0107 w WHOT!? Celem gry jest pozbycie si\u0119 wszystkich kart, dopasowuj\u0105c od siebie symbole lub numery. Przed rozpocz\u0119ciem gry potasuj tali\u0119 i rozdaj ka\u017cdemu graczowi po 6 kart. Z pozosta\u0142ych utw\u00f3rz zakryty stos dobierania. Ods\u0142o\u0144 pierwsz\u0105 kart\u0119 ze stosu i po\u0142\u00f3\u017c na \u015brodku. Od teraz to stos dopasowania. Pierwszy z graczy musi do\u0142o\u017cy\u0107 do stosu dopasowania kart\u0119 z takim samym symbolem lub numerem. Wyj\u0105tkiem jest karta WHOT!, kt\u00f3ra zast\u0119puje dowolny symbol lub numer. Je\u015bli gracz nie mo\u017ce dopasowa\u0107 \u017cadnej z kart, pobiera now\u0105 kart\u0119 ze stosu dobierania. Wygrywa osoba, kt\u00f3ra jako pierwsza pozb\u0119dzie si\u0119 wszystkich kart. Zawarto\u015b\u0107 pude\u0142ka: 53 karty z symbolami. Instrukcja. Notes z punktacj\u0105. NAZWA WHOT! RICK AND MORTY PRODUCENT WINNING MOVES WIEK 16+ EAN 5036905049122 Znajd\u017a podobne wed\u0142ug klucza: WINNING_MOVES (495520)<\/p>\n<h2>Winning Moves Whot! Rick And Morty WINNING MOVES<\/h2>\n<p>maska karnawa\u0142owa pdf, krok jak narysowa\u0107 konia, kolorowanki do wydruku, zyczenia walentynkowe dla dzieci, prezent na roczek od babci, co oznacza jordan, co kupi\u0107 nastolatkowi, zagadki o zawodach, jan pawe\u0142 2 rysunek \u0142atwy dla dzieci, nauka j\u0119zyka polskiego dla dzieci z ukrainy materia\u0142y, zagadki na inteligencj\u0119, planety do druku dla dzieci<\/p>\n<p>yyyyy<\/p>\n<p>&nbsp;<\/p>\n","protected":false},"excerpt":{"rendered":"<p>Jak gra\u0107 w WHOT!? Celem gry jest pozbycie si\u0119 wszystkich kart, dopasowuj\u0105c od siebie symbole lub numery. Przed rozpocz\u0119ciem gry potasuj tali\u0119 i rozdaj ka\u017cdemu graczowi po 6 kart. Z pozosta\u0142ych utw\u00f3rz zakryty stos dobierania. Ods\u0142o\u0144 pierwsz\u0105 kart\u0119 ze stosu i po\u0142\u00f3\u017c na \u015brodku. Od teraz to stos dopasowania. Pierwszy z graczy musi do\u0142o\u017cy\u0107 do [&hellip;]<\/p>\n","protected":false},"featured_media":5978,"comment_status":"closed","ping_status":"open","template":"","meta":[],"product_cat":[220,226],"product_tag":[730,584,606,850,581,849,873],"class_list":["post-5977","product","type-product","status-publish","has-post-thumbnail","hentry","product_cat-gry-karciane","product_cat-winning-moves","product_tag-karyna","product_tag-liwia","product_tag-stala-pod-sniegiem","product_tag-wroclaw-atrakcje-dla-dzieci","product_tag-zagadki-dla-8-latka","product_tag-zagadki-matematyczne-dla-dzieci","product_tag-zagadki-z-odpowiedziami-dla-dzieci"],"_links":{"self":[{"href":"http:\/\/klubmamgdynia.pl\/index.php\/wp-json\/wp\/v2\/product\/5977","targetHints":{"allow":["GET"]}}],"collection":[{"href":"http:\/\/klubmamgdynia.pl\/index.php\/wp-json\/wp\/v2\/product"}],"about":[{"href":"http:\/\/klubmamgdynia.pl\/index.php\/wp-json\/wp\/v2\/types\/product"}],"replies":[{"embeddable":true,"href":"http:\/\/klubmamgdynia.pl\/index.php\/wp-json\/wp\/v2\/comments?post=5977"}],"wp:featuredmedia":[{"embeddable":true,"href":"http:\/\/klubmamgdynia.pl\/index.php\/wp-json\/wp\/v2\/media\/5978"}],"wp:attachment":[{"href":"http:\/\/klubmamgdynia.pl\/index.php\/wp-json\/wp\/v2\/media?parent=5977"}],"wp:term":[{"taxonomy":"product_cat","embeddable":true,"href":"http:\/\/klubmamgdynia.pl\/index.php\/wp-json\/wp\/v2\/product_cat?post=5977"},{"taxonomy":"product_tag","embeddable":true,"href":"http:\/\/klubmamgdynia.pl\/index.php\/wp-json\/wp\/v2\/product_tag?post=5977"}],"curies":[{"name":"wp","href":"https:\/\/api.w.org\/{rel}","templated":true}]}}