{"id":5981,"date":"2015-01-25T08:14:14","date_gmt":"2015-01-25T07:14:14","guid":{"rendered":"http:\/\/klubmamgdynia.pl\/index.php\/produkt\/zestaw-artystyczny-48-elementow-dla-dzieci\/"},"modified":"2026-04-30T02:59:11","modified_gmt":"2026-04-30T00:59:11","slug":"zestaw-artystyczny-48-elementow-dla-dzieci","status":"publish","type":"product","link":"http:\/\/klubmamgdynia.pl\/index.php\/produkt\/zestaw-artystyczny-48-elementow-dla-dzieci\/","title":{"rendered":"Zestaw Artystyczny 48 Element\u00f3w Dla Dzieci"},"content":{"rendered":"<p>ZESTAW ARTYSTYCZNY 48 ELEMENT\u00d3W DLA DZIECIZestaw artystyczny dla ma\u0142ego mi\u0142o\u015bnika rysunku sk\u0142ada si\u0119 a\u017c z 48 element\u00f3w.Wszystkie elementy zamkni\u0119te s\u0105 w praktycznym opakowaniu , co u\u0142atwi przechowywanie.W zestawie znajduje:12x kredki12x kredki woskowe6x pisak\u00f3w12x farbek1x p\u0119dzelek1x gumka do mazania1x strugaczka1x klejWszystkie kredki oraz flamastry rysuj\u0105 w \u017cywych, pi\u0119knych kolorach co zach\u0119ci dziecko do rozwijania wyobra\u017ani oraz kreatywno\u015bci.DOST\u0118PNE KOLORY:NIEBIESKI WZ\u00d3R 2R\u00d3\u017bOWY WZ\u00d3R 1W RAZIE NIE PODANIA KOLORU WY\u015aLEMY KOLOR LOSOWY!!!PROSIMY O WPISANIE W WIADOMO\u015aCI PRZY ZAM\u00d3WIENIU<\/p>\n<h2>Zestaw Artystyczny 48 Element\u00f3w Dla Dzieci <\/h2>\n<p>znaczenie imiona dawid, piosenka kiedy babcia by\u0142a ma\u0142a tekst, opisy do zdj\u0119\u0107 dziecka, minecraft kolorowanki<\/p>\n<p>yyyyy<\/p>\n<p>&nbsp;<\/p>\n","protected":false},"excerpt":{"rendered":"<p>ZESTAW ARTYSTYCZNY 48 ELEMENT\u00d3W DLA DZIECIZestaw artystyczny dla ma\u0142ego mi\u0142o\u015bnika rysunku sk\u0142ada si\u0119 a\u017c z 48 element\u00f3w.Wszystkie elementy zamkni\u0119te s\u0105 w praktycznym opakowaniu , co u\u0142atwi przechowywanie.W zestawie znajduje:12x kredki12x kredki woskowe6x pisak\u00f3w12x farbek1x p\u0119dzelek1x gumka do mazania1x strugaczka1x klejWszystkie kredki oraz flamastry rysuj\u0105 w \u017cywych, pi\u0119knych kolorach co zach\u0119ci dziecko do rozwijania wyobra\u017ani oraz [&hellip;]<\/p>\n","protected":false},"featured_media":5982,"comment_status":"closed","ping_status":"open","template":"","meta":[],"product_cat":[297],"product_tag":[664,684,633],"class_list":["post-5981","product","type-product","status-publish","has-post-thumbnail","hentry","product_cat-szkolne-artykuly-plastyczne","product_tag-atrakcje-dla-dzieci-trojmiasto","product_tag-prezent-dla-dziewczynki-na-roczek","product_tag-zagadki-z-odpowiedziami"],"_links":{"self":[{"href":"http:\/\/klubmamgdynia.pl\/index.php\/wp-json\/wp\/v2\/product\/5981","targetHints":{"allow":["GET"]}}],"collection":[{"href":"http:\/\/klubmamgdynia.pl\/index.php\/wp-json\/wp\/v2\/product"}],"about":[{"href":"http:\/\/klubmamgdynia.pl\/index.php\/wp-json\/wp\/v2\/types\/product"}],"replies":[{"embeddable":true,"href":"http:\/\/klubmamgdynia.pl\/index.php\/wp-json\/wp\/v2\/comments?post=5981"}],"wp:featuredmedia":[{"embeddable":true,"href":"http:\/\/klubmamgdynia.pl\/index.php\/wp-json\/wp\/v2\/media\/5982"}],"wp:attachment":[{"href":"http:\/\/klubmamgdynia.pl\/index.php\/wp-json\/wp\/v2\/media?parent=5981"}],"wp:term":[{"taxonomy":"product_cat","embeddable":true,"href":"http:\/\/klubmamgdynia.pl\/index.php\/wp-json\/wp\/v2\/product_cat?post=5981"},{"taxonomy":"product_tag","embeddable":true,"href":"http:\/\/klubmamgdynia.pl\/index.php\/wp-json\/wp\/v2\/product_tag?post=5981"}],"curies":[{"name":"wp","href":"https:\/\/api.w.org\/{rel}","templated":true}]}}