{"id":5983,"date":"2024-11-04T17:52:39","date_gmt":"2024-11-04T16:52:39","guid":{"rendered":"http:\/\/klubmamgdynia.pl\/?post_type=product&#038;p=5983"},"modified":"2026-04-29T03:01:19","modified_gmt":"2026-04-29T01:01:19","slug":"winning-moves-waddingtons-marvel-universe","status":"publish","type":"product","link":"http:\/\/klubmamgdynia.pl\/index.php\/produkt\/winning-moves-waddingtons-marvel-universe\/","title":{"rendered":"Winning Moves Waddingtons Marvel Universe"},"content":{"rendered":"<p>Talia kart do gry zilustrowana postaciami z komiks\u00f3w DC w wersji Retro m. in.:Hawkeye,Thor,Captain America,Ironman,Gommora, Hulk, Spiderman, Starlord, Black Widow, Thanos, Loki, Venom, Ultroni wiele innych.Karty s\u0105 sygnowane Superior Quality, co oznacza najwy\u017csz\u0105 jako\u015b\u0107 gwarantowana przez brytyjsk\u0105 mark\u0119 Waddingtons, obecn\u0105 na rynku od 1905 roku.Niezb\u0119dne do gier w pokera, wojn\u0119, makao, pasjansa i wiele, wiele innych.Wyprodukowane w Polsce.ZAWARTO\u015a\u0106:Talia kartWIEK:3+WYMIARY:opakowania: 9,5 x 6 x 2 cmUWAGI:Nieodpowiednie dla dzieci poni\u017cej 3 lat. Ryzyko zad\u0142awienia.<\/p>\n<h2>Winning Moves Waddingtons Marvel Universe WINNING MOVES<\/h2>\n<p>proste dekoracje bo\u017conarodzeniowe dla dzieci, nauka zegara do druku, najpi\u0119kniejsze piosenki \u015bwi\u0105teczne dla dzieci, kanapki dla dzieci, rysunek kota, kolorowanki wakacje, test z lektury dzieci z bullerbyn, atrakcje dla nastolatk\u00f3w, wiersze o wio\u015bnie jana brzechwy, maska iron man, \u0142amig\u0142\u00f3wki matematyczne, lol kolorowanki do druku, aurelia imi\u0119, \u0142amig\u0142\u00f3wki dla dzieci, ozdoby wielkanocne kt\u00f3re mog\u0105 zrobi\u0107 dzieci, glupie zagadki, maski do druku kolorowe, leonardo imi\u0119, kolorowanka prezent, zemsta quizy<\/p>\n<p>yyyyy<\/p>\n<p>&nbsp;<\/p>\n","protected":false},"excerpt":{"rendered":"<p>Talia kart do gry zilustrowana postaciami z komiks\u00f3w DC w wersji Retro m. in.:Hawkeye,Thor,Captain America,Ironman,Gommora, Hulk, Spiderman, Starlord, Black Widow, Thanos, Loki, Venom, Ultroni wiele innych.Karty s\u0105 sygnowane Superior Quality, co oznacza najwy\u017csz\u0105 jako\u015b\u0107 gwarantowana przez brytyjsk\u0105 mark\u0119 Waddingtons, obecn\u0105 na rynku od 1905 roku.Niezb\u0119dne do gier w pokera, wojn\u0119, makao, pasjansa i wiele, wiele [&hellip;]<\/p>\n","protected":false},"featured_media":5984,"comment_status":"closed","ping_status":"open","template":"","meta":[],"product_cat":[429,226],"product_tag":[831,766,867,742,704,809],"class_list":["post-5983","product","type-product","status-publish","has-post-thumbnail","hentry","product_cat-gry-hazardowe","product_cat-winning-moves","product_tag-bruno","product_tag-kira","product_tag-kolorowanki-dla-dziewczynek","product_tag-piosenki-dla-dzieci-tekst","product_tag-prezent-dla-nastolatka","product_tag-zagadki"],"_links":{"self":[{"href":"http:\/\/klubmamgdynia.pl\/index.php\/wp-json\/wp\/v2\/product\/5983","targetHints":{"allow":["GET"]}}],"collection":[{"href":"http:\/\/klubmamgdynia.pl\/index.php\/wp-json\/wp\/v2\/product"}],"about":[{"href":"http:\/\/klubmamgdynia.pl\/index.php\/wp-json\/wp\/v2\/types\/product"}],"replies":[{"embeddable":true,"href":"http:\/\/klubmamgdynia.pl\/index.php\/wp-json\/wp\/v2\/comments?post=5983"}],"wp:featuredmedia":[{"embeddable":true,"href":"http:\/\/klubmamgdynia.pl\/index.php\/wp-json\/wp\/v2\/media\/5984"}],"wp:attachment":[{"href":"http:\/\/klubmamgdynia.pl\/index.php\/wp-json\/wp\/v2\/media?parent=5983"}],"wp:term":[{"taxonomy":"product_cat","embeddable":true,"href":"http:\/\/klubmamgdynia.pl\/index.php\/wp-json\/wp\/v2\/product_cat?post=5983"},{"taxonomy":"product_tag","embeddable":true,"href":"http:\/\/klubmamgdynia.pl\/index.php\/wp-json\/wp\/v2\/product_tag?post=5983"}],"curies":[{"name":"wp","href":"https:\/\/api.w.org\/{rel}","templated":true}]}}