{"id":5985,"date":"2015-06-25T01:30:58","date_gmt":"2015-06-24T23:30:58","guid":{"rendered":"http:\/\/klubmamgdynia.pl\/index.php\/produkt\/creative-artist-zestaw-malarski-dla-dziecisztaluga-farby-pedzle\/"},"modified":"2026-04-06T02:14:34","modified_gmt":"2026-04-06T00:14:34","slug":"creative-artist-zestaw-malarski-dla-dziecisztaluga-farby-pedzle","status":"publish","type":"product","link":"http:\/\/klubmamgdynia.pl\/index.php\/produkt\/creative-artist-zestaw-malarski-dla-dziecisztaluga-farby-pedzle\/","title":{"rendered":"Creative Artist Zestaw Malarski Dla Dziecisztaluga Farby P\u0119dzle"},"content":{"rendered":"<p>Zestaw Malarski Artystyczny:\u2705 Sztaluga drewniana 50cm\u2705 P\u0142\u00f3tno Malarskie podobrazie na ramie 30x40cm &#8211; 1szt\u2705 Zestaw p\u0119dzli &#8211; 9 szt\u2705 Farby Akrylowe 12x12ml\u2705 Paletka PlastikowaSztaluga Malarska\u2705 wysoko\u015b\u0107: 50cm\u2705 szeroko\u015b\u0107: 25 cm\u2705 maksymalna wysoko\u015b\u0107 do zamocowania p\u0142\u00f3tna: 42 cm\u2705 materia\u0142 wykonania: drewno sosnowe\u2705 drewno z certyfikatem FSC\u2705 idealna zar\u00f3wno dla dzieci, jak i profesjonalist\u00f3wP\u0142\u00f3tno malarskie podobrazie na ramie\u2705 ilo\u015b\u0107: 1 sztuka\u2705 materia\u0142: 100 % bawe\u0142na!\u2705 wymiary: 30 cm x 40 x cm\u2705 gramatura: 290 g\/m2\u2705 do wszystkich rodzaj\u00f3w farb\u2705 trzykrotnie gruntowane, dzi\u0119ki czemu pod\u0142o\u017ce b\u0119dzie mniej ch\u0142onne\u2705 p\u0142\u00f3tno naci\u0105gni\u0119te na drewnian\u0105 ram\u0119\u2705 grubo\u015b\u0107 ramy: oko\u0142o 1.5cm\u2705 zabezpieczone przezroczyst\u0105 foli\u0105Zestaw Farb Akrylowych\u2705 12 sztuk\u2705 12 ml pojemno\u015bci ka\u017cda\u2705 w wygodnych do u\u017cytkowania, zakr\u0119canych tubkach\u2705 do stosowania na p\u0142\u00f3tnie, blokach, papierze\u2705 dobre krycie i wydajno\u015b\u0107\u2705 du\u017ca zawarto\u015b\u0107 pigmentu\u2705 ca\u0142o\u015b\u0107 w plastikowym pude\u0142ku u\u0142atwiaj\u0105cym przechowywanie\u2705 wymiary pude\u0142ka : 22 cm x 10 cm x 1,8 cmPaletka malarska\u2705 materia\u0142 wykonania: plastik\u2705 kolor: bia\u0142y\u2705 wymiary: 23cm x 17cm\u2705 ilo\u015b\u0107 kom\u00f3r na farby: 10\u2705 z otworem na kciuk do wygodniejszego trzymania\u2705 wygodniejsza w myciu ni\u017c standardowe palety drewnianePaletka posiada wyci\u0119cie na kciuk, kt\u00f3re pozwoli wygodnie j\u0105 trzyma\u0107 i malowa\u0107 w ka\u017cdej pozycji oraz miejscu.Zestaw p\u0119dzli\u2705 ilo\u015b\u0107: 9 sztuk2 p\u0119dzle g\u0105bkowe okr\u0105g\u0142e do tapowania1 p\u0119dzel g\u0105bkowy prostok\u0105tny4 p\u0119dzelki okr\u0105g\u0142e g\u0142\u00f3wnie do farb wodnych2 p\u0119dzle z wi\u0119ksz\u0105 r\u0105czk\u0105 i d\u0142u\u017cszym w\u0142osiem uniwersalne\u2705 idealne do prac szkolnych, artystycznych oraz domowych\u2705 szeroki wyb\u00f3r p\u0119dzli w zestawie umo\u017cliwia prace z ka\u017cdym rodzajem farb<\/p>\n<h2>Creative Artist Zestaw Malarski Dla Dziecisztaluga Farby P\u0119dzle <\/h2>\n<p>kr\u00f3tkie \u017cyczenia wielkanocne dla dzieci, jak narysowa\u0107 koty, zima z\u0142a tekst, pomysly na prezent na roczek<\/p>\n<p>yyyyy<\/p>\n<p>&nbsp;<\/p>\n","protected":false},"excerpt":{"rendered":"<p>Zestaw Malarski Artystyczny:\u2705 Sztaluga drewniana 50cm\u2705 P\u0142\u00f3tno Malarskie podobrazie na ramie 30x40cm &#8211; 1szt\u2705 Zestaw p\u0119dzli &#8211; 9 szt\u2705 Farby Akrylowe 12x12ml\u2705 Paletka PlastikowaSztaluga Malarska\u2705 wysoko\u015b\u0107: 50cm\u2705 szeroko\u015b\u0107: 25 cm\u2705 maksymalna wysoko\u015b\u0107 do zamocowania p\u0142\u00f3tna: 42 cm\u2705 materia\u0142 wykonania: drewno sosnowe\u2705 drewno z certyfikatem FSC\u2705 idealna zar\u00f3wno dla dzieci, jak i profesjonalist\u00f3wP\u0142\u00f3tno malarskie podobrazie na [&hellip;]<\/p>\n","protected":false},"featured_media":5986,"comment_status":"closed","ping_status":"open","template":"","meta":[],"product_cat":[297],"product_tag":[646,625,762],"class_list":["post-5985","product","type-product","status-publish","has-post-thumbnail","hentry","product_cat-szkolne-artykuly-plastyczne","product_tag-prezent-na-pierwsze-urodziny","product_tag-trojmiasto-atrakcje-dla-dzieci","product_tag-trudne-zagadki-dla-dzieci"],"_links":{"self":[{"href":"http:\/\/klubmamgdynia.pl\/index.php\/wp-json\/wp\/v2\/product\/5985","targetHints":{"allow":["GET"]}}],"collection":[{"href":"http:\/\/klubmamgdynia.pl\/index.php\/wp-json\/wp\/v2\/product"}],"about":[{"href":"http:\/\/klubmamgdynia.pl\/index.php\/wp-json\/wp\/v2\/types\/product"}],"replies":[{"embeddable":true,"href":"http:\/\/klubmamgdynia.pl\/index.php\/wp-json\/wp\/v2\/comments?post=5985"}],"wp:featuredmedia":[{"embeddable":true,"href":"http:\/\/klubmamgdynia.pl\/index.php\/wp-json\/wp\/v2\/media\/5986"}],"wp:attachment":[{"href":"http:\/\/klubmamgdynia.pl\/index.php\/wp-json\/wp\/v2\/media?parent=5985"}],"wp:term":[{"taxonomy":"product_cat","embeddable":true,"href":"http:\/\/klubmamgdynia.pl\/index.php\/wp-json\/wp\/v2\/product_cat?post=5985"},{"taxonomy":"product_tag","embeddable":true,"href":"http:\/\/klubmamgdynia.pl\/index.php\/wp-json\/wp\/v2\/product_tag?post=5985"}],"curies":[{"name":"wp","href":"https:\/\/api.w.org\/{rel}","templated":true}]}}