{"id":5987,"date":"2018-03-01T00:57:11","date_gmt":"2018-02-28T23:57:11","guid":{"rendered":"http:\/\/klubmamgdynia.pl\/index.php\/produkt\/ciastolina-salon-fryzjerski-w-walizce\/"},"modified":"2026-04-03T20:03:54","modified_gmt":"2026-04-03T18:03:54","slug":"ciastolina-salon-fryzjerski-w-walizce","status":"publish","type":"product","link":"http:\/\/klubmamgdynia.pl\/index.php\/produkt\/ciastolina-salon-fryzjerski-w-walizce\/","title":{"rendered":"Ciastolina Salon Fryzjerski w Walizce"},"content":{"rendered":"<p>Walizka z 27 akcesoriami zadowoli nie jedn\u0105 dziewczynk\u0119.Taki zestaw rozwija wyobra\u017cnie i kreatywno\u015b\u0107.Zestaw zawiera 27 element\u00f3w:-skrzynk\u0119 z r\u0105czk\u0105-2 figurki klient\u00f3w-dodatki fryzjerskie-no\u017cyczki-lustro-naklejkiWymiary opakowania: 24 x 23 x 10 cmWiek:3+&#8230;<\/p>\n<h2>Ciastolina Salon Fryzjerski w Walizce Norimpex<\/h2>\n<p>kwiaty polne nazwy i zdj\u0119cia, mira imie, kolorowanka flamingi, m.i.a., kr\u00f3tkie bajki do czytania, zagadki dla dzieci 4-5 lat, maska kota<\/p>\n<p>yyyyy<\/p>\n<p>&nbsp;<\/p>\n","protected":false},"excerpt":{"rendered":"<p>Walizka z 27 akcesoriami zadowoli nie jedn\u0105 dziewczynk\u0119.Taki zestaw rozwija wyobra\u017cnie i kreatywno\u015b\u0107.Zestaw zawiera 27 element\u00f3w:-skrzynk\u0119 z r\u0105czk\u0105-2 figurki klient\u00f3w-dodatki fryzjerskie-no\u017cyczki-lustro-naklejkiWymiary opakowania: 24 x 23 x 10 cmWiek:3+&#8230; Ciastolina Salon Fryzjerski w Walizce Norimpex kwiaty polne nazwy i zdj\u0119cia, mira imie, kolorowanka flamingi, m.i.a., kr\u00f3tkie bajki do czytania, zagadki dla dzieci 4-5 lat, maska kota [&hellip;]<\/p>\n","protected":false},"featured_media":5988,"comment_status":"closed","ping_status":"open","template":"","meta":[],"product_cat":[554,21],"product_tag":[669,699,586],"class_list":["post-5987","product","type-product","status-publish","has-post-thumbnail","hentry","product_cat-norimpex","product_cat-zabawki-plastyczne","product_tag-kolorowanki","product_tag-kolorowanki-do-druku-dla-dziewczyn","product_tag-smieszne-zagadki"],"_links":{"self":[{"href":"http:\/\/klubmamgdynia.pl\/index.php\/wp-json\/wp\/v2\/product\/5987","targetHints":{"allow":["GET"]}}],"collection":[{"href":"http:\/\/klubmamgdynia.pl\/index.php\/wp-json\/wp\/v2\/product"}],"about":[{"href":"http:\/\/klubmamgdynia.pl\/index.php\/wp-json\/wp\/v2\/types\/product"}],"replies":[{"embeddable":true,"href":"http:\/\/klubmamgdynia.pl\/index.php\/wp-json\/wp\/v2\/comments?post=5987"}],"wp:featuredmedia":[{"embeddable":true,"href":"http:\/\/klubmamgdynia.pl\/index.php\/wp-json\/wp\/v2\/media\/5988"}],"wp:attachment":[{"href":"http:\/\/klubmamgdynia.pl\/index.php\/wp-json\/wp\/v2\/media?parent=5987"}],"wp:term":[{"taxonomy":"product_cat","embeddable":true,"href":"http:\/\/klubmamgdynia.pl\/index.php\/wp-json\/wp\/v2\/product_cat?post=5987"},{"taxonomy":"product_tag","embeddable":true,"href":"http:\/\/klubmamgdynia.pl\/index.php\/wp-json\/wp\/v2\/product_tag?post=5987"}],"curies":[{"name":"wp","href":"https:\/\/api.w.org\/{rel}","templated":true}]}}