{"id":5989,"date":"2019-02-04T18:23:29","date_gmt":"2019-02-04T17:23:29","guid":{"rendered":"http:\/\/klubmamgdynia.pl\/index.php\/produkt\/smily-play-dogonie-cie-biedroneczko\/"},"modified":"2026-04-06T15:58:13","modified_gmt":"2026-04-06T13:58:13","slug":"smily-play-dogonie-cie-biedroneczko","status":"publish","type":"product","link":"http:\/\/klubmamgdynia.pl\/index.php\/produkt\/smily-play-dogonie-cie-biedroneczko\/","title":{"rendered":"Smily Play Dogoni\u0119 Ci\u0119 Biedroneczko"},"content":{"rendered":"<p>Dzieci uwielbiaj\u0105 zwierzaczki.Ze zwierz\u0105tkiem mo\u017cna si\u0119 zaprzyja\u017ani\u0107.Biedronka jest wykonana z wysokiej jako\u015bci plastiku.Ma \u015bliczne \u017cywe kolory, u\u015bmiechni\u0119t\u0105 buzi\u0119, nap\u0119d oraz du\u017co atrakcji na swoich n\u00f3\u017ckach.Kiedy naci\u015bniemy na jej czerwon\u0105 skorupk\u0119 i pu\u015bcimy, to biedroneczka zacznie ucieka\u0107.Dziecko goni\u0105c j\u0105 nauczy si\u0119 szybko i \u0142adnie raczkowa\u0107, co w rezultacie mo\u017ce si\u0119 przyczyni\u0107 do szybszej nauki chodzenia.ZAWARTO\u015a\u0106: Biedroneczka ma 6 n\u00f3\u017cek a na ka\u017cdej inn\u0105 atrakcj\u0119:Prawa przednia n\u00f3\u017cka &#8211; ma bia\u0142y przycisk z \u0142ososiow\u0105 gwiazdk\u0105 po naci\u015bni\u0119ciu, kt\u00f3rego biedroneczka gra weso\u0142e melodyjki.N\u00f3\u017cki po bokach maj\u0105 zawieszone grzechotki w r\u00f3\u017cnych kszta\u0142tach i kolorach, kt\u00f3re dziecko mo\u017ce szturcha\u0107 i obraca\u0107.Tylna prawa n\u00f3\u017cka &#8211; ma obracan\u0105 kulk\u0119 z nutkami i kwiatuszkami.Przednia lewa n\u00f3\u017cka &#8211; ma obracany kwiatuszek ze spiralk\u0105, kt\u00f3ry kiedy nim kr\u0119cimy wydaje klekocz\u0105cy d\u017awi\u0119k.Tylna lewa n\u00f3\u017cka -ma przezroczysta grzechotk\u0119 z kolorowymi kulkami w \u015brodku.WIEK:6m+WYMIARY:wymiary opakowania: 20 x 17 x 10,5 cmwymiary zabawki: 17,5 x 14 x 8 cmZASILANIE:2 paluszki AAA &#8211; za\u0142\u0105czone baterie testoweInstrukcja u\u017cywania baterii zamieszczona w regulaminieUWAGI:Kolory i zawarto\u015b\u0107 mog\u0105 r\u00f3\u017cni\u0107 si\u0119 od zdj\u0119\u0107 na opakowaniu.Opakowanie nie jest zabawk\u0105. Trzeba je zdj\u0105\u0107 przed podaniem zabawki dziecku.Nale\u017cy zachowa\u0107 opakowanie w celu p\u00f3\u017aniejszej konsultacji, gdy\u017c zawiera wa\u017cne informacje.<\/p>\n<h2>Smily Play Dogoni\u0119 Ci\u0119 Biedroneczko Smily Play<\/h2>\n<p>quizy o koniach, bajka o kreciku, bajki terapeutyczne o emocjach, quizy znaki drogowe, imie iwo, proste dekoracje \u015bwi\u0105teczne dla dzieci<\/p>\n<p>yyyyy<\/p>\n<p>&nbsp;<\/p>\n","protected":false},"excerpt":{"rendered":"<p>Dzieci uwielbiaj\u0105 zwierzaczki.Ze zwierz\u0105tkiem mo\u017cna si\u0119 zaprzyja\u017ani\u0107.Biedronka jest wykonana z wysokiej jako\u015bci plastiku.Ma \u015bliczne \u017cywe kolory, u\u015bmiechni\u0119t\u0105 buzi\u0119, nap\u0119d oraz du\u017co atrakcji na swoich n\u00f3\u017ckach.Kiedy naci\u015bniemy na jej czerwon\u0105 skorupk\u0119 i pu\u015bcimy, to biedroneczka zacznie ucieka\u0107.Dziecko goni\u0105c j\u0105 nauczy si\u0119 szybko i \u0142adnie raczkowa\u0107, co w rezultacie mo\u017ce si\u0119 przyczyni\u0107 do szybszej nauki chodzenia.ZAWARTO\u015a\u0106: Biedroneczka [&hellip;]<\/p>\n","protected":false},"featured_media":5990,"comment_status":"closed","ping_status":"open","template":"","meta":[],"product_cat":[963,62],"product_tag":[656,812,721],"class_list":["post-5989","product","type-product","status-publish","has-post-thumbnail","hentry","product_cat-pozostale-zabawki-dla-niemowlat","product_cat-smily-play","product_tag-kolorowanki-lol","product_tag-zagadki-logiczne-na-inteligencje","product_tag-zagadki-matematyczne"],"_links":{"self":[{"href":"http:\/\/klubmamgdynia.pl\/index.php\/wp-json\/wp\/v2\/product\/5989","targetHints":{"allow":["GET"]}}],"collection":[{"href":"http:\/\/klubmamgdynia.pl\/index.php\/wp-json\/wp\/v2\/product"}],"about":[{"href":"http:\/\/klubmamgdynia.pl\/index.php\/wp-json\/wp\/v2\/types\/product"}],"replies":[{"embeddable":true,"href":"http:\/\/klubmamgdynia.pl\/index.php\/wp-json\/wp\/v2\/comments?post=5989"}],"wp:featuredmedia":[{"embeddable":true,"href":"http:\/\/klubmamgdynia.pl\/index.php\/wp-json\/wp\/v2\/media\/5990"}],"wp:attachment":[{"href":"http:\/\/klubmamgdynia.pl\/index.php\/wp-json\/wp\/v2\/media?parent=5989"}],"wp:term":[{"taxonomy":"product_cat","embeddable":true,"href":"http:\/\/klubmamgdynia.pl\/index.php\/wp-json\/wp\/v2\/product_cat?post=5989"},{"taxonomy":"product_tag","embeddable":true,"href":"http:\/\/klubmamgdynia.pl\/index.php\/wp-json\/wp\/v2\/product_tag?post=5989"}],"curies":[{"name":"wp","href":"https:\/\/api.w.org\/{rel}","templated":true}]}}