{"id":599,"date":"2023-09-08T21:38:34","date_gmt":"2023-09-08T19:38:34","guid":{"rendered":"http:\/\/klubmamgdynia.pl\/?post_type=product&#038;p=599"},"modified":"2026-04-19T03:58:31","modified_gmt":"2026-04-19T01:58:31","slug":"trefl-puzzle-mata-do-ukladania-puzzli-500-6000el-61440","status":"publish","type":"product","link":"http:\/\/klubmamgdynia.pl\/index.php\/produkt\/trefl-puzzle-mata-do-ukladania-puzzli-500-6000el-61440\/","title":{"rendered":"Trefl Puzzle Mata Do Uk\u0142adania Puzzli 500-6000el. 61440"},"content":{"rendered":"<p>Trefl Mata Do Uk\u0142adania Puzzli 500-6000El.Specjalna mata do puzzli pozwala uk\u0142ada\u0107 i przechowywa\u0107 nieuko\u0144czone uk\u0142adanki. Ramki na macie pasuj\u0105 do puzzli 500, 1000, 1500, 2000, 3000, 4000 i 6000 element\u00f3w, a tak\u017ce uk\u0142adanek panoramicznych 500 \u2013 1000 element\u00f3w. W sk\u0142ad zestawu wchodzi: tuba, mata do uk\u0142adania puzzli, 3 rzepy. Jak schowa\u0107 puzzle? Nic prostszego! Sk\u0142adamy tub\u0119, nawijamy na ni\u0105 mat\u0119 z puzzlami i spinamy rzepami tub\u0119 z mat\u0105.                            <\/p>\n<p>ZAWARTO\u015a\u0106 OPAKOWANIAtubamata do uk\u0142adania puzzli3 rzepy<\/p>\n<h2>Trefl Puzzle Mata Do Uk\u0142adania Puzzli 500-6000el. 61440 Trefl<\/h2>\n<p>fajne zagadki dla dzieci, samolot z papieru, zaj\u0119cia kulinarne dla dzieci pomys\u0142y, jacek, sara, quiz minecraft, literki, bajki dla niemowl\u0105t do czytania, halszka, adriana imi\u0119<\/p>\n<p>yyyyy<\/p>\n<p>&nbsp;<\/p>\n","protected":false},"excerpt":{"rendered":"<p>Trefl Mata Do Uk\u0142adania Puzzli 500-6000El.Specjalna mata do puzzli pozwala uk\u0142ada\u0107 i przechowywa\u0107 nieuko\u0144czone uk\u0142adanki. Ramki na macie pasuj\u0105 do puzzli 500, 1000, 1500, 2000, 3000, 4000 i 6000 element\u00f3w, a tak\u017ce uk\u0142adanek panoramicznych 500 \u2013 1000 element\u00f3w. W sk\u0142ad zestawu wchodzi: tuba, mata do uk\u0142adania puzzli, 3 rzepy. Jak schowa\u0107 puzzle? Nic prostszego! Sk\u0142adamy [&hellip;]<\/p>\n","protected":false},"featured_media":600,"comment_status":"closed","ping_status":"open","template":"","meta":[],"product_cat":[90,104],"product_tag":[677,855,759,587,725],"class_list":["post-599","product","type-product","status-publish","has-post-thumbnail","hentry","product_cat-puzzle","product_cat-trefl","product_tag-milosz-imie","product_tag-nietypowe-imiona-zenskie","product_tag-pomysly-na-prezent-dla-nastolatkow","product_tag-skalne-miasto","product_tag-zgadywanki"],"_links":{"self":[{"href":"http:\/\/klubmamgdynia.pl\/index.php\/wp-json\/wp\/v2\/product\/599","targetHints":{"allow":["GET"]}}],"collection":[{"href":"http:\/\/klubmamgdynia.pl\/index.php\/wp-json\/wp\/v2\/product"}],"about":[{"href":"http:\/\/klubmamgdynia.pl\/index.php\/wp-json\/wp\/v2\/types\/product"}],"replies":[{"embeddable":true,"href":"http:\/\/klubmamgdynia.pl\/index.php\/wp-json\/wp\/v2\/comments?post=599"}],"wp:featuredmedia":[{"embeddable":true,"href":"http:\/\/klubmamgdynia.pl\/index.php\/wp-json\/wp\/v2\/media\/600"}],"wp:attachment":[{"href":"http:\/\/klubmamgdynia.pl\/index.php\/wp-json\/wp\/v2\/media?parent=599"}],"wp:term":[{"taxonomy":"product_cat","embeddable":true,"href":"http:\/\/klubmamgdynia.pl\/index.php\/wp-json\/wp\/v2\/product_cat?post=599"},{"taxonomy":"product_tag","embeddable":true,"href":"http:\/\/klubmamgdynia.pl\/index.php\/wp-json\/wp\/v2\/product_tag?post=599"}],"curies":[{"name":"wp","href":"https:\/\/api.w.org\/{rel}","templated":true}]}}