{"id":5991,"date":"2016-06-30T19:38:38","date_gmt":"2016-06-30T17:38:38","guid":{"rendered":"http:\/\/klubmamgdynia.pl\/index.php\/produkt\/promarkery-touch-60szt\/"},"modified":"2026-04-06T15:08:39","modified_gmt":"2026-04-06T13:08:39","slug":"promarkery-touch-60szt","status":"publish","type":"product","link":"http:\/\/klubmamgdynia.pl\/index.php\/produkt\/promarkery-touch-60szt\/","title":{"rendered":"Promarkery Touch 60Szt."},"content":{"rendered":"<p>Markery alkoholowe Touch dwustronne 60 sztIdealnie sprawdz\u0105 si\u0119 dla dzieci jak i doros\u0142ychDoskona\u0142e do prac artystycznych jak i szkolnychWykonane z ekologicznych materia\u0142\u00f3w spe\u0142niaj\u0105ce wszystkie normy UE po\u015bwiadczone certyfikatem CEDoskona\u0142a jako\u015b\u0107 wykonania zapewni d\u0142ugotrwa\u0142e i niezawodne u\u017cytkowanieDzi\u0119ki naszym markerom kolory pozostan\u0105 intensywne i nie wyblakn\u0105 po kr\u00f3tkim okresie czasuPlastikowa podstawka stabilizuje markery w pionowej pozycji.Dzi\u0119ki temu mo\u017cna utrzyma\u0107 wszystko w idealnym porz\u0105dkui \u0142adzieMarkery sk\u0142adaj\u0105 si\u0119 z dw\u00f3ch ko\u0144c\u00f3wek.Grubsza ko\u0144c\u00f3wka 3-6 sko\u015bna mm do podkre\u015blania i malowania wi\u0119kszych powierzchniCie\u0144sza ko\u0144c\u00f3wka 1-2 mm do obrysu i pisania<\/p>\n<h2>Promarkery Touch 60Szt. <\/h2>\n<p>ko\u0142ysanki tekst, karaluchy pod poduchy a szczypawki, \u017c\u0105rty na prima aprilis, kartk\u00f3wki z zegara, podchwytliwe zagadki z odpowiedziami<\/p>\n<p>yyyyy<\/p>\n<p>&nbsp;<\/p>\n","protected":false},"excerpt":{"rendered":"<p>Markery alkoholowe Touch dwustronne 60 sztIdealnie sprawdz\u0105 si\u0119 dla dzieci jak i doros\u0142ychDoskona\u0142e do prac artystycznych jak i szkolnychWykonane z ekologicznych materia\u0142\u00f3w spe\u0142niaj\u0105ce wszystkie normy UE po\u015bwiadczone certyfikatem CEDoskona\u0142a jako\u015b\u0107 wykonania zapewni d\u0142ugotrwa\u0142e i niezawodne u\u017cytkowanieDzi\u0119ki naszym markerom kolory pozostan\u0105 intensywne i nie wyblakn\u0105 po kr\u00f3tkim okresie czasuPlastikowa podstawka stabilizuje markery w pionowej pozycji.Dzi\u0119ki temu [&hellip;]<\/p>\n","protected":false},"featured_media":5992,"comment_status":"closed","ping_status":"open","template":"","meta":[],"product_cat":[297],"product_tag":[717,587,760,805],"class_list":["post-5991","product","type-product","status-publish","has-post-thumbnail","hentry","product_cat-szkolne-artykuly-plastyczne","product_tag-prezent-roczek","product_tag-skalne-miasto","product_tag-zagadka-matematyczna","product_tag-znaczenie-imienia-alan"],"_links":{"self":[{"href":"http:\/\/klubmamgdynia.pl\/index.php\/wp-json\/wp\/v2\/product\/5991","targetHints":{"allow":["GET"]}}],"collection":[{"href":"http:\/\/klubmamgdynia.pl\/index.php\/wp-json\/wp\/v2\/product"}],"about":[{"href":"http:\/\/klubmamgdynia.pl\/index.php\/wp-json\/wp\/v2\/types\/product"}],"replies":[{"embeddable":true,"href":"http:\/\/klubmamgdynia.pl\/index.php\/wp-json\/wp\/v2\/comments?post=5991"}],"wp:featuredmedia":[{"embeddable":true,"href":"http:\/\/klubmamgdynia.pl\/index.php\/wp-json\/wp\/v2\/media\/5992"}],"wp:attachment":[{"href":"http:\/\/klubmamgdynia.pl\/index.php\/wp-json\/wp\/v2\/media?parent=5991"}],"wp:term":[{"taxonomy":"product_cat","embeddable":true,"href":"http:\/\/klubmamgdynia.pl\/index.php\/wp-json\/wp\/v2\/product_cat?post=5991"},{"taxonomy":"product_tag","embeddable":true,"href":"http:\/\/klubmamgdynia.pl\/index.php\/wp-json\/wp\/v2\/product_tag?post=5991"}],"curies":[{"name":"wp","href":"https:\/\/api.w.org\/{rel}","templated":true}]}}