{"id":5993,"date":"2010-11-12T11:11:12","date_gmt":"2010-11-12T10:11:12","guid":{"rendered":"http:\/\/klubmamgdynia.pl\/index.php\/produkt\/st-majewski-piornik-potrojny-z-wyposazeniem-pc-05-pixel-gamer-645754\/"},"modified":"2026-04-20T12:51:05","modified_gmt":"2026-04-20T10:51:05","slug":"st-majewski-piornik-potrojny-z-wyposazeniem-pc-05-pixel-gamer-645754","status":"publish","type":"product","link":"http:\/\/klubmamgdynia.pl\/index.php\/produkt\/st-majewski-piornik-potrojny-z-wyposazeniem-pc-05-pixel-gamer-645754\/","title":{"rendered":"St. Majewski Pi\u00f3rnik Potr\u00f3jny Z Wyposa\u017ceniem Pc 05 Pixel Gamer 645754"},"content":{"rendered":"<p>Pi\u00f3rnik potr\u00f3jny z wyposa\u017ceniem PC5Funkcjonalno\u015b\u0107:3 przegrody, ka\u017cda zamykana zamkiem b\u0142yskawicznymzamykany za pomoc\u0105 zamka b\u0142yskawicznegoergonomicznie wyprofilowany, solidny uchwyt do suwakaposiada przegrody i liczne mocowania u\u0142atwiaj\u0105ce organizacj\u0119 przybor\u00f3w szkolnych                            <\/p>\n<p>Zawarto\u015b\u0107:18 kredek szkolnych9 cienkopis\u00f3w9 flamastr\u00f3wcyrkieltemper\u00f3wkagumka do \u015bcierania2 o\u0142\u00f3wki2 d\u0142ugopisylinijkaekierkak\u0105tomierz                            <\/p>\n<p>Wymiary:wysoko\u015b\u0107: 20 cmszeroko\u015b\u0107: 13 cmg\u0142\u0119boko\u015b\u0107: 7 cm<\/p>\n<h2>St. Majewski Pi\u00f3rnik Potr\u00f3jny Z Wyposa\u017ceniem Pc 05 Pixel Gamer 645754 St. Majewski<\/h2>\n<p>zagadki matematyczne na logik\u0119, super zings kolorowanki, wystawy dla dzieci warszawa, asiunia pytania do lektury, pikachu do druku, kolorowanki dla dziewczynek do druku, weso\u0142e pisanki tekst piosenki, kolorowanki dla ch\u0142opc\u00f3w, pomys\u0142y na roczek, dzien matki cytaty, atrakcje dla nastolatk\u00f3w, kolorowanka my little pony, zabawy na dzie\u0144 dziecka w szkole, sentencja dla dziecka, przyja\u017a\u0144 cytaty<\/p>\n<p>yyyyy<\/p>\n<p>&nbsp;<\/p>\n","protected":false},"excerpt":{"rendered":"<p>Pi\u00f3rnik potr\u00f3jny z wyposa\u017ceniem PC5Funkcjonalno\u015b\u0107:3 przegrody, ka\u017cda zamykana zamkiem b\u0142yskawicznymzamykany za pomoc\u0105 zamka b\u0142yskawicznegoergonomicznie wyprofilowany, solidny uchwyt do suwakaposiada przegrody i liczne mocowania u\u0142atwiaj\u0105ce organizacj\u0119 przybor\u00f3w szkolnych Zawarto\u015b\u0107:18 kredek szkolnych9 cienkopis\u00f3w9 flamastr\u00f3wcyrkieltemper\u00f3wkagumka do \u015bcierania2 o\u0142\u00f3wki2 d\u0142ugopisylinijkaekierkak\u0105tomierz Wymiary:wysoko\u015b\u0107: 20 cmszeroko\u015b\u0107: 13 cmg\u0142\u0119boko\u015b\u0107: 7 cm St. Majewski Pi\u00f3rnik Potr\u00f3jny Z Wyposa\u017ceniem Pc 05 Pixel Gamer 645754 St. [&hellip;]<\/p>\n","protected":false},"featured_media":5994,"comment_status":"closed","ping_status":"open","template":"","meta":[],"product_cat":[976,1392],"product_tag":[802,792,776,808,721,873],"class_list":["post-5993","product","type-product","status-publish","has-post-thumbnail","hentry","product_cat-piorniki","product_cat-st-majewski","product_tag-co-kupic-dziewczynce-na-roczek","product_tag-cytaty-o-mamie","product_tag-dobrej-nocy","product_tag-imie-mia","product_tag-zagadki-matematyczne","product_tag-zagadki-z-odpowiedziami-dla-dzieci"],"_links":{"self":[{"href":"http:\/\/klubmamgdynia.pl\/index.php\/wp-json\/wp\/v2\/product\/5993","targetHints":{"allow":["GET"]}}],"collection":[{"href":"http:\/\/klubmamgdynia.pl\/index.php\/wp-json\/wp\/v2\/product"}],"about":[{"href":"http:\/\/klubmamgdynia.pl\/index.php\/wp-json\/wp\/v2\/types\/product"}],"replies":[{"embeddable":true,"href":"http:\/\/klubmamgdynia.pl\/index.php\/wp-json\/wp\/v2\/comments?post=5993"}],"wp:featuredmedia":[{"embeddable":true,"href":"http:\/\/klubmamgdynia.pl\/index.php\/wp-json\/wp\/v2\/media\/5994"}],"wp:attachment":[{"href":"http:\/\/klubmamgdynia.pl\/index.php\/wp-json\/wp\/v2\/media?parent=5993"}],"wp:term":[{"taxonomy":"product_cat","embeddable":true,"href":"http:\/\/klubmamgdynia.pl\/index.php\/wp-json\/wp\/v2\/product_cat?post=5993"},{"taxonomy":"product_tag","embeddable":true,"href":"http:\/\/klubmamgdynia.pl\/index.php\/wp-json\/wp\/v2\/product_tag?post=5993"}],"curies":[{"name":"wp","href":"https:\/\/api.w.org\/{rel}","templated":true}]}}