{"id":5995,"date":"2022-03-19T13:51:27","date_gmt":"2022-03-19T12:51:27","guid":{"rendered":"http:\/\/klubmamgdynia.pl\/index.php\/produkt\/fotelik-samochodowy-britax-romer-discovery-sl-storm-grey-15-36kg\/"},"modified":"2026-04-23T16:01:35","modified_gmt":"2026-04-23T14:01:35","slug":"fotelik-samochodowy-britax-romer-discovery-sl-storm-grey-15-36kg","status":"publish","type":"product","link":"http:\/\/klubmamgdynia.pl\/index.php\/produkt\/fotelik-samochodowy-britax-romer-discovery-sl-storm-grey-15-36kg\/","title":{"rendered":"Fotelik samochodowy Britax &amp; Romer Discovery SL Storm Grey 15-36Kg"},"content":{"rendered":"<p>DISCOVERY SL to nagradzany fotelik z podwy\u017cszonym oparciem o elastycznych opcjach monta\u017cu tak, by pasowa\u0142 do ka\u017cdego samochodu, \u2013 r\u00f3wnie\u017c z opcj\u0105 \u0142\u0105czy ISOFIX w samochodzie. Wszystko to w lekkiej pow\u0142oce tak, \u017ceby \u0142atwiej przenosi\u0107 fotelik mi\u0119dzy samochodami.Warto wiedzie\u0107: DISCOVERY SL zosta\u0142 przetestowany przez ADAC (ADAC Online 06\/2016) otrzymuj\u0105c opini\u0119 \u201cDOBRY\u201d oraz ocen\u0119 2.1.Podwy\u017cszone oparcie dla wygody i bezpiecze\u0144stwaBezpieczny i trwa\u0142y DISCOVERY SL to fotelik z podwy\u017cszonym oparciem, zaprojektowany by zapewnia\u0107 starszym dzieciom komfort i bezpiecze\u0144stwo podczas podr\u00f3\u017cy. Wy\u015bcie\u0142ane skrzyd\u0142a boczne i regulowany zag\u0142\u00f3wek daj\u0105 dziecku ochron\u0119 od st\u00f3p do g\u0142\u00f3w i pewno\u015b\u0107, \u017ce ka\u017cda podr\u00f3\u017c przebiegnie spokojnie.\u00a0                            <\/p>\n<p>Wygodna instalacja, d\u0142ugotrwa\u0142y komfort.Szybki i \u0142atwy monta\u017c \u0142\u0105czy ISOFIX w samochodzie sprawia, \u017ce DISCOVERY SL jest na sta\u0142e przymocowany do auta, nawet je\u017celi w foteliku nie ma dziecka. Dzi\u0119ki zatrzaskom, kt\u00f3re przymocowuj\u0105 si\u0119 niezale\u017cnie, znajdowanie i pod\u0142\u0105czanie \u0142\u0105czy ISOFIX jest prostsze. Du\u017ce skrzyd\u0142a boczne i regulowany zag\u0142\u00f3wek zapewniaj\u0105 wygodne dopasowanie, gdy Twoje dziecko ro\u015bnie.\u00a0                            <\/p>\n<p>Ochrona fotelika z wysokim oparciemNasze foteliki z wysokim oparciem chroni\u0105 dziecko na 3 sposoby: wymodelowany kszta\u0142t siedziska zapewnia ochron\u0119 korpusu dziecka od g\u0142owy do bioder \u2013 zw\u0142aszcza w przypadku zderzenia bocznego \u2013 g\u00f3rne i dolne prowadnice pasa umo\u017cliwiaj\u0105 jego prawid\u0142owe umiejscowienie, a wy\u015bcie\u0142any zag\u0142\u00f3wek zapewnia bezpiecze\u0144stwo i komfort dla g\u0142owy i szyi dziecka.                            <\/p>\n<p>Regulowane oparcieRegulowane oparcie fotelika pozwala na dostosowanie k\u0105ta nachylenia siedzenia samochodu, u\u0142atwiaj\u0105c dopasowanie fotelika oraz zapewniaj\u0105c dziecku wygodn\u0105 pozycj\u0119.\u0141atwo regulowany zag\u0142\u00f3wekNasz \u0142atwo regulowany zag\u0142\u00f3wek zosta\u0142 zaprojektowany specjalnie dla starszych dzieci, w przypadku korzystania z 3-punktowego pasa bezpiecze\u0144stwa, stosowanego, aby zabezpieczy\u0107 je w foteliku samochodowym. Zag\u0142\u00f3wek mo\u017ce by\u0107 \u0142atwo dostosowany do prawid\u0142owego po\u0142o\u017cenia, tu\u017c powy\u017cej ramion dziecka, za pomoc\u0105 jednej r\u0119ki \u2013 nawet, gdy dziecko siedzi ju\u017c w foteliku.                            <\/p>\n<p>Zdejmowany pokrowiecW samochodzie mo\u017ce by\u0107 r\u00f3\u017cnie \u2013 napoje si\u0119 wylewaj\u0105, a dzieci mog\u0105 dosta\u0107 choroby lokomocyjnej. Dlatego zadbali\u015bmy o pokrowiec na fotelik, kt\u00f3ry mo\u017cesz pra\u0107 w pralce. \u0141atwo si\u0119 go zdejmuje, wi\u0119c mo\u017cesz szybko posprz\u0105ta\u0107 i rusza\u0107 w dalsz\u0105 drog\u0119.                            <\/p>\n<p>SpecyfikacjePrzodem do kierunku jazdy 15 &#8211; 36 kgWymiary (W x S x G)67 \u2013 85 x 44 x 45 cmWaga produktu4.3 kg                            <\/p>\n<p>Regulacja: R44 Group 2\/3Ten fotelik powinien by\u0107 zainstalowany zar\u00f3wno za pomoc\u0105 tr\u00f3jpunktowych pas\u00f3w bezpiecze\u0144stwa samochodu, jak i za pomoc\u0105 punkt\u00f3w mocowania ISOFIX. Zapewnia to bezpieczne i trwa\u0142e po\u0142\u0105czenie fotelika z samochodem, nawet je\u017celi dziecko nie siedzi w foteliku. DISCOVERY SL posiada zintegrowane mi\u0119kkie zatrzaski, pozwalaj\u0105ce na \u0142atwe przymocowanie jednego z\u0142\u0105cza ISOFIX do punktu mocowania w samochodzie, a nast\u0119pnie na \u0142atwiejszy monta\u017c za pomoc\u0105 drugiego zatrzasku, zw\u0142aszcza w pojazdach, w kt\u00f3rych punkty mocowania ISOFIX s\u0105 trudno dost\u0119pne. Po przymocowaniu obu z\u0142\u0105cz poci\u0105gnij za pasek reguluj\u0105cy, aby zapewni\u0107 stabilny monta\u017c ISOFIX. Aby zapewni\u0107 najlepsze dzia\u0142anie fotelika w sytuacji razie wypadku, nale\u017cy zawsze u\u017cywa\u0107 mi\u0119kkich zatrzask\u00f3w w po\u0142\u0105czeniu z 3-punktowym pasem bezpiecze\u0144stwa samochodu.\u00a0Ten fotelik mo\u017ce by\u0107 zainstalowany za pomoc\u0105 tr\u00f3jpunktowych pas\u00f3w bezpiecze\u0144stwa samochodu. To wygodny wyb\u00f3r, je\u017celi zamierzasz przenosi\u0107 fotelik pomi\u0119dzy samochodami, kt\u00f3re mog\u0105 nie mie\u0107 punkt\u00f3w mocowania ISOFIX. Prowadnice pasa na foteliku pomog\u0105 w prawid\u0142owej jego instalacji. Zanim kupisz fotelik, zajrzyj do podr\u0119cznika u\u017cytkowania samochodu i sprawd\u017a zatwierdzone pozycje, popro\u015b te\u017c sprzedawc\u0119 o monta\u017c testowy w Twoim samochodzie (popro\u015b, by przeprowadzi\u0142 go pracownik wyszkolony przez Britax R\u00f6mer).\u00a0Fotelik w kolorze Storm Grey<\/p>\n<h2>Fotelik samochodowy Britax &amp; Romer Discovery SL Storm Grey 15-36Kg Britax &amp; Romer<\/h2>\n<p>zabawy na dzie\u0144 dziecka w szkole, kolorowe kanapki kanapki dla dzieci, tekst ko\u0142ysanki, kolorowanka flamingi, szablony postacie do szopki do druku, wroc\u0142aw atrakcje dla dzieci 2021, \u015bmieszne zagadki dla dzieci 10 lat, milena imie, test narnia lew czarownica i stara szafa, akademia pana kleksa &#8211; test z odpowiedziami do druku, pieski ma\u0142e dwa tekst, nauka pisania literek do wydruku pdf, \u015bwi\u0119ty przemys\u0142aw, co kupi\u0107 na roczek<\/p>\n<p>yyyyy<\/p>\n<p>&nbsp;<\/p>\n","protected":false},"excerpt":{"rendered":"<p>DISCOVERY SL to nagradzany fotelik z podwy\u017cszonym oparciem o elastycznych opcjach monta\u017cu tak, by pasowa\u0142 do ka\u017cdego samochodu, \u2013 r\u00f3wnie\u017c z opcj\u0105 \u0142\u0105czy ISOFIX w samochodzie. Wszystko to w lekkiej pow\u0142oce tak, \u017ceby \u0142atwiej przenosi\u0107 fotelik mi\u0119dzy samochodami.Warto wiedzie\u0107: DISCOVERY SL zosta\u0142 przetestowany przez ADAC (ADAC Online 06\/2016) otrzymuj\u0105c opini\u0119 \u201cDOBRY\u201d oraz ocen\u0119 2.1.Podwy\u017cszone oparcie [&hellip;]<\/p>\n","protected":false},"featured_media":5996,"comment_status":"closed","ping_status":"open","template":"","meta":[],"product_cat":[116,32],"product_tag":[851,861,852,584],"class_list":["post-5995","product","type-product","status-publish","has-post-thumbnail","hentry","product_cat-britax-romer","product_cat-foteliki-samochodowe","product_tag-jak-narysowac-kota","product_tag-jak-narysowac-psa","product_tag-jak-zrobic-samolot-z-papieru","product_tag-liwia"],"_links":{"self":[{"href":"http:\/\/klubmamgdynia.pl\/index.php\/wp-json\/wp\/v2\/product\/5995","targetHints":{"allow":["GET"]}}],"collection":[{"href":"http:\/\/klubmamgdynia.pl\/index.php\/wp-json\/wp\/v2\/product"}],"about":[{"href":"http:\/\/klubmamgdynia.pl\/index.php\/wp-json\/wp\/v2\/types\/product"}],"replies":[{"embeddable":true,"href":"http:\/\/klubmamgdynia.pl\/index.php\/wp-json\/wp\/v2\/comments?post=5995"}],"wp:featuredmedia":[{"embeddable":true,"href":"http:\/\/klubmamgdynia.pl\/index.php\/wp-json\/wp\/v2\/media\/5996"}],"wp:attachment":[{"href":"http:\/\/klubmamgdynia.pl\/index.php\/wp-json\/wp\/v2\/media?parent=5995"}],"wp:term":[{"taxonomy":"product_cat","embeddable":true,"href":"http:\/\/klubmamgdynia.pl\/index.php\/wp-json\/wp\/v2\/product_cat?post=5995"},{"taxonomy":"product_tag","embeddable":true,"href":"http:\/\/klubmamgdynia.pl\/index.php\/wp-json\/wp\/v2\/product_tag?post=5995"}],"curies":[{"name":"wp","href":"https:\/\/api.w.org\/{rel}","templated":true}]}}