{"id":5997,"date":"2025-07-19T21:59:05","date_gmt":"2025-07-19T19:59:05","guid":{"rendered":"http:\/\/klubmamgdynia.pl\/?post_type=product&#038;p=5997"},"modified":"2026-04-19T18:42:42","modified_gmt":"2026-04-19T16:42:42","slug":"zestaw-sniadaniowy-coolpack-bidon-brisk-tritan-600-ml-sniadaniowka-snack-gradient-ocean","status":"publish","type":"product","link":"http:\/\/klubmamgdynia.pl\/index.php\/produkt\/zestaw-sniadaniowy-coolpack-bidon-brisk-tritan-600-ml-sniadaniowka-snack-gradient-ocean\/","title":{"rendered":"Zestaw \u015bniadaniowy CoolPack Bidon Brisk Tritan 600 ml + \u015bniadani\u00f3wka Snack &#8211; Gradient Ocean"},"content":{"rendered":"<p>\u015aniadani\u00f3wka Coolpack Snack Producent: PATIO Pojemno\u015b\u0107: 1100 ml Wysoko\u015b\u0107: 6,5 cm Szeroko\u015b\u0107: 17 cm G\u0142\u0119boko\u015b\u0107: 13 cm Wz\u00f3r: Snack Motyw: Gradient Ocean Gwarancja: 24 miesi\u0105ce Kod produktu: 22307 Hermes Plus jest autoryzowanym partnerem tej marki na terenie Polski. \u015aniadani\u00f3wka Snack zosta\u0142a wykonana z wysokiej jako\u015bci wytrzyma\u0142ego tworzywa, kt\u00f3ry charakteryzuje si\u0119 lekko\u015bci\u0105 oraz odporno\u015bci\u0105 na uszkodzenia mechaniczne i p\u0119kni\u0119cia. Zamykana na podw\u00f3jny zatrzask. Plastikowy pojemnik na kanapki i owoce, kt\u00f3ry zabezpiecza drugie \u015bniadanie przed utrat\u0105 \u015bwie\u017co\u015bci Mo\u017cliwo\u015b\u0107 mycia w zmywarce, przechowywania w lod\u00f3wce oraz u\u017cycia w mikrofal\u00f3wce Wykonana z wysokiej jako\u015bci nietoksycznego plastiku przystosowanego do kontaktu z \u017cywno\u015bci\u0105 i spe\u0142niaj\u0105cego normy europejskie \u0141atwe otwieranie na podw\u00f3jny zatrzask Bidon Coolpack Brisk Tritan 600ml Producent: PATIO Pojemno\u015b\u0107: 600 ml Wysoko\u015b\u0107: 23,5 cm Wz\u00f3r: Brisk Kolor: Ocean Materia\u0142: Tritan Gwarancja: 24 miesi\u0105ce Kod produktu: 21488 Por\u0119czny, niewielki i lekki bidon Brisk o pojemno\u015bci 600 ml marki Coolpack sprawdzi si\u0119 w ka\u017cdej sytuacji. Na spacerze, wycieczce, w mie\u015bcie czy szkole &#8211; czas na \u0142yk wody! Zadbaj o zdrowie i odpowiednie nawodnienie swojego organizmu. Bidon jest wykonany z tworzywa Tritan, dzi\u0119ki czemu nie zmienia smaku napoj\u00f3w, a wystawiony na dzia\u0142anie wysokiej temperatury nie wydziela toksycznego bisfenolu A (BPA) niczym butelki PET. Wyposa\u017cony w \u0142atwe otwieranie za pomoc\u0105 jednej r\u0119ki oraz blokad\u0119 wylania, kt\u00f3ra zabezpieczy Twoje inne rzeczy. Dodatkowo pasek pozwala na przypi\u0119cie bidonu w dowolnym miejscu. Bidon o pojemno\u015bci 600 ml Nie zawiera szkodliwych zwi\u0105zk\u00f3w Bisfenolu A (BPA FREE) Posiada blokad\u0119 chroni\u0105c\u0105 przed wyciekaniem p\u0142yn\u00f3w oraz pasek u\u0142atwiaj\u0105cy przenoszenie Bidon \u0142atwo utrzyma\u0107 w d\u0142oni ze wzgl\u0119du na materia\u0142 z jakiego zosta\u0142 wykonany W zestawie \u015aniadani\u00f3wka Coolpack Snack Bidon Coolpack Brisk Tritan 600ml<\/p>\n<h2>Zestaw \u015bniadaniowy CoolPack Bidon Brisk Tritan 600 ml + \u015bniadani\u00f3wka Snack &#8211; Gradient Ocean Coolpack<\/h2>\n<p>zaj\u0105czek z jajka ugotowanego, film animowany o \u015bwi\u0119tach, rysowanie po \u015bladzie, zrobi\u0107 laurk\u0119 laurka dla babci, malowanki do druku, co kupi\u0107 dziewczynce na roczek, harry potter kolorowanka, test z lektury opowie\u015bci z narnii lew czarownica i stara szafa, zyczenia walentynkowe dla dzieci, jak narysowa\u0107 anio\u0142ka, quiz opowie\u015bci z narnii lew czarownica i stara szafa, gda\u0144sk atrakcje dla m\u0142odzie\u017cy<\/p>\n<p>yyyyy<\/p>\n<p>&nbsp;<\/p>\n","protected":false},"excerpt":{"rendered":"<p>\u015aniadani\u00f3wka Coolpack Snack Producent: PATIO Pojemno\u015b\u0107: 1100 ml Wysoko\u015b\u0107: 6,5 cm Szeroko\u015b\u0107: 17 cm G\u0142\u0119boko\u015b\u0107: 13 cm Wz\u00f3r: Snack Motyw: Gradient Ocean Gwarancja: 24 miesi\u0105ce Kod produktu: 22307 Hermes Plus jest autoryzowanym partnerem tej marki na terenie Polski. \u015aniadani\u00f3wka Snack zosta\u0142a wykonana z wysokiej jako\u015bci wytrzyma\u0142ego tworzywa, kt\u00f3ry charakteryzuje si\u0119 lekko\u015bci\u0105 oraz odporno\u015bci\u0105 na uszkodzenia [&hellip;]<\/p>\n","protected":false},"featured_media":5998,"comment_status":"closed","ping_status":"open","template":"","meta":[],"product_cat":[1407,215],"product_tag":[839,626,639,695,741,809,698],"class_list":["post-5997","product","type-product","status-publish","has-post-thumbnail","hentry","product_cat-coolpack","product_cat-naczynia-i-sztucce-dla-dzieci","product_tag-bajki-na-dobranoc-do-czytania","product_tag-jacek","product_tag-nela-imie","product_tag-rzadkie-imiona-zenskie","product_tag-wlochy","product_tag-zagadki","product_tag-zagadki-dla-przedszkolakow"],"_links":{"self":[{"href":"http:\/\/klubmamgdynia.pl\/index.php\/wp-json\/wp\/v2\/product\/5997","targetHints":{"allow":["GET"]}}],"collection":[{"href":"http:\/\/klubmamgdynia.pl\/index.php\/wp-json\/wp\/v2\/product"}],"about":[{"href":"http:\/\/klubmamgdynia.pl\/index.php\/wp-json\/wp\/v2\/types\/product"}],"replies":[{"embeddable":true,"href":"http:\/\/klubmamgdynia.pl\/index.php\/wp-json\/wp\/v2\/comments?post=5997"}],"wp:featuredmedia":[{"embeddable":true,"href":"http:\/\/klubmamgdynia.pl\/index.php\/wp-json\/wp\/v2\/media\/5998"}],"wp:attachment":[{"href":"http:\/\/klubmamgdynia.pl\/index.php\/wp-json\/wp\/v2\/media?parent=5997"}],"wp:term":[{"taxonomy":"product_cat","embeddable":true,"href":"http:\/\/klubmamgdynia.pl\/index.php\/wp-json\/wp\/v2\/product_cat?post=5997"},{"taxonomy":"product_tag","embeddable":true,"href":"http:\/\/klubmamgdynia.pl\/index.php\/wp-json\/wp\/v2\/product_tag?post=5997"}],"curies":[{"name":"wp","href":"https:\/\/api.w.org\/{rel}","templated":true}]}}