{"id":6001,"date":"2012-07-30T19:43:45","date_gmt":"2012-07-30T17:43:45","guid":{"rendered":"http:\/\/klubmamgdynia.pl\/index.php\/produkt\/fotelik-samochodowy-kinderkraft-safety-fix-isofix-top-tether-9-36kg-szary\/"},"modified":"2026-04-03T22:05:43","modified_gmt":"2026-04-03T20:05:43","slug":"fotelik-samochodowy-kinderkraft-safety-fix-isofix-top-tether-9-36kg-szary","status":"publish","type":"product","link":"http:\/\/klubmamgdynia.pl\/index.php\/produkt\/fotelik-samochodowy-kinderkraft-safety-fix-isofix-top-tether-9-36kg-szary\/","title":{"rendered":"Fotelik samochodowy Kinderkraft SAFETY-FIX (ISOFIX, TOP TETHER) 9-36kg szary"},"content":{"rendered":"<h2>Fotelik samochodowy Kinderkraft SAFETY-FIX (ISOFIX, TOP TETHER) 9-36kg szary Kinderkraft<\/h2>\n<p>prezent dla 17 latki, quizy o flagach, kolorowanki do druku lol, fajne \u017carty na prima aprilis, tr\u00f3jmiasto atrakcje dla dzieci, stare piosenki, prezent na \u015bwi\u0119ta dla nastolatka, peppa kolorowanka, \u015bmieszne zagadki dla dzieci, bajka dla dzieci do czytania, cytaty o rodzinie, quiz o usa, zygzak mcqueen kolorowanka<\/p>\n<p>yyyyy<\/p>\n<p>&nbsp;<\/p>\n","protected":false},"excerpt":{"rendered":"<p>Fotelik samochodowy Kinderkraft SAFETY-FIX (ISOFIX, TOP TETHER) 9-36kg szary Kinderkraft prezent dla 17 latki, quizy o flagach, kolorowanki do druku lol, fajne \u017carty na prima aprilis, tr\u00f3jmiasto atrakcje dla dzieci, stare piosenki, prezent na \u015bwi\u0119ta dla nastolatka, peppa kolorowanka, \u015bmieszne zagadki dla dzieci, bajka dla dzieci do czytania, cytaty o rodzinie, quiz o usa, zygzak [&hellip;]<\/p>\n","protected":false},"featured_media":6002,"comment_status":"closed","ping_status":"open","template":"","meta":[],"product_cat":[32,59],"product_tag":[755,593,632,741],"class_list":["post-6001","product","type-product","status-publish","has-post-thumbnail","hentry","product_cat-foteliki-samochodowe","product_cat-kinderkraft","product_tag-henryk","product_tag-jak-narysowac-konia","product_tag-warszawa-atrakcje-dla-mlodziezy","product_tag-wlochy"],"_links":{"self":[{"href":"http:\/\/klubmamgdynia.pl\/index.php\/wp-json\/wp\/v2\/product\/6001","targetHints":{"allow":["GET"]}}],"collection":[{"href":"http:\/\/klubmamgdynia.pl\/index.php\/wp-json\/wp\/v2\/product"}],"about":[{"href":"http:\/\/klubmamgdynia.pl\/index.php\/wp-json\/wp\/v2\/types\/product"}],"replies":[{"embeddable":true,"href":"http:\/\/klubmamgdynia.pl\/index.php\/wp-json\/wp\/v2\/comments?post=6001"}],"wp:featuredmedia":[{"embeddable":true,"href":"http:\/\/klubmamgdynia.pl\/index.php\/wp-json\/wp\/v2\/media\/6002"}],"wp:attachment":[{"href":"http:\/\/klubmamgdynia.pl\/index.php\/wp-json\/wp\/v2\/media?parent=6001"}],"wp:term":[{"taxonomy":"product_cat","embeddable":true,"href":"http:\/\/klubmamgdynia.pl\/index.php\/wp-json\/wp\/v2\/product_cat?post=6001"},{"taxonomy":"product_tag","embeddable":true,"href":"http:\/\/klubmamgdynia.pl\/index.php\/wp-json\/wp\/v2\/product_tag?post=6001"}],"curies":[{"name":"wp","href":"https:\/\/api.w.org\/{rel}","templated":true}]}}