{"id":6003,"date":"2012-06-29T03:40:45","date_gmt":"2012-06-29T01:40:45","guid":{"rendered":"http:\/\/klubmamgdynia.pl\/index.php\/produkt\/wader-construck-wywrotka-zolta-407\/"},"modified":"2026-04-04T05:25:14","modified_gmt":"2026-04-04T03:25:14","slug":"wader-construck-wywrotka-zolta-407","status":"publish","type":"product","link":"http:\/\/klubmamgdynia.pl\/index.php\/produkt\/wader-construck-wywrotka-zolta-407\/","title":{"rendered":"Wader &#8222;ConsTruck&#8221; wywrotka \u017c\u00f3\u0142ta (407)"},"content":{"rendered":"<p>ConsTruck wywrotka \u017c\u00f3\u0142ta w siatce&#8221;Dla ma\u0142ych mi\u0142o\u015bnik\u00f3w du\u017cych pojazd\u00f3w firma Polesie Wader Quality Toys ma w swojej ofercie seri\u0119 samochod\u00f3w CONSTRUCK. Ich niew\u0105tpliw\u0105 zalet\u0105 jest jako\u015b\u0107 wykonania, co gwarantuje trwa\u0142o\u015b\u0107 i bezpiecze\u0144stwo podczas u\u017cytkowania.WYWROTKA \u017b\u00d3\u0141TA wyposa\u017cona jest w cztery szerokie, gumowe ko\u0142a. Ich struktura jest chropowata, co u\u0142atwia jazd\u0119 po r\u00f3\u017cnego rodzaju nawierzchniach (trawa, piasek). Naczep\u0119 mo\u017cna podnie\u015b\u0107 i w \u0142atwy spos\u00f3b opr\u00f3\u017cni\u0107. Specjalna r\u0105czka pomo\u017ce w sprawnym przeprowadzeniu takiej operacji. Dodatkowo tylna klapa jest otwierana. Dla ulubionych figurek, bohater\u00f3w odgrywanych scenek maluch znajdzie miejsce w kabinie kierowcy. Jak nazwa wskazuje, produkt dost\u0119pny jest w kolorze \u017c\u00f3\u0142tym.&#8221;Informacje o produkcieNr katalogowy0407Marka (Zabawki) BrakRodzaj (pojazdy\/modele) BudowlaneMateria\u0142 Tworzywo sztuczne (plastik)Wymagania wiekowe od 12 miesi\u0119cyP\u0142e\u0107 (zabawki) Ch\u0142opcyKolor (wyliczeniowy) \u017b\u00f3\u0142tyPozosta\u0142e parametryWymiary opakowania: 26 x 14.5 x 19.1 cm<\/p>\n<h2>Wader &#8222;ConsTruck&#8221; wywrotka \u017c\u00f3\u0142ta (407) Wader<\/h2>\n<p>ninjago kolorowanki, \u017cyczenia wielkanocne dla dzieci kr\u00f3tkie, pomys\u0142y na pakowanie prezent\u00f3w, zagadki dla 5 latka, bardzo trudne zagadki, literki dla dzieci<\/p>\n<p>yyyyy<\/p>\n<p>&nbsp;<\/p>\n","protected":false},"excerpt":{"rendered":"<p>ConsTruck wywrotka \u017c\u00f3\u0142ta w siatce&#8221;Dla ma\u0142ych mi\u0142o\u015bnik\u00f3w du\u017cych pojazd\u00f3w firma Polesie Wader Quality Toys ma w swojej ofercie seri\u0119 samochod\u00f3w CONSTRUCK. Ich niew\u0105tpliw\u0105 zalet\u0105 jest jako\u015b\u0107 wykonania, co gwarantuje trwa\u0142o\u015b\u0107 i bezpiecze\u0144stwo podczas u\u017cytkowania.WYWROTKA \u017b\u00d3\u0141TA wyposa\u017cona jest w cztery szerokie, gumowe ko\u0142a. Ich struktura jest chropowata, co u\u0142atwia jazd\u0119 po r\u00f3\u017cnego rodzaju nawierzchniach (trawa, piasek). [&hellip;]<\/p>\n","protected":false},"featured_media":6004,"comment_status":"closed","ping_status":"open","template":"","meta":[],"product_cat":[83,514],"product_tag":[642,795,632],"class_list":["post-6003","product","type-product","status-publish","has-post-thumbnail","hentry","product_cat-auta-i-inne-pojazdy-do-zabawy","product_cat-wader","product_tag-mia-imie","product_tag-mini-zoo-warszawa","product_tag-warszawa-atrakcje-dla-mlodziezy"],"_links":{"self":[{"href":"http:\/\/klubmamgdynia.pl\/index.php\/wp-json\/wp\/v2\/product\/6003","targetHints":{"allow":["GET"]}}],"collection":[{"href":"http:\/\/klubmamgdynia.pl\/index.php\/wp-json\/wp\/v2\/product"}],"about":[{"href":"http:\/\/klubmamgdynia.pl\/index.php\/wp-json\/wp\/v2\/types\/product"}],"replies":[{"embeddable":true,"href":"http:\/\/klubmamgdynia.pl\/index.php\/wp-json\/wp\/v2\/comments?post=6003"}],"wp:featuredmedia":[{"embeddable":true,"href":"http:\/\/klubmamgdynia.pl\/index.php\/wp-json\/wp\/v2\/media\/6004"}],"wp:attachment":[{"href":"http:\/\/klubmamgdynia.pl\/index.php\/wp-json\/wp\/v2\/media?parent=6003"}],"wp:term":[{"taxonomy":"product_cat","embeddable":true,"href":"http:\/\/klubmamgdynia.pl\/index.php\/wp-json\/wp\/v2\/product_cat?post=6003"},{"taxonomy":"product_tag","embeddable":true,"href":"http:\/\/klubmamgdynia.pl\/index.php\/wp-json\/wp\/v2\/product_tag?post=6003"}],"curies":[{"name":"wp","href":"https:\/\/api.w.org\/{rel}","templated":true}]}}