{"id":6005,"date":"2013-04-20T00:00:45","date_gmt":"2013-04-19T22:00:45","guid":{"rendered":"http:\/\/klubmamgdynia.pl\/index.php\/produkt\/new-york-company-puzzle-1000el-sherlock-holmes\/"},"modified":"2026-04-06T03:07:44","modified_gmt":"2026-04-06T01:07:44","slug":"new-york-company-puzzle-1000el-sherlock-holmes","status":"publish","type":"product","link":"http:\/\/klubmamgdynia.pl\/index.php\/produkt\/new-york-company-puzzle-1000el-sherlock-holmes\/","title":{"rendered":"New York Company Puzzle 1000El. Sherlock Holmes"},"content":{"rendered":"<p>Puzzle z ameryka\u0144skiej firmy New York Puzzle Company s\u0105 eko przyjazne, farba do ich produkcji jest na bazie soi, sk\u0142adaj\u0105 si\u0119 z 1000 element\u00f3w po u\u0142o\u017ceniu tworz\u0105 obraz o wymiarach 68 x 49 cm. NAZWA PUZZLE 1000 SHERLOCK HOLMES PRODUCENT NEW YORK COMPANY WIEK 9+ ILO\u015a\u0106 ELEMENT\u00d3W 1000 EAN 0819844010225 Znajd\u017a podobne wed\u0142ug klucza: NEW_YORK_COMPANY PUZZLE PUZZLE_1000 (479601)<\/p>\n<h2>New York Company Puzzle 1000El. Sherlock Holmes <\/h2>\n<p>bajki dla ch\u0142opc\u00f3w do czytania, prezent dla nastoletniego ch\u0142opca, wroc\u0142aw dla dzieci, na roczek dla dziewczynki, zagadki walentynkowe, na roczek, mia imi\u0119, zabawy z pi\u0142k\u0105, kuchcikowo przepisy dla dzieci, mi\u0142osz imie, gdy strumyk p\u0142ynie z wolna, w zieleni \u0142\u0105ka majowa tekst<\/p>\n<p>yyyyy<\/p>\n<p>&nbsp;<\/p>\n","protected":false},"excerpt":{"rendered":"<p>Puzzle z ameryka\u0144skiej firmy New York Puzzle Company s\u0105 eko przyjazne, farba do ich produkcji jest na bazie soi, sk\u0142adaj\u0105 si\u0119 z 1000 element\u00f3w po u\u0142o\u017ceniu tworz\u0105 obraz o wymiarach 68 x 49 cm. NAZWA PUZZLE 1000 SHERLOCK HOLMES PRODUCENT NEW YORK COMPANY WIEK 9+ ILO\u015a\u0106 ELEMENT\u00d3W 1000 EAN 0819844010225 Znajd\u017a podobne wed\u0142ug klucza: NEW_YORK_COMPANY [&hellip;]<\/p>\n","protected":false},"featured_media":6006,"comment_status":"closed","ping_status":"open","template":"","meta":[],"product_cat":[90],"product_tag":[603,792,639,672,812],"class_list":["post-6005","product","type-product","status-publish","has-post-thumbnail","hentry","product_cat-puzzle","product_tag-bajki-do-czytania","product_tag-cytaty-o-mamie","product_tag-nela-imie","product_tag-trudne-zagadki-z-odpowiedziami","product_tag-zagadki-logiczne-na-inteligencje"],"_links":{"self":[{"href":"http:\/\/klubmamgdynia.pl\/index.php\/wp-json\/wp\/v2\/product\/6005","targetHints":{"allow":["GET"]}}],"collection":[{"href":"http:\/\/klubmamgdynia.pl\/index.php\/wp-json\/wp\/v2\/product"}],"about":[{"href":"http:\/\/klubmamgdynia.pl\/index.php\/wp-json\/wp\/v2\/types\/product"}],"replies":[{"embeddable":true,"href":"http:\/\/klubmamgdynia.pl\/index.php\/wp-json\/wp\/v2\/comments?post=6005"}],"wp:featuredmedia":[{"embeddable":true,"href":"http:\/\/klubmamgdynia.pl\/index.php\/wp-json\/wp\/v2\/media\/6006"}],"wp:attachment":[{"href":"http:\/\/klubmamgdynia.pl\/index.php\/wp-json\/wp\/v2\/media?parent=6005"}],"wp:term":[{"taxonomy":"product_cat","embeddable":true,"href":"http:\/\/klubmamgdynia.pl\/index.php\/wp-json\/wp\/v2\/product_cat?post=6005"},{"taxonomy":"product_tag","embeddable":true,"href":"http:\/\/klubmamgdynia.pl\/index.php\/wp-json\/wp\/v2\/product_tag?post=6005"}],"curies":[{"name":"wp","href":"https:\/\/api.w.org\/{rel}","templated":true}]}}