{"id":6007,"date":"2014-09-08T02:27:36","date_gmt":"2014-09-08T00:27:36","guid":{"rendered":"http:\/\/klubmamgdynia.pl\/index.php\/produkt\/humana-organic-obiadek-pomidorowo-warzywny-z-makaronem-po-6-miesiacu-190g\/"},"modified":"2026-04-29T18:01:43","modified_gmt":"2026-04-29T16:01:43","slug":"humana-organic-obiadek-pomidorowo-warzywny-z-makaronem-po-6-miesiacu-190g","status":"publish","type":"product","link":"http:\/\/klubmamgdynia.pl\/index.php\/produkt\/humana-organic-obiadek-pomidorowo-warzywny-z-makaronem-po-6-miesiacu-190g\/","title":{"rendered":"Humana Organic Obiadek Pomidorowo-Warzywny Z Makaronem Po 6 Miesi\u0105cu 190G"},"content":{"rendered":"<p>Obiadki Humana Organic zawieraj\u0105 dok\u0142adnie to, czego niemowl\u0119 potrzebuje, s\u0105 bowiem dopasowane pod wzgl\u0119dem sk\u0142adu i konsystencji do zmieniaj\u0105cych si\u0119 potrzeb, na poszczeg\u00f3lnych etapach rozwoju dziecka. Dania w s\u0142oiczkach nie zawieraj\u0105 \u017cadnych sztucznych barwnik\u00f3w, zag\u0119szczaczy i konserwant\u00f3w, a d\u0142ugi okres przydatno\u015bci do spo\u017cycia zawdzi\u0119czaj\u0105, zastosowaniu specjalnej technologii produkcji.Obiadek pomidorowo-warzywny z makaronem sporz\u0105dzony jest wy\u0142\u0105cznie z wyselekcjonowanych sk\u0142adnik\u00f3w organicznych. Nie zawiera dodatku soli i cukru (zawiera jedynie cukry naturalnie wyst\u0119puj\u0105ce w warzywach). Przeznaczony jest dla dzieci po 6. miesi\u0105cu \u017cycia.Spos\u00f3b przygotowania: zaplanowan\u0105 porcj\u0119 pokarmu nale\u017cy prze\u0142o\u017cy\u0107 do miseczki i podgrza\u0107 w k\u0105pieli wodnej. Przed podaniem nale\u017cy wymiesza\u0107 i sprawdzi\u0107 temperatur\u0119 pokarmu. Pozosta\u0142\u0105 niewykorzystan\u0105 porcj\u0119 zaleca si\u0119 przechowywa\u0107 w zamkni\u0119tym s\u0142oiczku w lod\u00f3wce do nast\u0119pnego dnia. Wyjmuj\u0105c produkt ze s\u0142oiczka u\u017cywaj plastikowej \u0142y\u017ceczki.Sk\u0142ad: warzywa** (puree pomidorowe**, marchewka**), odt\u0142uszczone mleko w proszku**, kasza manna (z pszenicy durum**), makaron** (z pszenicy durum**), olej rzepakowy**, woda.**z upraw ekologicznychProdukt zawiera gluten.W 100% organiczny.Zawiera sk\u0142adniki pochodz\u0105ce z mleka krowiego.Bez dodatku: cukr\u00f3w, soli, wzmacniaczy smaku, dodatk\u00f3w zapachowych, barwnik\u00f3w, konserwant\u00f3w i substancji zag\u0119szczaj\u0105cych.Nie u\u017cywaj, je\u015bli wieczko si\u0119 ugina. Bezpieczne zamkni\u0119cie pr\u00f3\u017cniowe &#8222;klika&#8221; przy pierwszym otwarciu.<\/p>\n<h2>Humana Organic Obiadek Pomidorowo-Warzywny Z Makaronem Po 6 Miesi\u0105cu 190G Humana<\/h2>\n<p>dinozaur bajka, rymowanki o pisankach, co kupi\u0107 nastolatce na urodziny, fajne zagadki, prezent na roczek nie zabawka, znaki drogowe do druku, kotki do druku, atrakcje wroc\u0142aw i okolice, zagadki dla dzieci 7-8 lat online, daniel imie, zagadki dla dzieci 6-7 lat online, kolorowanka lego, imi\u0119 mira, \u0142amig\u0142\u00f3wki s\u0142owne, kolorowanki minecraft<\/p>\n<p>yyyyy<\/p>\n<p>&nbsp;<\/p>\n","protected":false},"excerpt":{"rendered":"<p>Obiadki Humana Organic zawieraj\u0105 dok\u0142adnie to, czego niemowl\u0119 potrzebuje, s\u0105 bowiem dopasowane pod wzgl\u0119dem sk\u0142adu i konsystencji do zmieniaj\u0105cych si\u0119 potrzeb, na poszczeg\u00f3lnych etapach rozwoju dziecka. Dania w s\u0142oiczkach nie zawieraj\u0105 \u017cadnych sztucznych barwnik\u00f3w, zag\u0119szczaczy i konserwant\u00f3w, a d\u0142ugi okres przydatno\u015bci do spo\u017cycia zawdzi\u0119czaj\u0105, zastosowaniu specjalnej technologii produkcji.Obiadek pomidorowo-warzywny z makaronem sporz\u0105dzony jest wy\u0142\u0105cznie z [&hellip;]<\/p>\n","protected":false},"featured_media":6008,"comment_status":"closed","ping_status":"open","template":"","meta":[],"product_cat":[81,18],"product_tag":[660,747,599,609,661,577],"class_list":["post-6007","product","type-product","status-publish","has-post-thumbnail","hentry","product_cat-dania-dla-dzieci","product_cat-humana","product_tag-bianka","product_tag-malowanki-do-druku","product_tag-prezent-dla-nastolatkow-2021","product_tag-quiz-flagi-europy","product_tag-swinka-peppa-kolorowanka","product_tag-znaki-drogowe-test"],"_links":{"self":[{"href":"http:\/\/klubmamgdynia.pl\/index.php\/wp-json\/wp\/v2\/product\/6007","targetHints":{"allow":["GET"]}}],"collection":[{"href":"http:\/\/klubmamgdynia.pl\/index.php\/wp-json\/wp\/v2\/product"}],"about":[{"href":"http:\/\/klubmamgdynia.pl\/index.php\/wp-json\/wp\/v2\/types\/product"}],"replies":[{"embeddable":true,"href":"http:\/\/klubmamgdynia.pl\/index.php\/wp-json\/wp\/v2\/comments?post=6007"}],"wp:featuredmedia":[{"embeddable":true,"href":"http:\/\/klubmamgdynia.pl\/index.php\/wp-json\/wp\/v2\/media\/6008"}],"wp:attachment":[{"href":"http:\/\/klubmamgdynia.pl\/index.php\/wp-json\/wp\/v2\/media?parent=6007"}],"wp:term":[{"taxonomy":"product_cat","embeddable":true,"href":"http:\/\/klubmamgdynia.pl\/index.php\/wp-json\/wp\/v2\/product_cat?post=6007"},{"taxonomy":"product_tag","embeddable":true,"href":"http:\/\/klubmamgdynia.pl\/index.php\/wp-json\/wp\/v2\/product_tag?post=6007"}],"curies":[{"name":"wp","href":"https:\/\/api.w.org\/{rel}","templated":true}]}}