{"id":6009,"date":"2018-11-20T00:42:22","date_gmt":"2018-11-19T23:42:22","guid":{"rendered":"http:\/\/klubmamgdynia.pl\/index.php\/produkt\/classic-world-drewniana-literka-m\/"},"modified":"2026-05-02T12:47:00","modified_gmt":"2026-05-02T10:47:00","slug":"classic-world-drewniana-literka-m","status":"publish","type":"product","link":"http:\/\/klubmamgdynia.pl\/index.php\/produkt\/classic-world-drewniana-literka-m\/","title":{"rendered":"Classic World Drewniana Literka M"},"content":{"rendered":"<p>Classic World Literka M to idealny pomys\u0142 na zapoznawanie dzieci z alfabetem. Wygl\u0105d literek przyci\u0105ga wzrok dzi\u0119ki r\u00f3\u017cnorodnej kolorystyce z motywem zwierz\u0105tek. Estetyczne wykonanie sprawia, \u017ce dziecko \u0142atwiej b\u0119dzie uczy\u0107 si\u0119 ich rozr\u00f3\u017cnia\u0107. Zestaw literek to praktyczna edukacyjna zabawka. Dziecko bawi\u0105c si\u0119 pozna alfabet i nauczy si\u0119 tworzy\u0107 pierwsze s\u0142owa. Zbierz wszystkie literki, aby Twoje dziecko pozna\u0142o ca\u0142y alfabet.Specyfikacja:- W zestawie znajduje si\u0119 jedna literka- Materia\u0142 wykonania drewno- Wysoko\u015b\u0107 literki ok 6 cmCena obejmuje jedn\u0105 literk\u0119.Classic World to uznana firma produkuj\u0105ca zabawki. Firma ustawia poprzeczk\u0119 inny producentom przede wszystkim wysok\u0105 jako\u015bci\u0105 wykonania. Wiemy, \u017ce dzieci zas\u0142uguj\u0105 tylko na najlepsze zabawki. Classic World zapewnia to dzi\u0119ki rygorystycznemu procesowi kontroli jako\u015bci i produkcji. Firma obs\u0142uguje mi\u0119dzynarodowe standardy jako\u015bci.<\/p>\n<h2>Classic World Drewniana Literka M Classic World<\/h2>\n<p>\u017carty na prima aprilis w domu, bruno, warszawa z dzieckiem, kolorowanki do druku dla dziewczyn, jagna, krotkie zagadki, kolorowanki lego friends, m\u0105dre bajki dla dzieci do czytania, zdania do pisania dla dzieci do wydruku, pomysl na prezent na roczek, bajka na dobranoc do czytania, oryginalny prezent na roczek, kr\u00f3tkie zagadki matematyczne z odpowiedziami, quizy dla dzieci o zwierz\u0119tach<\/p>\n<p>yyyyy<\/p>\n<p>&nbsp;<\/p>\n","protected":false},"excerpt":{"rendered":"<p>Classic World Literka M to idealny pomys\u0142 na zapoznawanie dzieci z alfabetem. Wygl\u0105d literek przyci\u0105ga wzrok dzi\u0119ki r\u00f3\u017cnorodnej kolorystyce z motywem zwierz\u0105tek. Estetyczne wykonanie sprawia, \u017ce dziecko \u0142atwiej b\u0119dzie uczy\u0107 si\u0119 ich rozr\u00f3\u017cnia\u0107. Zestaw literek to praktyczna edukacyjna zabawka. Dziecko bawi\u0105c si\u0119 pozna alfabet i nauczy si\u0119 tworzy\u0107 pierwsze s\u0142owa. Zbierz wszystkie literki, aby Twoje [&hellip;]<\/p>\n","protected":false},"featured_media":6010,"comment_status":"closed","ping_status":"open","template":"","meta":[],"product_cat":[1409,555],"product_tag":[825,612,816,826,806,764],"class_list":["post-6009","product","type-product","status-publish","has-post-thumbnail","hentry","product_cat-classic-world","product_cat-dzieciece-akcesoria-dekoracyjne","product_tag-bajka-na-dobranoc-do-czytania","product_tag-kolorowanki-do-druku","product_tag-place-zabaw-warszawa","product_tag-prezent-dla-15-latka","product_tag-prezent-dla-dziecka-na-roczek","product_tag-prezenty-na-roczek-dla-dziewczynki"],"_links":{"self":[{"href":"http:\/\/klubmamgdynia.pl\/index.php\/wp-json\/wp\/v2\/product\/6009","targetHints":{"allow":["GET"]}}],"collection":[{"href":"http:\/\/klubmamgdynia.pl\/index.php\/wp-json\/wp\/v2\/product"}],"about":[{"href":"http:\/\/klubmamgdynia.pl\/index.php\/wp-json\/wp\/v2\/types\/product"}],"replies":[{"embeddable":true,"href":"http:\/\/klubmamgdynia.pl\/index.php\/wp-json\/wp\/v2\/comments?post=6009"}],"wp:featuredmedia":[{"embeddable":true,"href":"http:\/\/klubmamgdynia.pl\/index.php\/wp-json\/wp\/v2\/media\/6010"}],"wp:attachment":[{"href":"http:\/\/klubmamgdynia.pl\/index.php\/wp-json\/wp\/v2\/media?parent=6009"}],"wp:term":[{"taxonomy":"product_cat","embeddable":true,"href":"http:\/\/klubmamgdynia.pl\/index.php\/wp-json\/wp\/v2\/product_cat?post=6009"},{"taxonomy":"product_tag","embeddable":true,"href":"http:\/\/klubmamgdynia.pl\/index.php\/wp-json\/wp\/v2\/product_tag?post=6009"}],"curies":[{"name":"wp","href":"https:\/\/api.w.org\/{rel}","templated":true}]}}