{"id":601,"date":"2011-10-16T18:30:56","date_gmt":"2011-10-16T16:30:56","guid":{"rendered":"http:\/\/klubmamgdynia.pl\/index.php\/produkt\/askato-kastaniet-drewniany-zwierzatko\/"},"modified":"2026-05-17T22:06:43","modified_gmt":"2026-05-17T20:06:43","slug":"askato-kastaniet-drewniany-zwierzatko","status":"publish","type":"product","link":"http:\/\/klubmamgdynia.pl\/index.php\/produkt\/askato-kastaniet-drewniany-zwierzatko\/","title":{"rendered":"Askato Kastaniet Drewniany Zwierz\u0105tko"},"content":{"rendered":"<p>Mix wzor\u00f3w, towar wysy\u0142any losowo.Drewniane kastaniety \u017cabka, kaczuszka i biedronka sprawdz\u0105 si\u0119 jako jeden z pierwszych instrument\u00f3w dla Twojego dziecka.S\u0105 \u0142atwe w obs\u0142udze, dobrze wykonane i doskonale dopasowane rozmiarami do ma\u0142ej d\u0142oni.Kastaniety maj\u0105 zabawny z\u0105bek i s\u0105 pi\u0119knie pomalowane. \u017bywa kolorystyka zach\u0119ca malucha do zabawy.Kastaniety wydaj\u0105 d\u017awi\u0119ki przyjemne dla ucha. Kontakt z instrumentami od najm\u0142odszy lat wspiera rozw\u00f3j dziecka poprzez obcowanie z muzyk\u0105.Zabawa instrumentami uczy rozr\u00f3\u017cniania charakterystycznych d\u017awi\u0119k\u00f3w i poczucia rytmu. Przez zabaw\u0119 \u0142agodnie wprowadzamy dziecko w cudowny \u015bwiat muzyki.wymiary: 5.8 cmwiek 3+EAN: 6901440115634<\/p>\n<h2>Askato Kastaniet Drewniany Zwierz\u0105tko Askato<\/h2>\n<p>mia imi\u0119, super zings kolorowanka, okolice wroc\u0142awia atrakcje, testy z lektury opowie\u015bci z narnii lew czarownica i stara szafa, zagadki na dzie\u0144 przedszkolaka, kolorowanka konie, mitologia grecka quiz, alan imi\u0119, zagadka dla dzieci<\/p>\n<p>yyyyy<\/p>\n<p>&nbsp;<\/p>\n","protected":false},"excerpt":{"rendered":"<p>Mix wzor\u00f3w, towar wysy\u0142any losowo.Drewniane kastaniety \u017cabka, kaczuszka i biedronka sprawdz\u0105 si\u0119 jako jeden z pierwszych instrument\u00f3w dla Twojego dziecka.S\u0105 \u0142atwe w obs\u0142udze, dobrze wykonane i doskonale dopasowane rozmiarami do ma\u0142ej d\u0142oni.Kastaniety maj\u0105 zabawny z\u0105bek i s\u0105 pi\u0119knie pomalowane. \u017bywa kolorystyka zach\u0119ca malucha do zabawy.Kastaniety wydaj\u0105 d\u017awi\u0119ki przyjemne dla ucha. Kontakt z instrumentami od najm\u0142odszy [&hellip;]<\/p>\n","protected":false},"featured_media":602,"comment_status":"closed","ping_status":"open","template":"","meta":[],"product_cat":[230,155],"product_tag":[719,667,581],"class_list":["post-601","product","type-product","status-publish","has-post-thumbnail","hentry","product_cat-askato","product_cat-zabawki-muzyczne","product_tag-dziecko-cytaty-zlote-mysli","product_tag-kolorowanka-lol","product_tag-zagadki-dla-8-latka"],"_links":{"self":[{"href":"http:\/\/klubmamgdynia.pl\/index.php\/wp-json\/wp\/v2\/product\/601","targetHints":{"allow":["GET"]}}],"collection":[{"href":"http:\/\/klubmamgdynia.pl\/index.php\/wp-json\/wp\/v2\/product"}],"about":[{"href":"http:\/\/klubmamgdynia.pl\/index.php\/wp-json\/wp\/v2\/types\/product"}],"replies":[{"embeddable":true,"href":"http:\/\/klubmamgdynia.pl\/index.php\/wp-json\/wp\/v2\/comments?post=601"}],"wp:featuredmedia":[{"embeddable":true,"href":"http:\/\/klubmamgdynia.pl\/index.php\/wp-json\/wp\/v2\/media\/602"}],"wp:attachment":[{"href":"http:\/\/klubmamgdynia.pl\/index.php\/wp-json\/wp\/v2\/media?parent=601"}],"wp:term":[{"taxonomy":"product_cat","embeddable":true,"href":"http:\/\/klubmamgdynia.pl\/index.php\/wp-json\/wp\/v2\/product_cat?post=601"},{"taxonomy":"product_tag","embeddable":true,"href":"http:\/\/klubmamgdynia.pl\/index.php\/wp-json\/wp\/v2\/product_tag?post=601"}],"curies":[{"name":"wp","href":"https:\/\/api.w.org\/{rel}","templated":true}]}}