{"id":6013,"date":"2014-12-14T19:08:59","date_gmt":"2014-12-14T18:08:59","guid":{"rendered":"http:\/\/klubmamgdynia.pl\/index.php\/produkt\/monumi-harmonijka-ksiazeczka-kolorowanka-pojazdy-mpk000102\/"},"modified":"2026-05-17T22:10:35","modified_gmt":"2026-05-17T20:10:35","slug":"monumi-harmonijka-ksiazeczka-kolorowanka-pojazdy-mpk000102","status":"publish","type":"product","link":"http:\/\/klubmamgdynia.pl\/index.php\/produkt\/monumi-harmonijka-ksiazeczka-kolorowanka-pojazdy-mpk000102\/","title":{"rendered":"Monumi Harmonijka Ksi\u0105\u017ceczka Kolorowanka Pojazdy (MPK000102)"},"content":{"rendered":"<p>Czym r\u00f3\u017cni si\u0119 zwyk\u0142y samoch\u00f3d od wozu policyjnego? Jak wygl\u0105da samoch\u00f3d wy\u015bcigowy? To wszystko w tej ksi\u0105\u017ceczce znajdziecie!Ksi\u0105\u017ceczka \u2013 kolorowanka to wspania\u0142a zabawa dla ma\u0142ych dzieci. Grubszy papier pozwala na swobodne u\u017cycie farb czy flamastr\u00f3w, bez ryzyka, \u017ce papier si\u0119 pomarszczy. Ksi\u0105\u017ceczki s\u0105 zr\u00f3\u017cnicowane tematycznie, tak\u017ce ka\u017cdy na pewno znajdzie co\u015b dla siebie. Publikacje maj\u0105 r\u00f3\u017cne poziomy trudno\u015bci. Od prostych obrazk\u00f3w i pojedynczych s\u0142\u00f3w, do bardziej skomplikowanych grafik z wi\u0119ksz\u0105 ilo\u015bci\u0105 tekstu. Ksi\u0105\u017ceczka jest w formie harmonijki. Niewielkie rozmiary ksi\u0105\u017ceczek pozwalaj\u0105 wsz\u0119dzie j\u0105 ze sob\u0105 zabra\u0107. Teraz mo\u017cna kolorowa\u0107 ulubione obrazki w samochodzie, w przedszkolu, na pikniku czy w poczekalni. Dodatkowo tekturowe etui chroni obrazki przed zniszczeniem w plecaku czy torebce. W etui mo\u017cna tak\u017ce przechowywa\u0107 wyci\u0119te obrazki.Odrobina tekstu, wyra\u017ane kontury rysunk\u00f3w na pewno zach\u0119c\u0105 maluchy do wsp\u00f3lnej zabawy z rodzicami lub babci\u0105 czy dziadkiem. To wspania\u0142a okazja do sp\u0119dzenia wsp\u00f3lnego czasu. Najpierw mo\u017cna wsp\u00f3lnie pokolorowa\u0107 obrazki, a wieczorem powspomina\u0107 mile sp\u0119dzone chwile. Kt\u00f3\u017c nie chcia\u0142by przeczyta\u0107 na dobranoc bajeczki, kt\u00f3r\u0105 sam pokolorowa\u0142? Taka ksi\u0105\u017ceczka na pewno b\u0119dzie cennym okazem w biblioteczce dziecka. Pokolorowane obrazki mo\u017cna te\u017c wyci\u0105\u0107 i powiesi\u0107 na \u015bcianie, \u017ceby ozdobi\u0142y pok\u00f3j maluszka.Kolorowanie, to wspania\u0142a forma rozrywki i to dla ka\u017cdego. Nie wa\u017cne czy kto\u015b na cztery czy sto cztery lata, bo zabawa z kredkami jest dla ka\u017cdego. To wspania\u0142e \u0107wiczenie dla kreatywno\u015bci i wyobra\u017ani. To mo\u017cliwo\u015b\u0107 odstresowania si\u0119, to te\u017c nauka poprzez zabaw\u0119. To cudowny spos\u00f3b na \u0107wiczenia r\u0105czki i koncentracji malucha. Dzieci uwielbiaj\u0105 bawi\u0107 si\u0119 kolorami. Uwielbiaj\u0105 odkrywa\u0107 nowe po\u0142\u0105czenie barw, nowe wzory kolorowanek. \u015awietnie si\u0119 przy tym bawi\u0105, a w\u0142a\u015bnie to w tym wszystkim jest najwa\u017cniejsze. Dzieci\u0119cy u\u015bmiech! To kt\u00f3r\u0105 ksi\u0105\u017ceczk\u0119 pokolorujesz?Jak wygl\u0105da motor, samoch\u00f3d osobowy i samolot?tw\u00f3rz ksi\u0105\u017ceczk\u0119 i poznaj pojazdy, kt\u00f3red poruszaj\u0105 si\u0119 po drodze, lataj\u0105 w powietrzu i p\u0142ywaj\u0105 po morzu. Dowiesz si\u0119, jak wygl\u0105da rakieta i samoch\u00f3d ci\u0119\u017carowy. Obrazki s\u0105 przejrzyste i bardzo proste, przeznaczone dla najm\u0142odszych dzieci ciekawych otaczaj\u0105cego ich \u015bwiata. Kolorowanki pobudzaj\u0105 wyobra\u017ani\u0119 i wspieraj\u0105 kreatywne my\u015blenie.Ksi\u0105\u017ceczka \u2013 harmonijka to niewielkie kolorowanki, kt\u00f3re ka\u017cdego zachwyc\u0105. S\u0105 bardzo zr\u00f3\u017cnicowane tematycznie, wi\u0119c na pewno ka\u017cdy znajdzie co\u015b dla siebie. \u201eZwierzaki na wsi\u201d, \u201ePojazdy\u201d, \u201eDzikie zwierzaki\u201d, \u201eDzie\u0144 w ZOO\u201d, to tylko niekt\u00f3re z propozycji. Seria ma mniej lub bardziej szczeg\u00f3\u0142owe obrazki do pokolorowania. Dzi\u0119ki takiemu zr\u00f3\u017cnicowaniu stopnia trudno\u015bci, rodzice mog\u0105 dobra\u0107 kolorowank\u0119 odpowiednio do wieku dziecka.Ksi\u0105\u017ceczki \u2013 kolorowanki maj\u0105 ciekaw\u0105 form\u0119 harmonijki. Wykonane s\u0105 z grubszej tektury, dzi\u0119ki czemu tak szybko nie zniszcz\u0105 si\u0119 i bez obaw mo\u017cna malowa\u0107 po nich farbami czy flamastrami. Dodatkowym atutem jest tekturowe etui, kt\u00f3re ochroni ksi\u0105\u017ceczk\u0119 od przypadkowych zniszcze\u0144 podczas przenoszenia jej w plecaku czy torebce. Etui mo\u017ce te\u017c pos\u0142u\u017cy\u0107 do przechowywania wyci\u0119tych obrazk\u00f3w. Obrazki mo\u017cna tak\u017ce powiesi\u0107 na \u015bcianie w pokoju maluszka, albo podarowa\u0107 je w prezencie najbli\u017cszej osobie.Ma\u0142y format ksi\u0105\u017ceczki pozwala wsz\u0119dzie j\u0105 ze sob\u0105 zabra\u0107. Teraz podr\u00f3\u017c samochodem, czy oczekiwanie na wizyt\u0119 u lekarza mo\u017ce by\u0107 o wiele przyjemniejsze.Dzieci uwielbiaj\u0105 kreatywne zabawy, a kolorowanka to jedna z ich ulubionych rozrywek. Czarno \u2013 bia\u0142a przestrze\u0144 daje im nieograniczone mo\u017cliwo\u015bci zape\u0142nienia kolorami, co jeszcze bardziej rozwija kreatywno\u015b\u0107 i wyobra\u017ani\u0119 dzieci. Tym bardziej, \u017ce kolorowa\u0107 mo\u017cna z mam\u0105, tat\u0105, babci\u0105 czy dziadkiem, albo wsp\u00f3lnie z innymi dzie\u0107mi w przedszkolu. To stwarza mo\u017cliwo\u015b\u0107 pracy zespo\u0142owej i mo\u017ce podsun\u0105\u0107 nowe pomys\u0142y przy ozdabianiu obrazk\u00f3w. Kolorowanka to znakomity spos\u00f3b na wyciszenie emocji oraz na nud\u0119! Jest tyle wspania\u0142ych wzor\u00f3w do pokolorowania, a ksi\u0105\u017ceczki \u2013 kolorowanki to tak\u017ce kr\u00f3tkie historyjki do czytania. Dzi\u0119ki temu jest o wiele wi\u0119cej zabawy! Taka w\u0142asnor\u0119cznie pokolorowana bajeczka b\u0119dzie cennym okazem w biblioteczce malucha.Kolorowanie to znakomity spos\u00f3b na wy\u0107wiczenie ma\u0142ej motoryki, czyli sprawno\u015bci palc\u00f3w i d\u0142oni. Dobrze wy\u0107wiczona r\u0105czka, to p\u00f3\u017aniej o wiele \u0142atwiejsza nauka pisania. Poprzez zabaw\u0119 dziecko \u0107wiczy koordynacj\u0119 oko \u2013 umys\u0142 \u2013 r\u0119ka. Im wi\u0119cej czasu sp\u0119dzi na zabawie z kredkami, tym \u0142atwiej b\u0119dzie mu przychodzi\u0142o kolorowanie bez wyje\u017cd\u017cania kredkami za linie. A to wspania\u0142y pocz\u0105tek do opanowania szlaczk\u00f3w.Kolorowanki to te\u017c pewnego rodzaju sztuka. Dziecko tworzy swoje pierwsze dzie\u0142a, ch\u0119tnie si\u0119 nimi chwali, a gdy s\u0142yszy pozytywne komentarze, ro\u015bnie jego samoocena. Ksi\u0105\u017ceczka \u2013 kolorowanka, to same korzy\u015bci dla m\u0142odego artysty, a przede wszystkim, to ogromna rado\u015b\u0107 z tworzenia.<\/p>\n<h2>Monumi Harmonijka Ksi\u0105\u017ceczka Kolorowanka Pojazdy (MPK000102) <\/h2>\n<p>karty pracy do druku za darmo, prezent dla siedemnastolatka, policja kolorowanka, rebusy i krzy\u017c\u00f3wki dla dzieci do druku<\/p>\n<p>yyyyy<\/p>\n<p>&nbsp;<\/p>\n","protected":false},"excerpt":{"rendered":"<p>Czym r\u00f3\u017cni si\u0119 zwyk\u0142y samoch\u00f3d od wozu policyjnego? Jak wygl\u0105da samoch\u00f3d wy\u015bcigowy? To wszystko w tej ksi\u0105\u017ceczce znajdziecie!Ksi\u0105\u017ceczka \u2013 kolorowanka to wspania\u0142a zabawa dla ma\u0142ych dzieci. Grubszy papier pozwala na swobodne u\u017cycie farb czy flamastr\u00f3w, bez ryzyka, \u017ce papier si\u0119 pomarszczy. Ksi\u0105\u017ceczki s\u0105 zr\u00f3\u017cnicowane tematycznie, tak\u017ce ka\u017cdy na pewno znajdzie co\u015b dla siebie. Publikacje maj\u0105 [&hellip;]<\/p>\n","protected":false},"featured_media":6014,"comment_status":"closed","ping_status":"open","template":"","meta":[],"product_cat":[297],"product_tag":[700,784,872],"class_list":["post-6013","product","type-product","status-publish","has-post-thumbnail","hentry","product_cat-szkolne-artykuly-plastyczne","product_tag-bajki-do-czytania-dla-dzieci","product_tag-hymn-gorniczy","product_tag-zagadki-dla-dzieci-6-lat"],"_links":{"self":[{"href":"http:\/\/klubmamgdynia.pl\/index.php\/wp-json\/wp\/v2\/product\/6013","targetHints":{"allow":["GET"]}}],"collection":[{"href":"http:\/\/klubmamgdynia.pl\/index.php\/wp-json\/wp\/v2\/product"}],"about":[{"href":"http:\/\/klubmamgdynia.pl\/index.php\/wp-json\/wp\/v2\/types\/product"}],"replies":[{"embeddable":true,"href":"http:\/\/klubmamgdynia.pl\/index.php\/wp-json\/wp\/v2\/comments?post=6013"}],"wp:featuredmedia":[{"embeddable":true,"href":"http:\/\/klubmamgdynia.pl\/index.php\/wp-json\/wp\/v2\/media\/6014"}],"wp:attachment":[{"href":"http:\/\/klubmamgdynia.pl\/index.php\/wp-json\/wp\/v2\/media?parent=6013"}],"wp:term":[{"taxonomy":"product_cat","embeddable":true,"href":"http:\/\/klubmamgdynia.pl\/index.php\/wp-json\/wp\/v2\/product_cat?post=6013"},{"taxonomy":"product_tag","embeddable":true,"href":"http:\/\/klubmamgdynia.pl\/index.php\/wp-json\/wp\/v2\/product_tag?post=6013"}],"curies":[{"name":"wp","href":"https:\/\/api.w.org\/{rel}","templated":true}]}}