{"id":6015,"date":"2011-04-13T08:56:27","date_gmt":"2011-04-13T06:56:27","guid":{"rendered":"http:\/\/klubmamgdynia.pl\/index.php\/produkt\/yope-kids-hand-soap-for-kids-coconut-mint-400ml\/"},"modified":"2026-05-17T22:17:54","modified_gmt":"2026-05-17T20:17:54","slug":"yope-kids-hand-soap-for-kids-coconut-mint-400ml","status":"publish","type":"product","link":"http:\/\/klubmamgdynia.pl\/index.php\/produkt\/yope-kids-hand-soap-for-kids-coconut-mint-400ml\/","title":{"rendered":"Yope Kids Hand Soap For Kids Coconut &amp; Mint 400Ml"},"content":{"rendered":"<p>Naturalny p\u0142yn do mycia naczy\u0144 Og\u00f3rek to wyj\u0105tkowo przyjemny w u\u017cyciu kuchenny pomocnik, kt\u00f3ry nie tylko skutecznie umyje naczynia, ale r\u00f3wnie\u017c zadba o sk\u00f3r\u0119 d\u0142oni. Chcieli\u015bmy odczarowa\u0107 zmywanie, wi\u0119c z troski o d\u0142onie nasz p\u0142yn do naczy\u0144 ma:-neutralne pH i nie narusza bariery ochronnej nask\u00f3rka, -jest wyj\u0105tkowo \u0142agodny dla sk\u00f3ry,-wyci\u0105gi z og\u00f3rka i aloesu, kt\u00f3re nawil\u017caj\u0105 i od\u017cywiaj\u0105 sk\u00f3r\u0119.Pachnie wyj\u0105tkowo apetycznie i \u015bwie\u017co, jak dopiero co zerwane og\u00f3rki!Lekka, \u017celowa konsystencja sprawia, \u017ce jest bardzo wydajny. Skutecznie usuwa t\u0142uszcz i wszelkie inne zanieczyszczenia. Naczynia s\u0105 czyste, b\u0142yszcz\u0105ce i \u0142adnie pachn\u0105ce. 750 ml<\/p>\n<h2>Yope Kids Hand Soap For Kids Coconut &amp; Mint 400Ml Yope<\/h2>\n<p>dobranoc zimowo, markowa, aneta, przys\u0142owia o rodzinie, quizy o flagach, bajki o ksi\u0119\u017cniczkach do czytania, pomys\u0142 na prezent dla 15 latki, koty rysunki, miriam imie, zagadka logiczna dla dzieci, zaproszenia na urodziny do wydruku czarno bia\u0142e, pomysly na prima aprilis, krotkie zagadki, quiz o \u015bwi\u0119tach, miriam imi\u0119, zings kolorowanka, najpi\u0119kniejsze cytaty o przyja\u017ani<\/p>\n<p>yyyyy<\/p>\n<p>&nbsp;<\/p>\n","protected":false},"excerpt":{"rendered":"<p>Naturalny p\u0142yn do mycia naczy\u0144 Og\u00f3rek to wyj\u0105tkowo przyjemny w u\u017cyciu kuchenny pomocnik, kt\u00f3ry nie tylko skutecznie umyje naczynia, ale r\u00f3wnie\u017c zadba o sk\u00f3r\u0119 d\u0142oni. Chcieli\u015bmy odczarowa\u0107 zmywanie, wi\u0119c z troski o d\u0142onie nasz p\u0142yn do naczy\u0144 ma:-neutralne pH i nie narusza bariery ochronnej nask\u00f3rka, -jest wyj\u0105tkowo \u0142agodny dla sk\u00f3ry,-wyci\u0105gi z og\u00f3rka i aloesu, kt\u00f3re [&hellip;]<\/p>\n","protected":false},"featured_media":6016,"comment_status":"closed","ping_status":"open","template":"","meta":[],"product_cat":[474,1412],"product_tag":[851,618,607],"class_list":["post-6015","product","type-product","status-publish","has-post-thumbnail","hentry","product_cat-kosmetyki-dla-dzieci-i-niemowlat","product_cat-yope","product_tag-jak-narysowac-kota","product_tag-lato-lato-lato-czeka-tekst","product_tag-zarty-na-prima-aprilis-dla-rodzicow"],"_links":{"self":[{"href":"http:\/\/klubmamgdynia.pl\/index.php\/wp-json\/wp\/v2\/product\/6015","targetHints":{"allow":["GET"]}}],"collection":[{"href":"http:\/\/klubmamgdynia.pl\/index.php\/wp-json\/wp\/v2\/product"}],"about":[{"href":"http:\/\/klubmamgdynia.pl\/index.php\/wp-json\/wp\/v2\/types\/product"}],"replies":[{"embeddable":true,"href":"http:\/\/klubmamgdynia.pl\/index.php\/wp-json\/wp\/v2\/comments?post=6015"}],"wp:featuredmedia":[{"embeddable":true,"href":"http:\/\/klubmamgdynia.pl\/index.php\/wp-json\/wp\/v2\/media\/6016"}],"wp:attachment":[{"href":"http:\/\/klubmamgdynia.pl\/index.php\/wp-json\/wp\/v2\/media?parent=6015"}],"wp:term":[{"taxonomy":"product_cat","embeddable":true,"href":"http:\/\/klubmamgdynia.pl\/index.php\/wp-json\/wp\/v2\/product_cat?post=6015"},{"taxonomy":"product_tag","embeddable":true,"href":"http:\/\/klubmamgdynia.pl\/index.php\/wp-json\/wp\/v2\/product_tag?post=6015"}],"curies":[{"name":"wp","href":"https:\/\/api.w.org\/{rel}","templated":true}]}}