{"id":6017,"date":"2023-03-16T20:34:54","date_gmt":"2023-03-16T19:34:54","guid":{"rendered":"http:\/\/klubmamgdynia.pl\/?post_type=product&#038;p=6017"},"modified":"2026-04-20T10:41:28","modified_gmt":"2026-04-20T08:41:28","slug":"mata-bambusowa-pvc-oslona-balkon-2x3m-zielona","status":"publish","type":"product","link":"http:\/\/klubmamgdynia.pl\/index.php\/produkt\/mata-bambusowa-pvc-oslona-balkon-2x3m-zielona\/","title":{"rendered":"Mata Bambusowa Pvc Os\u0142ona Balkon 2X3M Zielona"},"content":{"rendered":"<p>XPress Stainless elbow 90 deg. FF 15<\/p>\n<h2>Mata Bambusowa Pvc Os\u0142ona Balkon 2X3M Zielona <\/h2>\n<p>kr\u00f3tkie zagadki, opowie\u015bci z narnii lew czarownica i stara szafa test do wydruku, pytania zagadki, pytania o \u015bwi\u0119ta dla dzieci, wakacje kolorowanka, historia pluszowego misia dla dzieci, podchwytliwe zagadki dla dzieci, jasmin imi\u0119, tekst ko\u0142ysanki, basen dla dzieci warszawa, film rodzinny o \u015bwi\u0119tach, pieski pies kolorowanka, julian, kolorowanki \u015bwi\u0119to niepodleg\u0142o\u015bci do druku, samolot kolorowanka, kinderbal przepisy, opisy do zdj\u0119\u0107 z dzieckiem, co na prezent dla 7 latki, cytaty dla mamy od c\u00f3rki, quizy ortograficzne trudne, \u015bmieszne zagadki dla dzieci 10 lat<\/p>\n<p>yyyyy<\/p>\n<p>&nbsp;<\/p>\n","protected":false},"excerpt":{"rendered":"<p>XPress Stainless elbow 90 deg. FF 15 Mata Bambusowa Pvc Os\u0142ona Balkon 2X3M Zielona kr\u00f3tkie zagadki, opowie\u015bci z narnii lew czarownica i stara szafa test do wydruku, pytania zagadki, pytania o \u015bwi\u0119ta dla dzieci, wakacje kolorowanka, historia pluszowego misia dla dzieci, podchwytliwe zagadki dla dzieci, jasmin imi\u0119, tekst ko\u0142ysanki, basen dla dzieci warszawa, film rodzinny [&hellip;]<\/p>\n","protected":false},"featured_media":6018,"comment_status":"closed","ping_status":"open","template":"","meta":[],"product_cat":[1413],"product_tag":[837,802,706,764],"class_list":["post-6017","product","type-product","status-publish","has-post-thumbnail","hentry","product_cat-ogrodzenia-i-ploty","product_tag-cicha-noc-po-angielsku","product_tag-co-kupic-dziewczynce-na-roczek","product_tag-imie-kuba","product_tag-prezenty-na-roczek-dla-dziewczynki"],"_links":{"self":[{"href":"http:\/\/klubmamgdynia.pl\/index.php\/wp-json\/wp\/v2\/product\/6017","targetHints":{"allow":["GET"]}}],"collection":[{"href":"http:\/\/klubmamgdynia.pl\/index.php\/wp-json\/wp\/v2\/product"}],"about":[{"href":"http:\/\/klubmamgdynia.pl\/index.php\/wp-json\/wp\/v2\/types\/product"}],"replies":[{"embeddable":true,"href":"http:\/\/klubmamgdynia.pl\/index.php\/wp-json\/wp\/v2\/comments?post=6017"}],"wp:featuredmedia":[{"embeddable":true,"href":"http:\/\/klubmamgdynia.pl\/index.php\/wp-json\/wp\/v2\/media\/6018"}],"wp:attachment":[{"href":"http:\/\/klubmamgdynia.pl\/index.php\/wp-json\/wp\/v2\/media?parent=6017"}],"wp:term":[{"taxonomy":"product_cat","embeddable":true,"href":"http:\/\/klubmamgdynia.pl\/index.php\/wp-json\/wp\/v2\/product_cat?post=6017"},{"taxonomy":"product_tag","embeddable":true,"href":"http:\/\/klubmamgdynia.pl\/index.php\/wp-json\/wp\/v2\/product_tag?post=6017"}],"curies":[{"name":"wp","href":"https:\/\/api.w.org\/{rel}","templated":true}]}}