{"id":6019,"date":"2012-01-29T02:18:24","date_gmt":"2012-01-29T01:18:24","guid":{"rendered":"http:\/\/klubmamgdynia.pl\/index.php\/produkt\/vidaxl-adapter-uniwersalny-szer-30mm-dl-171mm-quikfit-1000617-409344\/"},"modified":"2026-05-17T22:10:34","modified_gmt":"2026-05-17T20:10:34","slug":"vidaxl-adapter-uniwersalny-szer-30mm-dl-171mm-quikfit-1000617-409344","status":"publish","type":"product","link":"http:\/\/klubmamgdynia.pl\/index.php\/produkt\/vidaxl-adapter-uniwersalny-szer-30mm-dl-171mm-quikfit-1000617-409344\/","title":{"rendered":"Vidaxl Adapter Uniwersalny Szer.30mm D\u0142.171mm Quikfit [1000617] (409344)"},"content":{"rendered":"<p>Fiskars QuikFit\u2122 to pe\u0142na gama narz\u0119dzi, mocowanych na aluminiowym trzonku, pozwalaj\u0105cych wykonywa\u0107 szereg prac ogrodniczych.System Fiskars QuikFit\u2122 z wymiennymi g\u0142owicami pozwala na wydajn\u0105 prac\u0119 i u\u0142atwia utrzymanie porz\u0105dku w\u015br\u00f3d narz\u0119dzi ogrodniczych.To wszechstronne rozwi\u0105zanie jest \u0142atwe w u\u017cyciu, zabiera niewiele miejsca i pozwala wykona\u0107 nawet najtrudniejsze ogrodnicze zadanie.Szeroki wachlarz wymiennych g\u0142owic pozwala dobra\u0107 odpowiednie narz\u0119dzie do danej czynno\u015bci.Do \u0142\u0105czenia g\u0142owic r\u00f3\u017cnych producent\u00f3w z trzonkiem QuikFitAdapter z wysokiej jako\u015bci tworzywaDane techniczne:Numer produktu: 130000Numer artyku\u0142u: 1000617Kod EAN: 6411501300003D\u0142ugo\u015b\u0107: 171 mm<\/p>\n<h2>Vidaxl Adapter Uniwersalny Szer.30mm D\u0142.171mm Quikfit [1000617] (409344) VidaXL<\/h2>\n<p>minecraft kolorowanki, pomysly na prima aprilis, zagadki dla dzieci 9-10 lat z odpowiedziami, literki do druku, bombki do kolorowania, bajki dla niemowl\u0105t, piosenka na dzie\u0144 nauczyciela przedszkole, ch\u0142opcy z placu broni &#8211; test, lol surprise kolorowanka, ostatni dzwonek tekst, zagadki s\u0142owne, zagadki z odpowiedziami dla dzieci, prezenty na dzie\u0144 dziecka dla nastolatk\u00f3w, cytaty o przyja\u017ani, test miko\u0142ajek, nauka pisania wyraz\u00f3w dla dzieci do druku pdf, ja\u015bmina imi\u0119, ciekawostki o je\u017cach, irma, smok wawelski kolorowanka<\/p>\n<p>yyyyy<\/p>\n<p>&nbsp;<\/p>\n","protected":false},"excerpt":{"rendered":"<p>Fiskars QuikFit\u2122 to pe\u0142na gama narz\u0119dzi, mocowanych na aluminiowym trzonku, pozwalaj\u0105cych wykonywa\u0107 szereg prac ogrodniczych.System Fiskars QuikFit\u2122 z wymiennymi g\u0142owicami pozwala na wydajn\u0105 prac\u0119 i u\u0142atwia utrzymanie porz\u0105dku w\u015br\u00f3d narz\u0119dzi ogrodniczych.To wszechstronne rozwi\u0105zanie jest \u0142atwe w u\u017cyciu, zabiera niewiele miejsca i pozwala wykona\u0107 nawet najtrudniejsze ogrodnicze zadanie.Szeroki wachlarz wymiennych g\u0142owic pozwala dobra\u0107 odpowiednie narz\u0119dzie do [&hellip;]<\/p>\n","protected":false},"featured_media":6020,"comment_status":"closed","ping_status":"open","template":"","meta":[],"product_cat":[1411,23],"product_tag":[750,657,614,785],"class_list":["post-6019","product","type-product","status-publish","has-post-thumbnail","hentry","product_cat-pozostale-narzedzia-reczne-do-ogrodu","product_cat-vidaxl","product_tag-imie-kostek","product_tag-lol-kolorowanka","product_tag-pia","product_tag-prezent-dla-nastolatkow"],"_links":{"self":[{"href":"http:\/\/klubmamgdynia.pl\/index.php\/wp-json\/wp\/v2\/product\/6019","targetHints":{"allow":["GET"]}}],"collection":[{"href":"http:\/\/klubmamgdynia.pl\/index.php\/wp-json\/wp\/v2\/product"}],"about":[{"href":"http:\/\/klubmamgdynia.pl\/index.php\/wp-json\/wp\/v2\/types\/product"}],"replies":[{"embeddable":true,"href":"http:\/\/klubmamgdynia.pl\/index.php\/wp-json\/wp\/v2\/comments?post=6019"}],"wp:featuredmedia":[{"embeddable":true,"href":"http:\/\/klubmamgdynia.pl\/index.php\/wp-json\/wp\/v2\/media\/6020"}],"wp:attachment":[{"href":"http:\/\/klubmamgdynia.pl\/index.php\/wp-json\/wp\/v2\/media?parent=6019"}],"wp:term":[{"taxonomy":"product_cat","embeddable":true,"href":"http:\/\/klubmamgdynia.pl\/index.php\/wp-json\/wp\/v2\/product_cat?post=6019"},{"taxonomy":"product_tag","embeddable":true,"href":"http:\/\/klubmamgdynia.pl\/index.php\/wp-json\/wp\/v2\/product_tag?post=6019"}],"curies":[{"name":"wp","href":"https:\/\/api.w.org\/{rel}","templated":true}]}}