{"id":6021,"date":"2016-09-12T12:54:50","date_gmt":"2016-09-12T10:54:50","guid":{"rendered":"http:\/\/klubmamgdynia.pl\/index.php\/produkt\/smoby-disney-kraina-lodu-wozek-serwisowy-zabawka\/"},"modified":"2026-04-05T22:29:24","modified_gmt":"2026-04-05T20:29:24","slug":"smoby-disney-kraina-lodu-wozek-serwisowy-zabawka","status":"publish","type":"product","link":"http:\/\/klubmamgdynia.pl\/index.php\/produkt\/smoby-disney-kraina-lodu-wozek-serwisowy-zabawka\/","title":{"rendered":"Smoby Disney Kraina Lodu W\u00f3zek Serwisowy &#8211; Zabawka"},"content":{"rendered":"<p>Przygotuj herbatk\u0119 dla swoich przyjaci\u00f3\u0142. Przy pomocy tego bufeciku na k\u00f3\u0142kach Twoje dziecko mo\u017ce zaprosi\u0107 Ci\u0119 na eleganckie przyj\u0119cie. Tac\u0119 z w\u00f3zka mo\u017cna zdj\u0105\u0107 i mo\u017ce pe\u0142ni\u0107 funkcje zwyk\u0142ej tacy na herbatk\u0119. Bufecik ma wszystko czego b\u0119dziesz potrzebowa\u0142:2 szklanki z n\u00f3\u017ckami2 talerze z nadrukiem z postaciami z Krainy lodu2 no\u017ce, 2 \u0142y\u017cki, 2 widelce2 fili\u017cankiczajniczekcukiernic\u0119dzbanek na mleko                            <\/p>\n<p>Zestaw zosta\u0142 ozdobiony motywami z filmu Kraina Lodu, wi\u0119c z pewno\u015bci\u0105 spodoba si\u0119 wszystkim jego ma\u0142ym fanom. Dzi\u0119ki niemu dzieci mog\u0105 urz\u0105dza\u0107 wspania\u0142e przyj\u0119cia z herbatk\u0105 dla swoich kole\u017canek i koleg\u00f3w b\u0105d\u017a ulubionych                            <\/p>\n<p>Frozen &#8211; Kraina Lodu 2 druga cz\u0119\u015b\u0107 filmu ma przede wszystkim da\u0107 odpowied\u017a na pytanie, kt\u00f3re zadaje sobie wielu fan\u00f3w &#8222;Krainy Lodu&#8221; &#8211; dlaczego Elsa urodzi\u0142a si\u0119 z magicznymi mocami? Odpowied\u017a na to pytanie zagra\u017ca jej i kr\u00f3lestwu w Arendelle. Aby uratowa\u0107 kr\u00f3lestwo &#8211; Elsa, Anna, Kristoff, Olaf i Sven musz\u0105 uda\u0107 si\u0119 w &#8222;niebezpieczn\u0105, ale niezwyk\u0142\u0105 podr\u00f3\u017c&#8221;. W pierwszej cz\u0119\u015bci &#8222;Krainy Lodu&#8221; Elsa obawia\u0142a si\u0119, \u017ce jej moce by\u0142y zbyt du\u017ce dla \u015bwiata. W drugiej cz\u0119\u015bci musi mie\u0107 nadziej\u0119, \u017ce s\u0105 wystarczaj\u0105ce!<\/p>\n<h2>Smoby Disney Kraina Lodu W\u00f3zek Serwisowy &#8211; Zabawka Smoby<\/h2>\n<p>prezent dla 15 latki 2021, quizy i zagadki wielkanocne, platformy edukacyjne, wiosna kolorowanka do druku, psi patrol kolorowanka do druku, paula znaczenie imienia, materac do basenu, dinozaur bajka, zabawy dla 5-6 latk\u00f3w, co kupi\u0107 nastolatce na urodziny, krecik bajka, zdrowe przepisy dla dzieci, mia imi\u0119<\/p>\n<p>yyyyy<\/p>\n<p>&nbsp;<\/p>\n","protected":false},"excerpt":{"rendered":"<p>Przygotuj herbatk\u0119 dla swoich przyjaci\u00f3\u0142. Przy pomocy tego bufeciku na k\u00f3\u0142kach Twoje dziecko mo\u017ce zaprosi\u0107 Ci\u0119 na eleganckie przyj\u0119cie. Tac\u0119 z w\u00f3zka mo\u017cna zdj\u0105\u0107 i mo\u017ce pe\u0142ni\u0107 funkcje zwyk\u0142ej tacy na herbatk\u0119. Bufecik ma wszystko czego b\u0119dziesz potrzebowa\u0142:2 szklanki z n\u00f3\u017ckami2 talerze z nadrukiem z postaciami z Krainy lodu2 no\u017ce, 2 \u0142y\u017cki, 2 widelce2 fili\u017cankiczajniczekcukiernic\u0119dzbanek [&hellip;]<\/p>\n","protected":false},"featured_media":6022,"comment_status":"closed","ping_status":"open","template":"","meta":[],"product_cat":[53,556],"product_tag":[839,768,618,644,870,717,756],"class_list":["post-6021","product","type-product","status-publish","has-post-thumbnail","hentry","product_cat-kaciki-zabaw","product_cat-smoby","product_tag-bajki-na-dobranoc-do-czytania","product_tag-krotkie-zagadki-logiczne","product_tag-lato-lato-lato-czeka-tekst","product_tag-mia","product_tag-prezent-dla-chlopca-na-roczek","product_tag-prezent-roczek","product_tag-zaproszenie-na-urodziny-do-druku"],"_links":{"self":[{"href":"http:\/\/klubmamgdynia.pl\/index.php\/wp-json\/wp\/v2\/product\/6021","targetHints":{"allow":["GET"]}}],"collection":[{"href":"http:\/\/klubmamgdynia.pl\/index.php\/wp-json\/wp\/v2\/product"}],"about":[{"href":"http:\/\/klubmamgdynia.pl\/index.php\/wp-json\/wp\/v2\/types\/product"}],"replies":[{"embeddable":true,"href":"http:\/\/klubmamgdynia.pl\/index.php\/wp-json\/wp\/v2\/comments?post=6021"}],"wp:featuredmedia":[{"embeddable":true,"href":"http:\/\/klubmamgdynia.pl\/index.php\/wp-json\/wp\/v2\/media\/6022"}],"wp:attachment":[{"href":"http:\/\/klubmamgdynia.pl\/index.php\/wp-json\/wp\/v2\/media?parent=6021"}],"wp:term":[{"taxonomy":"product_cat","embeddable":true,"href":"http:\/\/klubmamgdynia.pl\/index.php\/wp-json\/wp\/v2\/product_cat?post=6021"},{"taxonomy":"product_tag","embeddable":true,"href":"http:\/\/klubmamgdynia.pl\/index.php\/wp-json\/wp\/v2\/product_tag?post=6021"}],"curies":[{"name":"wp","href":"https:\/\/api.w.org\/{rel}","templated":true}]}}