{"id":6025,"date":"2014-06-06T01:38:29","date_gmt":"2014-06-05T23:38:29","guid":{"rendered":"http:\/\/klubmamgdynia.pl\/index.php\/produkt\/astra-plecak-dla-dziewczynki-z-kotkiem-head-kitty-ombre-ab330\/"},"modified":"2026-05-17T22:24:11","modified_gmt":"2026-05-17T20:24:11","slug":"astra-plecak-dla-dziewczynki-z-kotkiem-head-kitty-ombre-ab330","status":"publish","type":"product","link":"http:\/\/klubmamgdynia.pl\/index.php\/produkt\/astra-plecak-dla-dziewczynki-z-kotkiem-head-kitty-ombre-ab330\/","title":{"rendered":"Astra Plecak Dla Dziewczynki Z Kotkiem Head Kitty Ombre Ab330"},"content":{"rendered":"<p>Astra Plecak Dla Dziewczynki Z Kotkiem Head Kitty Ombre Ab330<\/p>\n<p>B\u0105d\u017a pierwszy, kt\u00f3ry kupi nowy wz\u00f3r \u015bwietnego plecaka HEAD AB330, KITTY OMBRE. Marzec to czas w kt\u00f3rym stare plecaki ledwo zipi\u0105, bo wiadomo jakie Nasze Dzieci nosz\u0105 ci\u0119\u017cary. Planujesz wymian\u0119 plecaka? Zr\u00f3b to ju\u017c teraz! Szcz\u0119\u015bcie Twojej c\u00f3rki, kt\u00f3ra dostanie nowy model plecaka jest bezcenne. Mina kole\u017canek z klasy to pe\u0142nia szcz\u0119\u015bcia. Firma Astra najpierw testuje, a p\u00f3\u017aniej wprowadza towar na rynek &#8211; jako\u015b\u0107 produktu gwarantowana. Nie czekaj, zdecyduj si\u0119 ju\u017c z dzisiaj aby zosta\u0142 do Ciebie wys\u0142any w dniu wej\u015bcia na polski rynek.                            <\/p>\n<p>Dane szczeg\u00f3\u0142owe:\u2022 3 komory\u2022 2 kieszenie zewn\u0119trzne- siatki\u2022\u00a0organizer z brelokiem na klucze w przedniej komorze\u2022 metalowe uchwyty do suwak\u00f3w\u2022 kolorowa, zadrukowana podszewka\u2022 profilowane, ergonomiczne plecy, dodatkowo usztywnione\u2022 mi\u0119kkie szelki z regulacj\u0105 d\u0142ugo\u015bci\u2022 wzmocniony uchwyt\u2022 materia\u0142 wodoodporny\u2022 elementy odblaskowe na szelkach i z przodu\u2022 gumowe n\u00f3\u017cki na spodzie chroni\u0105ce przed przetarciamiWymiary:39 x 28 x 15 cm20 litr\u00f3w<\/p>\n<h2>Astra Plecak Dla Dziewczynki Z Kotkiem Head Kitty Ombre Ab330 Astra<\/h2>\n<p>nastolatka, lol kolorowanki, znaczenie imiona pola, atrakcje dla dzieci wroc\u0142aw, roza imie, test z lektury magiczne drzewo czerwone krzes\u0142o, jesienne piosenki dla dzieci, test detektyw pozytywka, jasmin imie, pomys\u0142y na pakowanie prezent\u00f3w<\/p>\n<p>yyyyy<\/p>\n<p>&nbsp;<\/p>\n","protected":false},"excerpt":{"rendered":"<p>Astra Plecak Dla Dziewczynki Z Kotkiem Head Kitty Ombre Ab330 B\u0105d\u017a pierwszy, kt\u00f3ry kupi nowy wz\u00f3r \u015bwietnego plecaka HEAD AB330, KITTY OMBRE. Marzec to czas w kt\u00f3rym stare plecaki ledwo zipi\u0105, bo wiadomo jakie Nasze Dzieci nosz\u0105 ci\u0119\u017cary. Planujesz wymian\u0119 plecaka? Zr\u00f3b to ju\u017c teraz! Szcz\u0119\u015bcie Twojej c\u00f3rki, kt\u00f3ra dostanie nowy model plecaka jest bezcenne. [&hellip;]<\/p>\n","protected":false},"featured_media":6026,"comment_status":"closed","ping_status":"open","template":"","meta":[],"product_cat":[1414,329],"product_tag":[828,585,729,703,714],"class_list":["post-6025","product","type-product","status-publish","has-post-thumbnail","hentry","product_cat-astra","product_cat-plecaki-szkolne","product_tag-filmy-wigilijne-dla-dzieci","product_tag-kolorowanki-dla-chlopcow","product_tag-madre-bajki-dla-dzieci-do-czytania","product_tag-prezent-dla-nastolatki","product_tag-zagadki-logiczne"],"_links":{"self":[{"href":"http:\/\/klubmamgdynia.pl\/index.php\/wp-json\/wp\/v2\/product\/6025","targetHints":{"allow":["GET"]}}],"collection":[{"href":"http:\/\/klubmamgdynia.pl\/index.php\/wp-json\/wp\/v2\/product"}],"about":[{"href":"http:\/\/klubmamgdynia.pl\/index.php\/wp-json\/wp\/v2\/types\/product"}],"replies":[{"embeddable":true,"href":"http:\/\/klubmamgdynia.pl\/index.php\/wp-json\/wp\/v2\/comments?post=6025"}],"wp:featuredmedia":[{"embeddable":true,"href":"http:\/\/klubmamgdynia.pl\/index.php\/wp-json\/wp\/v2\/media\/6026"}],"wp:attachment":[{"href":"http:\/\/klubmamgdynia.pl\/index.php\/wp-json\/wp\/v2\/media?parent=6025"}],"wp:term":[{"taxonomy":"product_cat","embeddable":true,"href":"http:\/\/klubmamgdynia.pl\/index.php\/wp-json\/wp\/v2\/product_cat?post=6025"},{"taxonomy":"product_tag","embeddable":true,"href":"http:\/\/klubmamgdynia.pl\/index.php\/wp-json\/wp\/v2\/product_tag?post=6025"}],"curies":[{"name":"wp","href":"https:\/\/api.w.org\/{rel}","templated":true}]}}