{"id":6027,"date":"2017-06-22T11:53:59","date_gmt":"2017-06-22T09:53:59","guid":{"rendered":"http:\/\/klubmamgdynia.pl\/index.php\/produkt\/mega-creative-wozek-widlowy-do-skrecania-498663-zabawka\/"},"modified":"2026-04-06T02:50:24","modified_gmt":"2026-04-06T00:50:24","slug":"mega-creative-wozek-widlowy-do-skrecania-498663-zabawka","status":"publish","type":"product","link":"http:\/\/klubmamgdynia.pl\/index.php\/produkt\/mega-creative-wozek-widlowy-do-skrecania-498663-zabawka\/","title":{"rendered":"Mega Creative W\u00f3zek Wid\u0142owy Do Skr\u0119cania 498663 &#8211; Zabawka"},"content":{"rendered":"<p>Zalety produktu: w\u00f3zek posiada \u015brubokr\u0119t za pomoc\u0105 kt\u00f3rego mo\u017cna go skr\u0119ci\u0107. W\u00f3zek wid\u0142owy w kolorystyce \u017c\u00f3\u0142to-czarnej MEGA CREATIVE to prawdziwa gratka dla najm\u0142odszych. W\u00f3zek wid\u0142owy do samodzielnego skr\u0119cania, obok takiej zabawki, \u017cadne dziecko nie przejdzie oboj\u0119tnie Zawarto\u015b\u0107 zestawu: W\u00f3zek wid\u0142owy, \u015brubokr\u0119t, klucz. Zabawka wykonana z plastiku. Wymiary\/waga\/baterie: wymiary produktu d\u0142. x wys. x g\u0142. cm : 24x14x12 wymiary opakowania d\u0142. x wys. x g\u0142. cm :29x21x13, waga produktu bez opakowania kg : 0,27 kg, waga produktu w opakowaniu kg : 0,31 kg, nie wymaga zasilania bateriami. Produkt przeznaczony dla dzieci w wieku: 3 . Pakowany woreczek z zawieszk\u0105. W kartonie zbiorczym po 48 szt.<\/p>\n<h2>Mega Creative W\u00f3zek Wid\u0142owy Do Skr\u0119cania 498663 &#8211; Zabawka Mega Creative<\/h2>\n<p>bajki dla niemowlakow, kolorowanki my little pony, trudne zagadki dla doros\u0142ych, quiz o koniach, aneta, test wiedzy zemsta, bajki na dobranoc dla dzieci<\/p>\n<p>yyyyy<\/p>\n<p>&nbsp;<\/p>\n","protected":false},"excerpt":{"rendered":"<p>Zalety produktu: w\u00f3zek posiada \u015brubokr\u0119t za pomoc\u0105 kt\u00f3rego mo\u017cna go skr\u0119ci\u0107. W\u00f3zek wid\u0142owy w kolorystyce \u017c\u00f3\u0142to-czarnej MEGA CREATIVE to prawdziwa gratka dla najm\u0142odszych. W\u00f3zek wid\u0142owy do samodzielnego skr\u0119cania, obok takiej zabawki, \u017cadne dziecko nie przejdzie oboj\u0119tnie Zawarto\u015b\u0107 zestawu: W\u00f3zek wid\u0142owy, \u015brubokr\u0119t, klucz. Zabawka wykonana z plastiku. Wymiary\/waga\/baterie: wymiary produktu d\u0142. x wys. x g\u0142. cm [&hellip;]<\/p>\n","protected":false},"featured_media":6028,"comment_status":"closed","ping_status":"open","template":"","meta":[],"product_cat":[53,64],"product_tag":[691,706,624,687,737,760],"class_list":["post-6027","product","type-product","status-publish","has-post-thumbnail","hentry","product_cat-kaciki-zabaw","product_cat-mega-creative","product_tag-gabriel","product_tag-imie-kuba","product_tag-krotkie-zagadki","product_tag-podchwytliwe-zagadki-matematyczne","product_tag-test-z-lektury-felix-net-i-nika-oraz-gang-niewidzialnych-ludzi","product_tag-zagadka-matematyczna"],"_links":{"self":[{"href":"http:\/\/klubmamgdynia.pl\/index.php\/wp-json\/wp\/v2\/product\/6027","targetHints":{"allow":["GET"]}}],"collection":[{"href":"http:\/\/klubmamgdynia.pl\/index.php\/wp-json\/wp\/v2\/product"}],"about":[{"href":"http:\/\/klubmamgdynia.pl\/index.php\/wp-json\/wp\/v2\/types\/product"}],"replies":[{"embeddable":true,"href":"http:\/\/klubmamgdynia.pl\/index.php\/wp-json\/wp\/v2\/comments?post=6027"}],"wp:featuredmedia":[{"embeddable":true,"href":"http:\/\/klubmamgdynia.pl\/index.php\/wp-json\/wp\/v2\/media\/6028"}],"wp:attachment":[{"href":"http:\/\/klubmamgdynia.pl\/index.php\/wp-json\/wp\/v2\/media?parent=6027"}],"wp:term":[{"taxonomy":"product_cat","embeddable":true,"href":"http:\/\/klubmamgdynia.pl\/index.php\/wp-json\/wp\/v2\/product_cat?post=6027"},{"taxonomy":"product_tag","embeddable":true,"href":"http:\/\/klubmamgdynia.pl\/index.php\/wp-json\/wp\/v2\/product_tag?post=6027"}],"curies":[{"name":"wp","href":"https:\/\/api.w.org\/{rel}","templated":true}]}}