{"id":6029,"date":"2024-05-31T22:09:27","date_gmt":"2024-05-31T20:09:27","guid":{"rendered":"http:\/\/klubmamgdynia.pl\/?post_type=product&#038;p=6029"},"modified":"2026-04-04T05:42:41","modified_gmt":"2026-04-04T03:42:41","slug":"swede-zestaw-naczyn-kuchennych-3-zabawka","status":"publish","type":"product","link":"http:\/\/klubmamgdynia.pl\/index.php\/produkt\/swede-zestaw-naczyn-kuchennych-3-zabawka\/","title":{"rendered":"Swede Zestaw Naczy\u0144 Kuchennych 3 &#8211; Zabawka"},"content":{"rendered":"<h2>Swede Zestaw Naczy\u0144 Kuchennych 3 &#8211; Zabawka Swede<\/h2>\n<p>wzory dyplom\u00f3w dyplomy do druku, kr\u00f3tkie bajki dla dzieci, zagadki dla dzieci 10 lat, czasdzieci krak\u00f3w, \u0142atwe zagadki, zemsta quizy, miko\u0142ajek quiz<\/p>\n<p>yyyyy<\/p>\n<p>&nbsp;<\/p>\n","protected":false},"excerpt":{"rendered":"<p>Swede Zestaw Naczy\u0144 Kuchennych 3 &#8211; Zabawka Swede wzory dyplom\u00f3w dyplomy do druku, kr\u00f3tkie bajki dla dzieci, zagadki dla dzieci 10 lat, czasdzieci krak\u00f3w, \u0142atwe zagadki, zemsta quizy, miko\u0142ajek quiz yyyyy &nbsp;<\/p>\n","protected":false},"featured_media":6030,"comment_status":"closed","ping_status":"open","template":"","meta":[],"product_cat":[53,171],"product_tag":[603,645,720,644,788],"class_list":["post-6029","product","type-product","status-publish","has-post-thumbnail","hentry","product_cat-kaciki-zabaw","product_cat-swede","product_tag-bajki-do-czytania","product_tag-latwe-zagadki","product_tag-malowanki","product_tag-mia","product_tag-zagadki-krotkie"],"_links":{"self":[{"href":"http:\/\/klubmamgdynia.pl\/index.php\/wp-json\/wp\/v2\/product\/6029","targetHints":{"allow":["GET"]}}],"collection":[{"href":"http:\/\/klubmamgdynia.pl\/index.php\/wp-json\/wp\/v2\/product"}],"about":[{"href":"http:\/\/klubmamgdynia.pl\/index.php\/wp-json\/wp\/v2\/types\/product"}],"replies":[{"embeddable":true,"href":"http:\/\/klubmamgdynia.pl\/index.php\/wp-json\/wp\/v2\/comments?post=6029"}],"wp:featuredmedia":[{"embeddable":true,"href":"http:\/\/klubmamgdynia.pl\/index.php\/wp-json\/wp\/v2\/media\/6030"}],"wp:attachment":[{"href":"http:\/\/klubmamgdynia.pl\/index.php\/wp-json\/wp\/v2\/media?parent=6029"}],"wp:term":[{"taxonomy":"product_cat","embeddable":true,"href":"http:\/\/klubmamgdynia.pl\/index.php\/wp-json\/wp\/v2\/product_cat?post=6029"},{"taxonomy":"product_tag","embeddable":true,"href":"http:\/\/klubmamgdynia.pl\/index.php\/wp-json\/wp\/v2\/product_tag?post=6029"}],"curies":[{"name":"wp","href":"https:\/\/api.w.org\/{rel}","templated":true}]}}