{"id":603,"date":"2018-10-29T05:00:01","date_gmt":"2018-10-29T04:00:01","guid":{"rendered":"http:\/\/klubmamgdynia.pl\/index.php\/produkt\/b-toys-hooty-hoo-sorter-ksztaltow-z-efektem-dzwiekowym\/"},"modified":"2026-04-24T13:19:16","modified_gmt":"2026-04-24T11:19:16","slug":"b-toys-hooty-hoo-sorter-ksztaltow-z-efektem-dzwiekowym","status":"publish","type":"product","link":"http:\/\/klubmamgdynia.pl\/index.php\/produkt\/b-toys-hooty-hoo-sorter-ksztaltow-z-efektem-dzwiekowym\/","title":{"rendered":"B.Toys Hooty-Hoo sorter kszta\u0142t\u00f3w z efektem d\u017awi\u0119kowym"},"content":{"rendered":"<p>SORTER KSZTA\u0141T\u00d3W I KOLOR\u00d3W Z D\u0179WI\u0118KIEMKilka r\u00f3\u017cnorodnych atrakcji, stymuluj\u0105cych rozw\u00f3j dziecka w jednej zabawce:trzy urocze s\u00f3wki, po umieszczeniu w odpowiednim tunelu, zje\u017cd\u017caj\u0105c w d\u00f3\u0142 wydaj\u0105 charakterystyczny d\u017awi\u0119k \u2013 sympatyczne pohukiwaniezabaw\u0119 urozmaicaj\u0105 trzy powykr\u0119cane dr\u0105\u017cki z kolorowymi paciorkami do przesuwaniamaluszki mog\u0105 toczy\u0107 zabawk\u0119 po pod\u0142odze, co przysparza dodatkowej frajdy i rozwija ruchowoZabawka nie wymaga baterii.Uczy rozr\u00f3\u017cniania i dobierania kszta\u0142t\u00f3w oraz kolor\u00f3w, rozwija ma\u0142\u0105 motoryk\u0119.Wysoko oceniana i polecana r\u00f3wnie\u017c do cel\u00f3w terapeutycznych \u2013 s\u00f3wki mo\u017cna wykorzystywa\u0107 m.in. do \u0107wicze\u0144 logopedycznych.Dla dzieci w wieku od 10 m-cy do 3 lat.Nie zawiera FTALAN\u00d3W ani BPA (Bisfenolu A).Wymiary: wysoko\u015b\u0107 20,6cm x 15,2cm \u015brednicyW my\u015bl zasady \u201cB.\u0105d\u017amy EKO!\u201d opakowanie ograniczone do minimum.<\/p>\n<h2>B.Toys Hooty-Hoo sorter kszta\u0142t\u00f3w z efektem d\u017awi\u0119kowym B.Toys<\/h2>\n<p>miriam imie, kolorowanki pokemon do druku, quiz o usa, swinka peppa do czytania, kolorowanki spongebob, flagi \u015bwiata quiz, podchwytliwe zagadki na inteligencj\u0119, adrian imie, zagadki matematyczne logiczne<\/p>\n<p>yyyyy<\/p>\n<p>&nbsp;<\/p>\n","protected":false},"excerpt":{"rendered":"<p>SORTER KSZTA\u0141T\u00d3W I KOLOR\u00d3W Z D\u0179WI\u0118KIEMKilka r\u00f3\u017cnorodnych atrakcji, stymuluj\u0105cych rozw\u00f3j dziecka w jednej zabawce:trzy urocze s\u00f3wki, po umieszczeniu w odpowiednim tunelu, zje\u017cd\u017caj\u0105c w d\u00f3\u0142 wydaj\u0105 charakterystyczny d\u017awi\u0119k \u2013 sympatyczne pohukiwaniezabaw\u0119 urozmaicaj\u0105 trzy powykr\u0119cane dr\u0105\u017cki z kolorowymi paciorkami do przesuwaniamaluszki mog\u0105 toczy\u0107 zabawk\u0119 po pod\u0142odze, co przysparza dodatkowej frajdy i rozwija ruchowoZabawka nie wymaga baterii.Uczy rozr\u00f3\u017cniania [&hellip;]<\/p>\n","protected":false},"featured_media":604,"comment_status":"closed","ping_status":"open","template":"","meta":[],"product_cat":[143,155],"product_tag":[871,797,628,860,701],"class_list":["post-603","product","type-product","status-publish","has-post-thumbnail","hentry","product_cat-b-toys","product_cat-zabawki-muzyczne","product_tag-bajka-o-smoku-wawelskim","product_tag-kiekrz","product_tag-zagadka","product_tag-zagadki-logiczne-dla-doroslych","product_tag-zgadywanki-dla-dzieci"],"_links":{"self":[{"href":"http:\/\/klubmamgdynia.pl\/index.php\/wp-json\/wp\/v2\/product\/603","targetHints":{"allow":["GET"]}}],"collection":[{"href":"http:\/\/klubmamgdynia.pl\/index.php\/wp-json\/wp\/v2\/product"}],"about":[{"href":"http:\/\/klubmamgdynia.pl\/index.php\/wp-json\/wp\/v2\/types\/product"}],"replies":[{"embeddable":true,"href":"http:\/\/klubmamgdynia.pl\/index.php\/wp-json\/wp\/v2\/comments?post=603"}],"wp:featuredmedia":[{"embeddable":true,"href":"http:\/\/klubmamgdynia.pl\/index.php\/wp-json\/wp\/v2\/media\/604"}],"wp:attachment":[{"href":"http:\/\/klubmamgdynia.pl\/index.php\/wp-json\/wp\/v2\/media?parent=603"}],"wp:term":[{"taxonomy":"product_cat","embeddable":true,"href":"http:\/\/klubmamgdynia.pl\/index.php\/wp-json\/wp\/v2\/product_cat?post=603"},{"taxonomy":"product_tag","embeddable":true,"href":"http:\/\/klubmamgdynia.pl\/index.php\/wp-json\/wp\/v2\/product_tag?post=603"}],"curies":[{"name":"wp","href":"https:\/\/api.w.org\/{rel}","templated":true}]}}