{"id":6031,"date":"2017-03-14T04:10:59","date_gmt":"2017-03-14T03:10:59","guid":{"rendered":"http:\/\/klubmamgdynia.pl\/index.php\/produkt\/ramiz-czajnik-z-efektami-swiatel-dzwiekow-zabawka\/"},"modified":"2026-04-22T22:02:35","modified_gmt":"2026-04-22T20:02:35","slug":"ramiz-czajnik-z-efektami-swiatel-dzwiekow-zabawka","status":"publish","type":"product","link":"http:\/\/klubmamgdynia.pl\/index.php\/produkt\/ramiz-czajnik-z-efektami-swiatel-dzwiekow-zabawka\/","title":{"rendered":"Ramiz Czajnik Z Efektami \u015awiate\u0142 D\u017awi\u0119k\u00f3w &#8211; Zabawka"},"content":{"rendered":"<h2>Ramiz Czajnik Z Efektami \u015awiate\u0142 D\u017awi\u0119k\u00f3w &#8211; Zabawka Ramiz<\/h2>\n<p>kotki do druku, pomys\u0142 na prezent na roczek, place zabaw warszawa, test wiedzy z lektury przygody tomka sawyera z odpowiedziami, kolorowanka traktor, kolorowanki do wydrukowania, zabawy ruchowe dla dzieci w przedszkolu, iwo, testy z lektury tajemniczy ogr\u00f3d<\/p>\n<p>yyyyy<\/p>\n<p>&nbsp;<\/p>\n","protected":false},"excerpt":{"rendered":"<p>Ramiz Czajnik Z Efektami \u015awiate\u0142 D\u017awi\u0119k\u00f3w &#8211; Zabawka Ramiz kotki do druku, pomys\u0142 na prezent na roczek, place zabaw warszawa, test wiedzy z lektury przygody tomka sawyera z odpowiedziami, kolorowanka traktor, kolorowanki do wydrukowania, zabawy ruchowe dla dzieci w przedszkolu, iwo, testy z lektury tajemniczy ogr\u00f3d yyyyy &nbsp;<\/p>\n","protected":false},"featured_media":6032,"comment_status":"closed","ping_status":"open","template":"","meta":[],"product_cat":[53,36],"product_tag":[772,703,779],"class_list":["post-6031","product","type-product","status-publish","has-post-thumbnail","hentry","product_cat-kaciki-zabaw","product_cat-ramiz","product_tag-45-panstw-europy-i-ich-stolice-quiz","product_tag-prezent-dla-nastolatki","product_tag-zarty-na-prima-aprilis-w-domu"],"_links":{"self":[{"href":"http:\/\/klubmamgdynia.pl\/index.php\/wp-json\/wp\/v2\/product\/6031","targetHints":{"allow":["GET"]}}],"collection":[{"href":"http:\/\/klubmamgdynia.pl\/index.php\/wp-json\/wp\/v2\/product"}],"about":[{"href":"http:\/\/klubmamgdynia.pl\/index.php\/wp-json\/wp\/v2\/types\/product"}],"replies":[{"embeddable":true,"href":"http:\/\/klubmamgdynia.pl\/index.php\/wp-json\/wp\/v2\/comments?post=6031"}],"wp:featuredmedia":[{"embeddable":true,"href":"http:\/\/klubmamgdynia.pl\/index.php\/wp-json\/wp\/v2\/media\/6032"}],"wp:attachment":[{"href":"http:\/\/klubmamgdynia.pl\/index.php\/wp-json\/wp\/v2\/media?parent=6031"}],"wp:term":[{"taxonomy":"product_cat","embeddable":true,"href":"http:\/\/klubmamgdynia.pl\/index.php\/wp-json\/wp\/v2\/product_cat?post=6031"},{"taxonomy":"product_tag","embeddable":true,"href":"http:\/\/klubmamgdynia.pl\/index.php\/wp-json\/wp\/v2\/product_tag?post=6031"}],"curies":[{"name":"wp","href":"https:\/\/api.w.org\/{rel}","templated":true}]}}