{"id":6033,"date":"2016-09-11T11:47:41","date_gmt":"2016-09-11T09:47:41","guid":{"rendered":"http:\/\/klubmamgdynia.pl\/index.php\/produkt\/mega-creative-zestaw-naczyn-z-pizza-zabawka\/"},"modified":"2026-04-06T03:20:40","modified_gmt":"2026-04-06T01:20:40","slug":"mega-creative-zestaw-naczyn-z-pizza-zabawka","status":"publish","type":"product","link":"http:\/\/klubmamgdynia.pl\/index.php\/produkt\/mega-creative-zestaw-naczyn-z-pizza-zabawka\/","title":{"rendered":"Mega Creative Zestaw Naczy\u0144 Z Pizz\u0105 &#8211; Zabawka"},"content":{"rendered":"<p>Zestaw kuchenny z pizz\u0105 n\u00f3\u017a do krojenia \u0142opatka<\/p>\n<h2>Mega Creative Zestaw Naczy\u0144 Z Pizz\u0105 &#8211; Zabawka Mega Creative<\/h2>\n<p>pi\u0119kne cytaty o nauczycielach, zagadki rymowane, domki z rolek po papierze toaletowym, zabawy logiczne dla dzieci, zagadki dla dzieci 7 lat, z\u0142ote my\u015bli o rodzinie, zagadki i odpowiedzi, nietypowe atrakcje dla dzieci, zawiedziona przyja\u017a\u0144 cytaty, \u0142atwe laurki, nadia, p\u0142atki \u015bniegu szablon, kolorowanki dla ch\u0142opc\u00f3w, aurelia, pomys\u0142 na prezent dla nastolatki, 45 pa\u0144stw europy i ich stolice quiz, kolorowanki wakacje, peppa do czytania, prezent pod choink\u0119 dla 7 letniej dziewczynki, quizy online, marianna imi\u0119<\/p>\n<p>yyyyy<\/p>\n<p>&nbsp;<\/p>\n","protected":false},"excerpt":{"rendered":"<p>Zestaw kuchenny z pizz\u0105 n\u00f3\u017a do krojenia \u0142opatka Mega Creative Zestaw Naczy\u0144 Z Pizz\u0105 &#8211; Zabawka Mega Creative pi\u0119kne cytaty o nauczycielach, zagadki rymowane, domki z rolek po papierze toaletowym, zabawy logiczne dla dzieci, zagadki dla dzieci 7 lat, z\u0142ote my\u015bli o rodzinie, zagadki i odpowiedzi, nietypowe atrakcje dla dzieci, zawiedziona przyja\u017a\u0144 cytaty, \u0142atwe laurki, [&hellip;]<\/p>\n","protected":false},"featured_media":6034,"comment_status":"closed","ping_status":"open","template":"","meta":[],"product_cat":[53,64],"product_tag":[802,826,591,725],"class_list":["post-6033","product","type-product","status-publish","has-post-thumbnail","hentry","product_cat-kaciki-zabaw","product_cat-mega-creative","product_tag-co-kupic-dziewczynce-na-roczek","product_tag-prezent-dla-15-latka","product_tag-quiz-o-minecraft","product_tag-zgadywanki"],"_links":{"self":[{"href":"http:\/\/klubmamgdynia.pl\/index.php\/wp-json\/wp\/v2\/product\/6033","targetHints":{"allow":["GET"]}}],"collection":[{"href":"http:\/\/klubmamgdynia.pl\/index.php\/wp-json\/wp\/v2\/product"}],"about":[{"href":"http:\/\/klubmamgdynia.pl\/index.php\/wp-json\/wp\/v2\/types\/product"}],"replies":[{"embeddable":true,"href":"http:\/\/klubmamgdynia.pl\/index.php\/wp-json\/wp\/v2\/comments?post=6033"}],"wp:featuredmedia":[{"embeddable":true,"href":"http:\/\/klubmamgdynia.pl\/index.php\/wp-json\/wp\/v2\/media\/6034"}],"wp:attachment":[{"href":"http:\/\/klubmamgdynia.pl\/index.php\/wp-json\/wp\/v2\/media?parent=6033"}],"wp:term":[{"taxonomy":"product_cat","embeddable":true,"href":"http:\/\/klubmamgdynia.pl\/index.php\/wp-json\/wp\/v2\/product_cat?post=6033"},{"taxonomy":"product_tag","embeddable":true,"href":"http:\/\/klubmamgdynia.pl\/index.php\/wp-json\/wp\/v2\/product_tag?post=6033"}],"curies":[{"name":"wp","href":"https:\/\/api.w.org\/{rel}","templated":true}]}}