{"id":6035,"date":"2019-06-12T19:01:05","date_gmt":"2019-06-12T17:01:05","guid":{"rendered":"http:\/\/klubmamgdynia.pl\/index.php\/produkt\/dlugopis-glitter-gel-pen-4-kolory-szkola\/"},"modified":"2026-04-29T03:55:24","modified_gmt":"2026-04-29T01:55:24","slug":"dlugopis-glitter-gel-pen-4-kolory-szkola","status":"publish","type":"product","link":"http:\/\/klubmamgdynia.pl\/index.php\/produkt\/dlugopis-glitter-gel-pen-4-kolory-szkola\/","title":{"rendered":"D\u0142ugopis Glitter Gel Pen 4 Kolory [SZKO\u0141A]"},"content":{"rendered":"<p>&#8211; Przezroczysta obudowa &#8211; Gumowy uchwyt w kolorze tuszu &#8211; Ko\u0144c\u00f3wka 1,0 mm &#8211; Sprzedawany w etui WYDAWNICTWO: PATIO ROK WYDANIA: 0 WYSOKOSC: 155 GLEBOKOSC: 0 LICZBA STRON: 0<\/p>\n<h2>D\u0142ugopis Glitter Gel Pen 4 Kolory [SZKO\u0141A] Patio<\/h2>\n<p>super zings kolorowanki, pole dyniowe pozna\u0144, m\u0105dre cytaty dla dzieci, cytaty o dzieciach i rodzicach, dinozaur bajka, bajki dla dziewczynek, ach \u015bpij kochanie tekst, imiona dla dzieci 2019, test z lektury pies kt\u00f3ry je\u017adzi\u0142 kolej\u0105, zdrowe dania dla dzieci, kalendarz adwentowy diy z rolek, farma dyni poznan<\/p>\n<p>yyyyy<\/p>\n<p>&nbsp;<\/p>\n","protected":false},"excerpt":{"rendered":"<p>&#8211; Przezroczysta obudowa &#8211; Gumowy uchwyt w kolorze tuszu &#8211; Ko\u0144c\u00f3wka 1,0 mm &#8211; Sprzedawany w etui WYDAWNICTWO: PATIO ROK WYDANIA: 0 WYSOKOSC: 155 GLEBOKOSC: 0 LICZBA STRON: 0 D\u0142ugopis Glitter Gel Pen 4 Kolory [SZKO\u0141A] Patio super zings kolorowanki, pole dyniowe pozna\u0144, m\u0105dre cytaty dla dzieci, cytaty o dzieciach i rodzicach, dinozaur bajka, bajki [&hellip;]<\/p>\n","protected":false},"featured_media":6036,"comment_status":"closed","ping_status":"open","template":"","meta":[],"product_cat":[1399,962],"product_tag":[758,744,868,823,608],"class_list":["post-6035","product","type-product","status-publish","has-post-thumbnail","hentry","product_cat-patio","product_cat-szkolne-przybory-do-pisania","product_tag-julian","product_tag-kolorowanki-swiateczne-do-wydruku","product_tag-quizy-dla-dzieci","product_tag-zagadki-dla-dzieci-7-lat","product_tag-zagadki-i-odpowiedzi"],"_links":{"self":[{"href":"http:\/\/klubmamgdynia.pl\/index.php\/wp-json\/wp\/v2\/product\/6035","targetHints":{"allow":["GET"]}}],"collection":[{"href":"http:\/\/klubmamgdynia.pl\/index.php\/wp-json\/wp\/v2\/product"}],"about":[{"href":"http:\/\/klubmamgdynia.pl\/index.php\/wp-json\/wp\/v2\/types\/product"}],"replies":[{"embeddable":true,"href":"http:\/\/klubmamgdynia.pl\/index.php\/wp-json\/wp\/v2\/comments?post=6035"}],"wp:featuredmedia":[{"embeddable":true,"href":"http:\/\/klubmamgdynia.pl\/index.php\/wp-json\/wp\/v2\/media\/6036"}],"wp:attachment":[{"href":"http:\/\/klubmamgdynia.pl\/index.php\/wp-json\/wp\/v2\/media?parent=6035"}],"wp:term":[{"taxonomy":"product_cat","embeddable":true,"href":"http:\/\/klubmamgdynia.pl\/index.php\/wp-json\/wp\/v2\/product_cat?post=6035"},{"taxonomy":"product_tag","embeddable":true,"href":"http:\/\/klubmamgdynia.pl\/index.php\/wp-json\/wp\/v2\/product_tag?post=6035"}],"curies":[{"name":"wp","href":"https:\/\/api.w.org\/{rel}","templated":true}]}}