{"id":6037,"date":"2022-05-06T15:26:43","date_gmt":"2022-05-06T13:26:43","guid":{"rendered":"http:\/\/klubmamgdynia.pl\/index.php\/produkt\/vtech-pchacz-kulkolapacz-60915\/"},"modified":"2026-05-17T22:46:14","modified_gmt":"2026-05-17T20:46:14","slug":"vtech-pchacz-kulkolapacz-60915","status":"publish","type":"product","link":"http:\/\/klubmamgdynia.pl\/index.php\/produkt\/vtech-pchacz-kulkolapacz-60915\/","title":{"rendered":"VTech Pchacz Kulko\u0142apacz 60915"},"content":{"rendered":"<p>VTech Pchacz Kulko\u0142apacz 60915Pchacz Kulko-\u0141apacz marki VTech dostarczy dziecku wielu atrakcji podczas zabawy. Wrzu\u0107 kolorowe kulki w otw\u00f3r na dachu zabawki i obserwuj jak wskakuj\u0105 poprzez wyrzutni\u0119, a nast\u0119pnie ponownie wskakuj\u0105 do zabawki. Popchnij zabawk\u0119, a us\u0142yszysz tak\u017ce wiele ciekawych zwrot\u00f3w, fraz, d\u017awi\u0119k\u00f3w i piosenek. Jest ich w sumie ponad 75!                            <\/p>\n<p>Zabawki serii VTech Baby s\u0105 przeznaczone dla najm\u0142odszych dzieci, wieku 0-36 miesi\u0119cy. Elektroniczne zabawki wprowadzaj\u0105 najm\u0142odszych w niezwyk\u0142y \u015bwiat kolor\u00f3w, kszta\u0142t\u00f3w i melodii. Ucz\u0105 prostych rymowanek, piosenek i nazw przedmiot\u00f3w. Zabawki stymuluj\u0105 dzieci do powtarzania r\u00f3\u017cnych s\u0142\u00f3w i zwrot\u00f3w. Zabawy z u\u017cyciem produkt\u00f3w VTech rozwijaj\u0105 umiej\u0119tno\u015bci motoryczne oraz pozytywnie wp\u0142ywaj\u0105 na wra\u017cenia sensoryczne. VTech bawi i uczy ju\u017c od pierwszych miesi\u0119cy \u017cycia.                            <\/p>\n<p>Marka VTech to najwi\u0119kszy w Stanach Zjednoczonych i Europie Zachodniej dostawca zabawek elektronicznych dedykowanych dla niemowl\u0105t i przedszkolak\u00f3w. Dzi\u0119ki zaawansowanej technologii, pomys\u0142owemu wzornictwu, zabawki VTech wp\u0142ywaj\u0105 na rozw\u00f3j dziecka ju\u017c od pierwszych miesi\u0119cy jego \u017cycia. Zabawki elektroniczne zaprojektowane zosta\u0142y tak, aby spe\u0142nia\u0107 potrzeby rodzic\u00f3w i ich dzieci. Zabawki VTech charakteryzuj\u0105 si\u0119 funkcjonalno\u015bciami i tre\u015bciami idealnie dopasowanymi do umiej\u0119tno\u015bci odpowiadaj\u0105cych wiekowi dziecka.                            <\/p>\n<p>            VTech Raczkuj\u0105cy Mi\u015b Tuptu\u015b M\u00f3wi Po Polsku 60824<\/p>\n<p>                        od<br \/>\n                            149,90<br \/>\n                            z\u0142<\/p>\n<p>                    Zobacz<\/p>\n<p>            VTech Magiczny Pami\u0119tnik Na Has\u0142o 61243<\/p>\n<p>                        od<br \/>\n                            108,90<br \/>\n                            z\u0142<\/p>\n<p>                    Zobacz<\/p>\n<p>            VTech Cyferkowa Kasa Sklepowa 60832<\/p>\n<p>                        od<br \/>\n                            149,00<br \/>\n                            z\u0142<\/p>\n<p>                    Zobacz<\/p>\n<p>            VTech Tut Tut Remiza Stra\u017cacka 60813<\/p>\n<p>                        od<br \/>\n                            164,00<br \/>\n                            z\u0142<\/p>\n<p>                    Zobacz<\/p>\n<p>            VTech Tut Tut Autka Posterunek Policji 61073<\/p>\n<p>                        od<br \/>\n                            155,00<br \/>\n                            z\u0142<\/p>\n<p>                    Zobacz<\/p>\n<p>            VTech\u00a0Kidizoom Duo 5.0 R\u00f3\u017cowy<\/p>\n<p>                        od<br \/>\n                            499,00<br \/>\n                            z\u0142<\/p>\n<p>                    Zobacz<\/p>\n<p>            VTech Traktorek Weso\u0142ek 61488<\/p>\n<p>                        od<br \/>\n                            92,00<br \/>\n                            z\u0142<\/p>\n<p>                    Zobacz<\/p>\n<p>            VTech Tut Tut Gara\u017c Z Autkiem 60597<\/p>\n<p>                        od<br \/>\n                            218,41<br \/>\n                            z\u0142<\/p>\n<p>                    Zobacz<\/p>\n<p>            VTech Tut Tut Autko Auto Osobowe 60559<\/p>\n<p>                        od<br \/>\n                            34,50<br \/>\n                            z\u0142<\/p>\n<p>                    Zobacz<\/p>\n<p>            VTech Autko ma\u0142ego kierowcy 61487<\/p>\n<p>                        od<br \/>\n                            101,00<br \/>\n                            z\u0142<\/p>\n<p>                    Zobacz<\/p>\n<p>            VTech Skrzynka Majsterkowicza 61094<\/p>\n<p>                        od<br \/>\n                            139,99<br \/>\n                            z\u0142<\/p>\n<p>                    Zobacz<\/p>\n<p>            VTech Konik Bujaczek 61088 <\/p>\n<p>                        od<br \/>\n                            259,86<br \/>\n                            z\u0142<\/p>\n<p>                    Zobacz<\/p>\n<p>            VTech Tut Tut Autka Warsztat Samochodowy 61072<\/p>\n<p>                        od<br \/>\n                            120,13<br \/>\n                            z\u0142<\/p>\n<p>                    Zobacz<\/p>\n<p>            Vtech Tut Tut Autka Zestaw Kaskaderski + autko 61172<\/p>\n<p>                        od<br \/>\n                            182,38<br \/>\n                            z\u0142<\/p>\n<p>                    Zobacz<\/p>\n<p>            Vtech Chrup Chrup Tosterek 61486<\/p>\n<p>                        od<br \/>\n                            78,88<br \/>\n                            z\u0142<\/p>\n<p>                    Zobacz<\/p>\n<p>            VTech Tut Tut Autko Wywrotka 60560<\/p>\n<p>                        od<br \/>\n                            34,53<br \/>\n                            z\u0142<\/p>\n<p>                    Zobacz<\/p>\n<p>            VTech Tut Tut Autko Spycharka 60809<\/p>\n<p>                        od<br \/>\n                            34,50<br \/>\n                            z\u0142<\/p>\n<p>                    Zobacz<\/p>\n<p>            VTech Tut Tut Autko Betoniarka 60808<\/p>\n<p>                        od<br \/>\n                            34,80<br \/>\n                            z\u0142<\/p>\n<p>                    Zobacz<\/p>\n<p>            VTech Tut Tut Autka Wie\u017ca Patrolowa 61460<\/p>\n<p>                        od<br \/>\n                            216,90<br \/>\n                            z\u0142<\/p>\n<p>                    Zobacz<\/p>\n<p>            VTech Betoniarka Pojazd Kulkomieszarka 60994<\/p>\n<p>                        od<br \/>\n                            105,00<br \/>\n                            z\u0142<\/p>\n<p>                    Zobacz<\/p>\n<p>            VTech Tut Tut Autka Wy\u015bcigowy Wielki Tor 61459<\/p>\n<p>                        od<br \/>\n                            216,00<br \/>\n                            z\u0142<\/p>\n<p>                    Zobacz<\/p>\n<p>            Vtech Kidizoom DX2 Zielony<\/p>\n<p>                        od<br \/>\n                            252,94<br \/>\n                            z\u0142<\/p>\n<p>                    Zobacz<\/p>\n<p>            VTech Tut Tut Autko Autotransporter 60812<\/p>\n<p>                        od<br \/>\n                            109,50<br \/>\n                            z\u0142<\/p>\n<p>                    Zobacz<\/p>\n<p>            VTech Wie\u017ca Parkingowa 60558<\/p>\n<p>                        od<br \/>\n                            172,70<br \/>\n                            z\u0142<\/p>\n<p>                    Zobacz<\/p>\n<p>            VTech Tablet Interaktywny 61173<\/p>\n<p>                        od<br \/>\n                            87,39<br \/>\n                            z\u0142<\/p>\n<p>                    Zobacz<\/p>\n<p>            VTech Kidizoom Duo 5.0 Niebieski<\/p>\n<p>                        od<br \/>\n                            499,00<br \/>\n                            z\u0142<\/p>\n<p>                    Zobacz<\/p>\n<p>            VTech Zestaw Gara\u017c 61456<\/p>\n<p>                        od<br \/>\n                            225,26<br \/>\n                            z\u0142<\/p>\n<p>                    Zobacz<\/p>\n<p>            VTech Tut Tut Autko Policja 60557<\/p>\n<p>                        od<br \/>\n                            34,50<br \/>\n                            z\u0142<\/p>\n<p>                    Zobacz<\/p>\n<p>            VTech Kidizoom Duo DX Niebieski 20004<\/p>\n<p>                        od<br \/>\n                            442,67<br \/>\n                            z\u0142<\/p>\n<p>                    Zobacz<\/p>\n<p>            VTech Wielki S\u0142ownik Zwierz\u0105t 61457<\/p>\n<p>                        od<br \/>\n                            105,13<br \/>\n                            z\u0142<\/p>\n<p>                    Zobacz<\/p>\n<h2>VTech Pchacz Kulko\u0142apacz 60915 VTech<\/h2>\n<p>kolorowanki minecraft, mandala kolorowanka, zabawa dla 7 latka, zagadki dla ma\u0142ych dzieci, bezwarunkowa mi\u0142o\u015b\u0107 do dziecka cytaty, lidia imie, pomys\u0142y na prezent na roczek, zagadki kr\u00f3tkie<\/p>\n<p>yyyyy<\/p>\n<p>&nbsp;<\/p>\n","protected":false},"excerpt":{"rendered":"<p>VTech Pchacz Kulko\u0142apacz 60915Pchacz Kulko-\u0141apacz marki VTech dostarczy dziecku wielu atrakcji podczas zabawy. Wrzu\u0107 kolorowe kulki w otw\u00f3r na dachu zabawki i obserwuj jak wskakuj\u0105 poprzez wyrzutni\u0119, a nast\u0119pnie ponownie wskakuj\u0105 do zabawki. Popchnij zabawk\u0119, a us\u0142yszysz tak\u017ce wiele ciekawych zwrot\u00f3w, fraz, d\u017awi\u0119k\u00f3w i piosenek. Jest ich w sumie ponad 75! Zabawki serii VTech Baby [&hellip;]<\/p>\n","protected":false},"featured_media":6038,"comment_status":"closed","ping_status":"open","template":"","meta":[],"product_cat":[349,1203],"product_tag":[613,630,631,620,698,756],"class_list":["post-6037","product","type-product","status-publish","has-post-thumbnail","hentry","product_cat-chodziki","product_cat-vtech","product_tag-na-wyspach-bergamutach","product_tag-podchwytliwe-zagadki-z-odpowiedziami","product_tag-prezent-na-roczek","product_tag-quiz-opowiesci-z-narnii","product_tag-zagadki-dla-przedszkolakow","product_tag-zaproszenie-na-urodziny-do-druku"],"_links":{"self":[{"href":"http:\/\/klubmamgdynia.pl\/index.php\/wp-json\/wp\/v2\/product\/6037","targetHints":{"allow":["GET"]}}],"collection":[{"href":"http:\/\/klubmamgdynia.pl\/index.php\/wp-json\/wp\/v2\/product"}],"about":[{"href":"http:\/\/klubmamgdynia.pl\/index.php\/wp-json\/wp\/v2\/types\/product"}],"replies":[{"embeddable":true,"href":"http:\/\/klubmamgdynia.pl\/index.php\/wp-json\/wp\/v2\/comments?post=6037"}],"wp:featuredmedia":[{"embeddable":true,"href":"http:\/\/klubmamgdynia.pl\/index.php\/wp-json\/wp\/v2\/media\/6038"}],"wp:attachment":[{"href":"http:\/\/klubmamgdynia.pl\/index.php\/wp-json\/wp\/v2\/media?parent=6037"}],"wp:term":[{"taxonomy":"product_cat","embeddable":true,"href":"http:\/\/klubmamgdynia.pl\/index.php\/wp-json\/wp\/v2\/product_cat?post=6037"},{"taxonomy":"product_tag","embeddable":true,"href":"http:\/\/klubmamgdynia.pl\/index.php\/wp-json\/wp\/v2\/product_tag?post=6037"}],"curies":[{"name":"wp","href":"https:\/\/api.w.org\/{rel}","templated":true}]}}