{"id":6039,"date":"2015-06-13T21:59:22","date_gmt":"2015-06-13T19:59:22","guid":{"rendered":"http:\/\/klubmamgdynia.pl\/index.php\/produkt\/shan-papier-kolorowy-a4-80g-fioletowy-pastelowy-3-100-arkuszy\/"},"modified":"2026-04-04T02:49:57","modified_gmt":"2026-04-04T00:49:57","slug":"shan-papier-kolorowy-a4-80g-fioletowy-pastelowy-3-100-arkuszy","status":"publish","type":"product","link":"http:\/\/klubmamgdynia.pl\/index.php\/produkt\/shan-papier-kolorowy-a4-80g-fioletowy-pastelowy-3-100-arkuszy\/","title":{"rendered":"Shan Papier Kolorowy A4 80G Fioletowy Pastelowy 3 100 Arkuszy"},"content":{"rendered":"<h2>Shan Papier Kolorowy A4 80G Fioletowy Pastelowy 3 100 Arkuszy <\/h2>\n<p>maska iron man, zabawki na roczek dla ch\u0142opca, zagadki dla sze\u015bciolatk\u00f3w, co na roczek dla ch\u0142opca, uk\u0142ad s\u0142oneczny dla dzieci do druku, zgadywanki, karty pracy dla dzieci z ukrainy pdf, jaki prezent na roczek dla dziewczynki, prezenty na roczek dla dziewczynki, test z lektury magiczne drzewo czerwone krzes\u0142o, bajki do czytania dla ch\u0142opc\u00f3w, maski superbohater\u00f3w do wydrukowania<\/p>\n<p>yyyyy<\/p>\n<p>&nbsp;<\/p>\n","protected":false},"excerpt":{"rendered":"<p>Shan Papier Kolorowy A4 80G Fioletowy Pastelowy 3 100 Arkuszy maska iron man, zabawki na roczek dla ch\u0142opca, zagadki dla sze\u015bciolatk\u00f3w, co na roczek dla ch\u0142opca, uk\u0142ad s\u0142oneczny dla dzieci do druku, zgadywanki, karty pracy dla dzieci z ukrainy pdf, jaki prezent na roczek dla dziewczynki, prezenty na roczek dla dziewczynki, test z lektury magiczne [&hellip;]<\/p>\n","protected":false},"featured_media":6040,"comment_status":"closed","ping_status":"open","template":"","meta":[],"product_cat":[325],"product_tag":[673,747,590,586,823],"class_list":["post-6039","product","type-product","status-publish","has-post-thumbnail","hentry","product_cat-szkolne-artykuly-papiernicze","product_tag-juz-blisko-koleda-tekst","product_tag-malowanki-do-druku","product_tag-plac-zabaw-warszawa","product_tag-smieszne-zagadki","product_tag-zagadki-dla-dzieci-7-lat"],"_links":{"self":[{"href":"http:\/\/klubmamgdynia.pl\/index.php\/wp-json\/wp\/v2\/product\/6039","targetHints":{"allow":["GET"]}}],"collection":[{"href":"http:\/\/klubmamgdynia.pl\/index.php\/wp-json\/wp\/v2\/product"}],"about":[{"href":"http:\/\/klubmamgdynia.pl\/index.php\/wp-json\/wp\/v2\/types\/product"}],"replies":[{"embeddable":true,"href":"http:\/\/klubmamgdynia.pl\/index.php\/wp-json\/wp\/v2\/comments?post=6039"}],"wp:featuredmedia":[{"embeddable":true,"href":"http:\/\/klubmamgdynia.pl\/index.php\/wp-json\/wp\/v2\/media\/6040"}],"wp:attachment":[{"href":"http:\/\/klubmamgdynia.pl\/index.php\/wp-json\/wp\/v2\/media?parent=6039"}],"wp:term":[{"taxonomy":"product_cat","embeddable":true,"href":"http:\/\/klubmamgdynia.pl\/index.php\/wp-json\/wp\/v2\/product_cat?post=6039"},{"taxonomy":"product_tag","embeddable":true,"href":"http:\/\/klubmamgdynia.pl\/index.php\/wp-json\/wp\/v2\/product_tag?post=6039"}],"curies":[{"name":"wp","href":"https:\/\/api.w.org\/{rel}","templated":true}]}}