{"id":6041,"date":"2017-02-20T15:13:58","date_gmt":"2017-02-20T14:13:58","guid":{"rendered":"http:\/\/klubmamgdynia.pl\/index.php\/produkt\/leantoys-auto-na-akumulator-audi-q7-czerwone\/"},"modified":"2026-04-27T02:55:49","modified_gmt":"2026-04-27T00:55:49","slug":"leantoys-auto-na-akumulator-audi-q7-czerwone","status":"publish","type":"product","link":"http:\/\/klubmamgdynia.pl\/index.php\/produkt\/leantoys-auto-na-akumulator-audi-q7-czerwone\/","title":{"rendered":"Leantoys Auto Na Akumulator Audi Q7 Czerwone"},"content":{"rendered":"<p>Gumowe ko\u0142a, Sk\u00f3rzane fotele, Pod\u015bwietlane ZegaryDu\u017cy, mocny i wykonany z najlepszej jako\u015bci tworzywa samoch\u00f3d w nowoczesnym stylu zadowoli gusta najm\u0142odszych mi\u0142o\u015bnik\u00f3w marki Audi.Zabawka zalecana przez producenta od 3 roku \u017cycia jednak ju\u017c dzieci od 1 roku \u017cycia mog\u0105 czerpa\u0107 niez\u0142\u0105 frajd\u0119 z jazdy przy u\u017cyciu pilota zdalnego sterowania przez rodzic\u00f3w.Posiada certyfikat CEDo samodzielnego z\u0142o\u017cenia (w zestawie instrukcja prosty monta\u017c 20-30min)OG\u00d3LNE DANEModel Audi Q7 S-lineKolor CzerwonyDANE TECHNICZNESilnik 2 x 45WAkumulator 1x 12V 7AhBiegi automatyczne przyspieszanie (zmiana pr\u0119dko\u015bci z pilota)Ko\u0142a gumowe (EVA), zapewniaj\u0105ce wysoki komfort, 4 amortyzatoryWymiary pojazdu 120cm x 67cm x 54cm (d\u0142\/szer\/wys)\u015arednica k\u00f3\u0142 26cmWysoko\u015b\u0107 zawieszenia 17cmPr\u0119dko\u015b\u0107 2-4 km\/h (1. bieg); 4-6 km\/h (2. bieg)Masa w\u0142asna 20 kgMax. obci\u0105\u017cenie 30 kgCzas \u0142adowania 8 &#8211; 12 godzinCzas jazdy do 1 godzinyInne \u25cf elektryczny hamulec, dzia\u0142aj\u0105cy po zdj\u0119ciu nogi z peda\u0142u gazuWYPOSA\u017bENIEPasy bezpiecze\u0144stwaOtwierane drzwiKluczykiZdalne sterowanie 2,4G\u015awiat\u0142a przednie \u015bwiat\u0142a LEDD\u017awi\u0119ki przyciski na kierownicyFotele profilowane siedzenia pokryte mi\u0119kk\u0105 sk\u00f3r\u0105*Audio USB, Micro SD TF, JACK (MP3)*Chromowane elementy felgi i elementy wyko\u0144czenioweInne \u25cf wy\u015bwietlacz radia wskazuje r\u00f3wnie\u017c stan na\u0142adowania akumulatora pojazdu*\u25cf pod\u015bwietlane zegary*DODATKOWE INFORMACJEPrzeznaczenie pojazdu utwardzona powierzchnia: kostka, asfalt, trawa, nier\u00f3wno\u015bciCertyfikat posiada certyfikat CE, EN* &#8211; oznacza dodatkowe wyposa\u017cenie wyst\u0119puj\u0105ce w cenie prezentowanego pojazduNieodpowiednie dla dzieci w wieku poni\u017cej trzech lat!<\/p>\n<h2>Leantoys Auto Na Akumulator Audi Q7 Czerwone Lean Toys<\/h2>\n<p>kotek kolorowanka, zabawki na roczek dla dziewczynki, opisy o dzieciach, prezent dla 16 latki, kwiaty polne nazwy i zdj\u0119cia, jordan co oznacza, kotki kolorowanka, kolorowe listki tekst, zagadki na inteligencje, pewna \u017caba by\u0142a s\u0142aba, miko\u0142ajek test z lektury, kolorowanki psi patrol, zaproszenie na urodziny dziecka do druku, proste dekoracje bo\u017conarodzeniowe dla dzieci, quiz o zwierz\u0119tach domowych, mitologia grecka quiz, pytania logiczne, kolorowanki na andrzejki do wydruku, pi\u0119kne kr\u00f3tkie wiersze, \u015bmieszne \u0142ama\u0144ce j\u0119zykowe, opisy do zdj\u0119\u0107 dziecka<\/p>\n<p>yyyyy<\/p>\n<p>&nbsp;<\/p>\n","protected":false},"excerpt":{"rendered":"<p>Gumowe ko\u0142a, Sk\u00f3rzane fotele, Pod\u015bwietlane ZegaryDu\u017cy, mocny i wykonany z najlepszej jako\u015bci tworzywa samoch\u00f3d w nowoczesnym stylu zadowoli gusta najm\u0142odszych mi\u0142o\u015bnik\u00f3w marki Audi.Zabawka zalecana przez producenta od 3 roku \u017cycia jednak ju\u017c dzieci od 1 roku \u017cycia mog\u0105 czerpa\u0107 niez\u0142\u0105 frajd\u0119 z jazdy przy u\u017cyciu pilota zdalnego sterowania przez rodzic\u00f3w.Posiada certyfikat CEDo samodzielnego z\u0142o\u017cenia (w [&hellip;]<\/p>\n","protected":false},"featured_media":6042,"comment_status":"closed","ping_status":"open","template":"","meta":[],"product_cat":[73,24],"product_tag":[839,683,774],"class_list":["post-6041","product","type-product","status-publish","has-post-thumbnail","hentry","product_cat-lean-toys","product_cat-samochody-dla-dzieci","product_tag-bajki-na-dobranoc-do-czytania","product_tag-karaluchy-pod-poduchy","product_tag-prezent-na-roczek-nie-zabawka"],"_links":{"self":[{"href":"http:\/\/klubmamgdynia.pl\/index.php\/wp-json\/wp\/v2\/product\/6041","targetHints":{"allow":["GET"]}}],"collection":[{"href":"http:\/\/klubmamgdynia.pl\/index.php\/wp-json\/wp\/v2\/product"}],"about":[{"href":"http:\/\/klubmamgdynia.pl\/index.php\/wp-json\/wp\/v2\/types\/product"}],"replies":[{"embeddable":true,"href":"http:\/\/klubmamgdynia.pl\/index.php\/wp-json\/wp\/v2\/comments?post=6041"}],"wp:featuredmedia":[{"embeddable":true,"href":"http:\/\/klubmamgdynia.pl\/index.php\/wp-json\/wp\/v2\/media\/6042"}],"wp:attachment":[{"href":"http:\/\/klubmamgdynia.pl\/index.php\/wp-json\/wp\/v2\/media?parent=6041"}],"wp:term":[{"taxonomy":"product_cat","embeddable":true,"href":"http:\/\/klubmamgdynia.pl\/index.php\/wp-json\/wp\/v2\/product_cat?post=6041"},{"taxonomy":"product_tag","embeddable":true,"href":"http:\/\/klubmamgdynia.pl\/index.php\/wp-json\/wp\/v2\/product_tag?post=6041"}],"curies":[{"name":"wp","href":"https:\/\/api.w.org\/{rel}","templated":true}]}}