{"id":6043,"date":"2025-01-13T10:50:59","date_gmt":"2025-01-13T09:50:59","guid":{"rendered":"http:\/\/klubmamgdynia.pl\/?post_type=product&#038;p=6043"},"modified":"2026-04-22T20:44:07","modified_gmt":"2026-04-22T18:44:07","slug":"jurassic-world-plecak-szkolny-dominion-brazowy","status":"publish","type":"product","link":"http:\/\/klubmamgdynia.pl\/index.php\/produkt\/jurassic-world-plecak-szkolny-dominion-brazowy\/","title":{"rendered":"Jurassic World Plecak Szkolny Dominion Br\u0105zowy"},"content":{"rendered":"<p>Dzieci zas\u0142uguj\u0105 na to co najlepsze, dlatego przedstawiamy Ci Plecak szkolny Jurassic World Dominion Br\u0105zowy (33 x 42 x 14 cm), idealny dla tych, kt\u00f3rzy szukaj\u0105 produkt\u00f3w wysokiej jako\u015bci dla dzieci! Zdob\u0105d\u017a Jurassic World i inne produkty markowe i licencyjne w najlepszych cenach!Kolor: Br\u0105zowyRodzaj zapi\u0119cia: Zamek b\u0142yskawicznyW\u0142a\u015bciwo\u015bci: Podk\u0142adka ergonomicznaUchwyt u g\u00f3ryPrzystosowany do w\u00f3zka do plecakaMateria\u0142: Poliester 300DPrzegr\u00f3dki: Przednia kiesze\u0144 zamykana na suwakBoczna kiesze\u0144 na butelk\u0119Wymiary ok.: 33 x 42 x 14 cmStyl: SzkolnyZalecane stosowanie: Dzieci\u0119cy&#8230;<\/p>\n<h2>Jurassic World Plecak Szkolny Dominion Br\u0105zowy <\/h2>\n<p>ba\u015bniowe imiona \u017ce\u0144skie, imi\u0119 r\u00f3\u017ca, daniel imie, bardzo trudne zagadki, tekst kolysanek, kolorowanka \u015bwinka peppa<\/p>\n<p>yyyyy<\/p>\n<p>&nbsp;<\/p>\n","protected":false},"excerpt":{"rendered":"<p>Dzieci zas\u0142uguj\u0105 na to co najlepsze, dlatego przedstawiamy Ci Plecak szkolny Jurassic World Dominion Br\u0105zowy (33 x 42 x 14 cm), idealny dla tych, kt\u00f3rzy szukaj\u0105 produkt\u00f3w wysokiej jako\u015bci dla dzieci! Zdob\u0105d\u017a Jurassic World i inne produkty markowe i licencyjne w najlepszych cenach!Kolor: Br\u0105zowyRodzaj zapi\u0119cia: Zamek b\u0142yskawicznyW\u0142a\u015bciwo\u015bci: Podk\u0142adka ergonomicznaUchwyt u g\u00f3ryPrzystosowany do w\u00f3zka do plecakaMateria\u0142: [&hellip;]<\/p>\n","protected":false},"featured_media":6044,"comment_status":"closed","ping_status":"open","template":"","meta":[],"product_cat":[329],"product_tag":[780,751,587],"class_list":["post-6043","product","type-product","status-publish","has-post-thumbnail","hentry","product_cat-plecaki-szkolne","product_tag-krecik-bajka","product_tag-psi-patrol-kolorowanka","product_tag-skalne-miasto"],"_links":{"self":[{"href":"http:\/\/klubmamgdynia.pl\/index.php\/wp-json\/wp\/v2\/product\/6043","targetHints":{"allow":["GET"]}}],"collection":[{"href":"http:\/\/klubmamgdynia.pl\/index.php\/wp-json\/wp\/v2\/product"}],"about":[{"href":"http:\/\/klubmamgdynia.pl\/index.php\/wp-json\/wp\/v2\/types\/product"}],"replies":[{"embeddable":true,"href":"http:\/\/klubmamgdynia.pl\/index.php\/wp-json\/wp\/v2\/comments?post=6043"}],"wp:featuredmedia":[{"embeddable":true,"href":"http:\/\/klubmamgdynia.pl\/index.php\/wp-json\/wp\/v2\/media\/6044"}],"wp:attachment":[{"href":"http:\/\/klubmamgdynia.pl\/index.php\/wp-json\/wp\/v2\/media?parent=6043"}],"wp:term":[{"taxonomy":"product_cat","embeddable":true,"href":"http:\/\/klubmamgdynia.pl\/index.php\/wp-json\/wp\/v2\/product_cat?post=6043"},{"taxonomy":"product_tag","embeddable":true,"href":"http:\/\/klubmamgdynia.pl\/index.php\/wp-json\/wp\/v2\/product_tag?post=6043"}],"curies":[{"name":"wp","href":"https:\/\/api.w.org\/{rel}","templated":true}]}}