{"id":6045,"date":"2016-05-28T08:09:51","date_gmt":"2016-05-28T06:09:51","guid":{"rendered":"http:\/\/klubmamgdynia.pl\/index.php\/produkt\/littlelife-plecaczek-dla-dzieci-pszczolka-animal-adventures-l10241-zolty\/"},"modified":"2026-05-17T21:51:46","modified_gmt":"2026-05-17T19:51:46","slug":"littlelife-plecaczek-dla-dzieci-pszczolka-animal-adventures-l10241-zolty","status":"publish","type":"product","link":"http:\/\/klubmamgdynia.pl\/index.php\/produkt\/littlelife-plecaczek-dla-dzieci-pszczolka-animal-adventures-l10241-zolty\/","title":{"rendered":"Littlelife Plecaczek Dla Dzieci Pszcz\u00f3\u0142ka Animal Adventures L10241 \u017b\u00f3\u0142ty"},"content":{"rendered":"<p>W zestawie:nnplecaczeknodpinana smycz bezpiecze\u0144stwannZabawny i pi\u0119knie wykonany plecak Pszcz\u00f3\u0142ka z serii LiittleLife Animal jest przeznaczony dla maluch\u00f3w od 1 roku \u017cycia do oko\u0142o 3 lat. Ten plecak zaskakuje swoj\u0105 funkcjonalno\u015bci\u0105, ka\u017cdy z plecaczk\u00f3w z serii Animal posiada w zestawie odpinan\u0105 smycz\/pasek bezpiecze\u0144stwa. Wystarczy przypi\u0105\u0107 j\u0105 do specjalnego uchwytu na g\u00f3rze plecaka, dzi\u0119ki niej mo\u017cesz trzyma\u0107 blisko swojego Malucha wtedy gdy wymaga tego sytuacja (szczeg\u00f3lnie przydaje si\u0119 w du\u017cych sklepach i skupiskach ludzkich, a tak\u017ce wtedy gdy masz pod opiek\u0105 wi\u0119cej ni\u017c jedno dziecko). nCechy plecaka:n- smycz bezpiecze\u0144stwa, kt\u00f3r\u0105 mo\u017cna w ka\u017cdej chwili odpi\u0105\u0107 i schowa\u0107- g\u0142\u00f3wna komora plecaczka posiada zamkni\u0119cie na suwak- regulowane paski naramienne i pas piersiowy zapinany na klamr\u0119 dzi\u0119ki czemu nosi si\u0119 go wygodnie i bezpiecznie &#8211; w \u015brodku znajduje si\u0119 miejsce na wpisanie imienia, nazwiska, danych kontaktowych &#8211; ka\u017cdy z plecaczk\u00f3w posiada wygodny uchwyt na g\u00f3rze- przeznaczony dla dzieci w wieku 1-3 lata- wymiary: 14 x 18 x 23 cm- pojemno\u015b\u0107 2 litry- waga 200 g (7 oz.)- aby usun\u0105c zabrudzenia, lekko szczotkowa\u0107 mi\u0119kk\u0105 szczotk\u0105 lub u\u017cy\u0107 mi\u0119kkiej \u015bciereczki i delikatnego myd\u0142a w p\u0142ynie, nie pra\u0107 w pralce- zgodny z norm\u0105 bezpiecze\u0144stwa EN 13210-2004 nnnnn &#8230;<\/p>\n<h2>Littlelife Plecaczek Dla Dzieci Pszcz\u00f3\u0142ka Animal Adventures L10241 \u017b\u00f3\u0142ty Little Life<\/h2>\n<p>\u015bmigus dyngus lany poniedzia\u0142ek zyczenia, co kupi\u0107 na roczek, gaja imi\u0119, quizy za darmo, na wyspach bergamuta, podchwytliwe zagadki i odpowiedzi, weso\u0142e pisanki tekst piosenki, kolorowanki pi\u0142karskie, kwiecien plecien, cytaty dla mamy, gad\u017cety dla nastolatki<\/p>\n<p>yyyyy<\/p>\n<p>&nbsp;<\/p>\n","protected":false},"excerpt":{"rendered":"<p>W zestawie:nnplecaczeknodpinana smycz bezpiecze\u0144stwannZabawny i pi\u0119knie wykonany plecak Pszcz\u00f3\u0142ka z serii LiittleLife Animal jest przeznaczony dla maluch\u00f3w od 1 roku \u017cycia do oko\u0142o 3 lat. Ten plecak zaskakuje swoj\u0105 funkcjonalno\u015bci\u0105, ka\u017cdy z plecaczk\u00f3w z serii Animal posiada w zestawie odpinan\u0105 smycz\/pasek bezpiecze\u0144stwa. Wystarczy przypi\u0105\u0107 j\u0105 do specjalnego uchwytu na g\u00f3rze plecaka, dzi\u0119ki niej mo\u017cesz trzyma\u0107 [&hellip;]<\/p>\n","protected":false},"featured_media":6046,"comment_status":"closed","ping_status":"open","template":"","meta":[],"product_cat":[1415,329],"product_tag":[815,704,628,721,767],"class_list":["post-6045","product","type-product","status-publish","has-post-thumbnail","hentry","product_cat-little-life","product_cat-plecaki-szkolne","product_tag-ozdoby-choinkowe-dla-dzieci","product_tag-prezent-dla-nastolatka","product_tag-zagadka","product_tag-zagadki-matematyczne","product_tag-zaproszenia-urodzinowe-do-druku"],"_links":{"self":[{"href":"http:\/\/klubmamgdynia.pl\/index.php\/wp-json\/wp\/v2\/product\/6045","targetHints":{"allow":["GET"]}}],"collection":[{"href":"http:\/\/klubmamgdynia.pl\/index.php\/wp-json\/wp\/v2\/product"}],"about":[{"href":"http:\/\/klubmamgdynia.pl\/index.php\/wp-json\/wp\/v2\/types\/product"}],"replies":[{"embeddable":true,"href":"http:\/\/klubmamgdynia.pl\/index.php\/wp-json\/wp\/v2\/comments?post=6045"}],"wp:featuredmedia":[{"embeddable":true,"href":"http:\/\/klubmamgdynia.pl\/index.php\/wp-json\/wp\/v2\/media\/6046"}],"wp:attachment":[{"href":"http:\/\/klubmamgdynia.pl\/index.php\/wp-json\/wp\/v2\/media?parent=6045"}],"wp:term":[{"taxonomy":"product_cat","embeddable":true,"href":"http:\/\/klubmamgdynia.pl\/index.php\/wp-json\/wp\/v2\/product_cat?post=6045"},{"taxonomy":"product_tag","embeddable":true,"href":"http:\/\/klubmamgdynia.pl\/index.php\/wp-json\/wp\/v2\/product_tag?post=6045"}],"curies":[{"name":"wp","href":"https:\/\/api.w.org\/{rel}","templated":true}]}}