{"id":6047,"date":"2020-03-09T21:33:57","date_gmt":"2020-03-09T20:33:57","guid":{"rendered":"http:\/\/klubmamgdynia.pl\/index.php\/produkt\/derform-plecak-o68-backup-4\/"},"modified":"2026-04-25T03:06:29","modified_gmt":"2026-04-25T01:06:29","slug":"derform-plecak-o68-backup-4","status":"publish","type":"product","link":"http:\/\/klubmamgdynia.pl\/index.php\/produkt\/derform-plecak-o68-backup-4\/","title":{"rendered":"Derform Plecak O68 Backup 4"},"content":{"rendered":"<p>Derform Plecak O68 Backup 4<\/p>\n<p>Bardzo dynamiczny wz\u00f3r w br\u0105zow\u0105 i zielon\u0105 kostk\u0119, wygl\u0105daj\u0105c\u0105 jak du\u017ce piksele, stworzony dla fan\u00f3w gier komputerowych. Plecak przeszyty odblaskowymi ta\u015bmami. Przenie\u015b si\u0119 z plecakiem BackUP w wirtualny \u015bwiat pe\u0142en przyg\u00f3d i tajnych misji. To strza\u0142 w dziesi\u0105tk\u0119 dla wszystkich fan\u00f3w gier komputerowych! Oryginalny i niepowtarzalny wygl\u0105d tylko z plecakiem BackUP.                            <\/p>\n<p>Szczeg\u00f3\u0142y produktu:Posiada trzy pojemne komory oraz po bokach dwie kieszenie, idealne na bidon.Dodatkowo na froncie plecaka znajduje si\u0119 kiesze\u0144 na zamek, idealna na niezb\u0119dne drobiazgi (np. telefon, chusteczki).W pierwszej komorze znajduj\u0105 si\u0119 kieszenie do bezpiecznego przenoszenia laptopa i tableta.W drugiej komorze ma\u0142a kieszonka zabezpieczona zamkiem, idealna na drobiazgi.W trzeciej komorze znajdziemy funkcjonaln\u0105 kieszonk\u0119 na zamek, zapinany organizer, przegr\u00f3dki na d\u0142ugopisy oraz brelok na klucze.Ergonomiczne, profilowane i usztywnione plecy z pianki zapewniaj\u0105cej wentylacj\u0119.                            <\/p>\n<p>Mi\u0119kkie i wygodne szelki z regulacj\u0105 gwarantuj\u0105 doskona\u0142y komfort noszenia.Plecak wyposa\u017cony zosta\u0142 w pasek mostka, dzi\u0119ki czemu dok\u0142adnie przylega do cia\u0142a, zapewniaj\u0105c dodatkowe podparcie dla kr\u0119gos\u0142upa.Plecak zawiera r\u00f3wnie\u017c dno wykonane ze wzmocnionej tkaniny.Dwa funkcjonalne uchwyty &#8211; jeden do przenoszenia, drugi do bezpiecznego powieszenia plecaka.Odblaski na szelkach.Dzi\u0119ki swoim wymiarom umo\u017cliwia r\u00f3wnomierne zapakowanie wszystkich niezb\u0119dnych rzeczy.Spe\u0142ni oczekiwania ka\u017cdego, dzi\u0119ki porz\u0105dnej i solidnej konstrukcji oraz dobrej jako\u015bci u\u017cytych materia\u0142\u00f3w.Nazwa kolekcji: game.Rozmiar plecaka: 42 x 30 x 20 cm.Waga: 880 g.<\/p>\n<h2>Derform Plecak O68 Backup 4 Derform<\/h2>\n<p>peppa do czytania, kolorowanka star wars, szablony do wyklejania plastelin\u0105, quiz z bajek, bajki do czytania online, wierszyki o wakacjach kr\u00f3tkie, kontynenty dla dzieci do druku, sybilla<\/p>\n<p>yyyyy<\/p>\n<p>&nbsp;<\/p>\n","protected":false},"excerpt":{"rendered":"<p>Derform Plecak O68 Backup 4 Bardzo dynamiczny wz\u00f3r w br\u0105zow\u0105 i zielon\u0105 kostk\u0119, wygl\u0105daj\u0105c\u0105 jak du\u017ce piksele, stworzony dla fan\u00f3w gier komputerowych. Plecak przeszyty odblaskowymi ta\u015bmami. Przenie\u015b si\u0119 z plecakiem BackUP w wirtualny \u015bwiat pe\u0142en przyg\u00f3d i tajnych misji. To strza\u0142 w dziesi\u0105tk\u0119 dla wszystkich fan\u00f3w gier komputerowych! Oryginalny i niepowtarzalny wygl\u0105d tylko z plecakiem [&hellip;]<\/p>\n","protected":false},"featured_media":6048,"comment_status":"closed","ping_status":"open","template":"","meta":[],"product_cat":[1021,329],"product_tag":[864,787,866,579,812,713],"class_list":["post-6047","product","type-product","status-publish","has-post-thumbnail","hentry","product_cat-derform","product_cat-plecaki-szkolne","product_tag-basen-warszawa","product_tag-nauka-pisania-wyrazow-dla-dzieci-do-druku-pdf","product_tag-opis-do-zdjecia-dziecka-na-fb","product_tag-quiz-opowiesci-z-narnii-lew-czarownica-i-stara-szafa","product_tag-zagadki-logiczne-na-inteligencje","product_tag-zagadki-logiczne-z-odpowiedziami"],"_links":{"self":[{"href":"http:\/\/klubmamgdynia.pl\/index.php\/wp-json\/wp\/v2\/product\/6047","targetHints":{"allow":["GET"]}}],"collection":[{"href":"http:\/\/klubmamgdynia.pl\/index.php\/wp-json\/wp\/v2\/product"}],"about":[{"href":"http:\/\/klubmamgdynia.pl\/index.php\/wp-json\/wp\/v2\/types\/product"}],"replies":[{"embeddable":true,"href":"http:\/\/klubmamgdynia.pl\/index.php\/wp-json\/wp\/v2\/comments?post=6047"}],"wp:featuredmedia":[{"embeddable":true,"href":"http:\/\/klubmamgdynia.pl\/index.php\/wp-json\/wp\/v2\/media\/6048"}],"wp:attachment":[{"href":"http:\/\/klubmamgdynia.pl\/index.php\/wp-json\/wp\/v2\/media?parent=6047"}],"wp:term":[{"taxonomy":"product_cat","embeddable":true,"href":"http:\/\/klubmamgdynia.pl\/index.php\/wp-json\/wp\/v2\/product_cat?post=6047"},{"taxonomy":"product_tag","embeddable":true,"href":"http:\/\/klubmamgdynia.pl\/index.php\/wp-json\/wp\/v2\/product_tag?post=6047"}],"curies":[{"name":"wp","href":"https:\/\/api.w.org\/{rel}","templated":true}]}}