{"id":6049,"date":"2015-01-09T00:04:40","date_gmt":"2015-01-08T23:04:40","guid":{"rendered":"http:\/\/klubmamgdynia.pl\/index.php\/produkt\/big-jezdzik-bobby-quad-w-zestawie-z-ochraniaczami-na-buty\/"},"modified":"2026-04-25T03:28:15","modified_gmt":"2026-04-25T01:28:15","slug":"big-jezdzik-bobby-quad-w-zestawie-z-ochraniaczami-na-buty","status":"publish","type":"product","link":"http:\/\/klubmamgdynia.pl\/index.php\/produkt\/big-jezdzik-bobby-quad-w-zestawie-z-ochraniaczami-na-buty\/","title":{"rendered":"Big Je\u017adzik Bobby Quad W Zestawie Z Ochraniaczami Na Buty"},"content":{"rendered":"<p>Je\u017adzik Bobby Quad Racing od renomowanej firmy BIG to pojazd przypominaj\u0105cy prawdziwy quad. Jest stabilny i bezpieczny &#8211; idealny dla dzieci, kt\u00f3re zaczynaj\u0105 swoj\u0105 przygod\u0119 z pojazdami. Zbudowany tak, aby mog\u0142y wypr\u00f3bowa\u0107 i rozwija\u0107 kolejne zdolno\u015bci &#8211; wsiadanie, zsiadanie, odpychanie i kierowanie. Jest to idealna propozycja na prezent dla dziecka od 3 roku \u017cycia.Charakterystyka:- je\u017adzik zosta\u0142 wyposa\u017cony w ciche ko\u0142a, kt\u00f3re sprawdz\u0105 si\u0119 doskonale na r\u00f3\u017cnych powierzchniach,- dodatkowo przednie k\u00f3\u0142ka s\u0105 skr\u0119tne dla wygodniejszego prowadzenia i skr\u0119cania,- posiada specjalne plastikowe ciche ko\u0142a, mechanizm holowniczy z przodu, hak na przyczep\u0119 oraz klakson,- trwa\u0142a konstrukcja je\u017adzika, gwarantuje d\u0142ugi okres eksploatacji,- rozwija zdolno\u015bci motoryczne dziecka,- przeznaczony dla dzieci od 3 roku \u017cycia.+ Stacyjka D\u017awi\u0119kowa z kluczykiemStacyjka to uzupe\u0142nienie ka\u017cdego je\u017adzika Big wyposa\u017conego w sekretny schowek. Produkty marki Big s\u0105 wyj\u0105tkowo wytrzyma\u0142e co umo\u017cliwi przetrwanie w starciu z wi\u0119ksz\u0105 grup\u0105 ma\u0142ych urwis\u00f3w. Taki dodatek zachwyci ka\u017cdego posiadacza niezawodnego je\u017adzika BIG. Produkt wykonany z my\u015bl\u0105 o bezpiecze\u0144stwie najm\u0142odszych. Wielogodzinna zabawa gwarantowana!Charakterystyka:- kluczyk jest wyjmowany, zatem wystarczy go w\u0142o\u017cy\u0107, przekr\u0119ci\u0107 i &#8230;. s\u0142ycha\u0107 odg\u0142osy uruchamiania i jazdy prawdziwego samochodu- zabawka wymaga 2 szt. baterii LR44- stacyjka przeznaczona do je\u017adzik\u00f3w New Bobby CarNiemiecka jako\u015b\u0107 i solidno\u015b\u0107 &#8211; tymi dwoma okre\u015bleniami mo\u017cna bardzo trafnie opisa\u0107 producenta zabawek BIG. Firma, kt\u00f3ra siedzib\u0119 posiada za zachodni\u0105 granic\u0105 naszego kraju, specjalizuje si\u0119 w zabawkach bardzo r\u00f3\u017cnego rodzaju. Warto wyr\u00f3\u017cni\u0107 ich je\u017adziki, ale r\u00f3wnie\u017c piaskownice, czy rowerki. Posiadaj\u0105 r\u00f3wnie\u017c w ofercie klocki, przer\u00f3\u017cne bujaki, sanki, oraz pozosta\u0142e zabawki.<\/p>\n<h2>Big Je\u017adzik Bobby Quad W Zestawie Z Ochraniaczami Na Buty Big<\/h2>\n<p>kolorowanki do wydruku, park so\u0142acki, kolorowanki pieski, plac zabaw pozna\u0144, zagadki trudne, mdk aleksandr\u00f3w \u0142\u00f3dzki, imie gaja, quiz o bo\u017cym narodzeniu, zwierz\u0119ta z plasteliny, quiz opowie\u015bci z narnii lew czarownica i stara szafa, test z opowie\u015bci z narnii, wzory zaprosze\u0144 zaproszenie na urodziny szablon do druku<\/p>\n<p>yyyyy<\/p>\n<p>&nbsp;<\/p>\n","protected":false},"excerpt":{"rendered":"<p>Je\u017adzik Bobby Quad Racing od renomowanej firmy BIG to pojazd przypominaj\u0105cy prawdziwy quad. Jest stabilny i bezpieczny &#8211; idealny dla dzieci, kt\u00f3re zaczynaj\u0105 swoj\u0105 przygod\u0119 z pojazdami. Zbudowany tak, aby mog\u0142y wypr\u00f3bowa\u0107 i rozwija\u0107 kolejne zdolno\u015bci &#8211; wsiadanie, zsiadanie, odpychanie i kierowanie. Jest to idealna propozycja na prezent dla dziecka od 3 roku \u017cycia.Charakterystyka:- je\u017adzik [&hellip;]<\/p>\n","protected":false},"featured_media":6050,"comment_status":"closed","ping_status":"open","template":"","meta":[],"product_cat":[400,74],"product_tag":[758,787,855,842],"class_list":["post-6049","product","type-product","status-publish","has-post-thumbnail","hentry","product_cat-big","product_cat-jezdziki","product_tag-julian","product_tag-nauka-pisania-wyrazow-dla-dzieci-do-druku-pdf","product_tag-nietypowe-imiona-zenskie","product_tag-plac-zabaw-poznan"],"_links":{"self":[{"href":"http:\/\/klubmamgdynia.pl\/index.php\/wp-json\/wp\/v2\/product\/6049","targetHints":{"allow":["GET"]}}],"collection":[{"href":"http:\/\/klubmamgdynia.pl\/index.php\/wp-json\/wp\/v2\/product"}],"about":[{"href":"http:\/\/klubmamgdynia.pl\/index.php\/wp-json\/wp\/v2\/types\/product"}],"replies":[{"embeddable":true,"href":"http:\/\/klubmamgdynia.pl\/index.php\/wp-json\/wp\/v2\/comments?post=6049"}],"wp:featuredmedia":[{"embeddable":true,"href":"http:\/\/klubmamgdynia.pl\/index.php\/wp-json\/wp\/v2\/media\/6050"}],"wp:attachment":[{"href":"http:\/\/klubmamgdynia.pl\/index.php\/wp-json\/wp\/v2\/media?parent=6049"}],"wp:term":[{"taxonomy":"product_cat","embeddable":true,"href":"http:\/\/klubmamgdynia.pl\/index.php\/wp-json\/wp\/v2\/product_cat?post=6049"},{"taxonomy":"product_tag","embeddable":true,"href":"http:\/\/klubmamgdynia.pl\/index.php\/wp-json\/wp\/v2\/product_tag?post=6049"}],"curies":[{"name":"wp","href":"https:\/\/api.w.org\/{rel}","templated":true}]}}