{"id":605,"date":"2016-12-16T18:44:01","date_gmt":"2016-12-16T17:44:01","guid":{"rendered":"http:\/\/klubmamgdynia.pl\/index.php\/produkt\/wooden-city-drewniane-puzzle-wiosna-w-paryzu-spring-in-paris-600el-xl\/"},"modified":"2026-04-19T02:30:14","modified_gmt":"2026-04-19T00:30:14","slug":"wooden-city-drewniane-puzzle-wiosna-w-paryzu-spring-in-paris-600el-xl","status":"publish","type":"product","link":"http:\/\/klubmamgdynia.pl\/index.php\/produkt\/wooden-city-drewniane-puzzle-wiosna-w-paryzu-spring-in-paris-600el-xl\/","title":{"rendered":"Wooden City Drewniane Puzzle Wiosna W Pary\u017cu Spring In Paris 600El. Xl"},"content":{"rendered":"<p>Drewniane puzzle London Pub 600 el. XLPoznajcie nowy rodzaj puzzli drewnianych produkowanych w Polsce.Uk\u0142adanie puzzli to wspania\u0142a rozrywka zar\u00f3wno dla dzieci, jak i doros\u0142ych. Umo\u017cliwia mi\u0142e sp\u0119dzenie popo\u0142udnia lub wieczoru, przez co ka\u017cdego dnia zyskuje ona nowo grono wielbicieli.Puzzle drewniane z figurkami dwustronneUk\u0142adanka sk\u0142ada si\u0119 ze 600 element\u00f3w. Ka\u017cdy z nich posiada indywidualny kszta\u0142t, co sprawia, \u017ce u\u0142o\u017cenie obrazka jest nie lada wyzwaniem. Puzzle te nie maj\u0105 klasycznych zako\u0144cze\u0144 oraz rog\u00f3w.Ponadto w zestawie znajduje si\u0119 a\u017c 120 figurek. Dzi\u0119ki temu Twoje dziecko w trakcie uk\u0142adania mo\u017ce zrobi\u0107 sobie przerw\u0119 i si\u0119 nimi pobawi\u0107.Dwustronne puzzle sprawi\u0105, \u017ce u\u0142o\u017cenie obrazka b\u0119dzie jeszcze nieco trudniejsze. Z jednej strony znajdziemy kolorowy obrazek przedstawiaj\u0105cy wiosn\u0119 w Pary\u017cu, z drugiej za\u015b ciekawy dese\u0144.Puzzle wspaniale rozwijaj\u0105:Koncentracj\u0119Pami\u0119\u0107Cierpliwo\u015b\u0107Zdolno\u015bci manualneWyobra\u017ani\u0119 przestrzenn\u0105Kreatywne my\u015blenieKoordynacj\u0119 wzrokowo-ruchow\u0105Precyzj\u0119Jest to idealny upominek na prezent!Zar\u00f3wno same puzzle jak i opakowanie wykonane w 100% bezpiecznych dla dzieci materia\u0142\u00f3w &#8211; puzzle wyprodukowane s\u0105 z p\u0142yty z w\u0142\u00f3kna drewnianego. Zapakowane s\u0105 w papierow\u0105 torebk\u0119 oraz pude\u0142ko z tektury, wszystko jest niezafoliowane.Rozmiar puzzli: 519 x 375 mmPude\u0142ko: 200 x 167 x 167 mmSztuk: 600Unikalne kszta\u0142ty: 120EAN:5904151820997Grubo\u015b\u0107: 3-4 mmCzas uk\u0142adania: 180-240 min.Wiek: 14+CE, EN-71, ASTM D-4236<\/p>\n<h2>Wooden City Drewniane Puzzle Wiosna W Pary\u017cu Spring In Paris 600El. Xl Wooden City<\/h2>\n<p>zagadki logiczne i odpowiedzi, mapa polski do wydrukowania za darmo, dzieci pl, zabawa dla 7 latka, prezent dla 13 latki na \u015bwi\u0119ta, kolorowanka potwory<\/p>\n<p>yyyyy<\/p>\n<p>&nbsp;<\/p>\n","protected":false},"excerpt":{"rendered":"<p>Drewniane puzzle London Pub 600 el. XLPoznajcie nowy rodzaj puzzli drewnianych produkowanych w Polsce.Uk\u0142adanie puzzli to wspania\u0142a rozrywka zar\u00f3wno dla dzieci, jak i doros\u0142ych. Umo\u017cliwia mi\u0142e sp\u0119dzenie popo\u0142udnia lub wieczoru, przez co ka\u017cdego dnia zyskuje ona nowo grono wielbicieli.Puzzle drewniane z figurkami dwustronneUk\u0142adanka sk\u0142ada si\u0119 ze 600 element\u00f3w. Ka\u017cdy z nich posiada indywidualny kszta\u0142t, co [&hellip;]<\/p>\n","protected":false},"featured_media":606,"comment_status":"closed","ping_status":"open","template":"","meta":[],"product_cat":[90,231],"product_tag":[644,661,794,724,779],"class_list":["post-605","product","type-product","status-publish","has-post-thumbnail","hentry","product_cat-puzzle","product_cat-wooden-city","product_tag-mia","product_tag-swinka-peppa-kolorowanka","product_tag-test-opowiesci-z-narnii-lew-czarownica-i-stara-szafa-do-druku","product_tag-zagadki-podchwytliwe","product_tag-zarty-na-prima-aprilis-w-domu"],"_links":{"self":[{"href":"http:\/\/klubmamgdynia.pl\/index.php\/wp-json\/wp\/v2\/product\/605","targetHints":{"allow":["GET"]}}],"collection":[{"href":"http:\/\/klubmamgdynia.pl\/index.php\/wp-json\/wp\/v2\/product"}],"about":[{"href":"http:\/\/klubmamgdynia.pl\/index.php\/wp-json\/wp\/v2\/types\/product"}],"replies":[{"embeddable":true,"href":"http:\/\/klubmamgdynia.pl\/index.php\/wp-json\/wp\/v2\/comments?post=605"}],"wp:featuredmedia":[{"embeddable":true,"href":"http:\/\/klubmamgdynia.pl\/index.php\/wp-json\/wp\/v2\/media\/606"}],"wp:attachment":[{"href":"http:\/\/klubmamgdynia.pl\/index.php\/wp-json\/wp\/v2\/media?parent=605"}],"wp:term":[{"taxonomy":"product_cat","embeddable":true,"href":"http:\/\/klubmamgdynia.pl\/index.php\/wp-json\/wp\/v2\/product_cat?post=605"},{"taxonomy":"product_tag","embeddable":true,"href":"http:\/\/klubmamgdynia.pl\/index.php\/wp-json\/wp\/v2\/product_tag?post=605"}],"curies":[{"name":"wp","href":"https:\/\/api.w.org\/{rel}","templated":true}]}}