{"id":6051,"date":"2018-03-29T11:29:46","date_gmt":"2018-03-29T09:29:46","guid":{"rendered":"http:\/\/klubmamgdynia.pl\/index.php\/produkt\/grasshopper-luparka-do-drewna-9ton-9t-niemiecka-najmocniesza\/"},"modified":"2026-04-20T06:16:51","modified_gmt":"2026-04-20T04:16:51","slug":"grasshopper-luparka-do-drewna-9ton-9t-niemiecka-najmocniesza","status":"publish","type":"product","link":"http:\/\/klubmamgdynia.pl\/index.php\/produkt\/grasshopper-luparka-do-drewna-9ton-9t-niemiecka-najmocniesza\/","title":{"rendered":"Grasshopper \u0141uparka Do Drewna 9Ton 9T Niemiecka Najmocniesza"},"content":{"rendered":"<p>\u0141uparka hydrauliczna do drewna 52cm Grasshopper o mocy nacisku 9 toZasilanie \u25b8 230V\/50Hz | Maksymalna d\u0142ugo\u015b\u0107 polan \u25b8 520mm | Maksymalna \u015brednica polan \u25b8 400mm | Waga \u25b8 53,5 kg | Nacisk \u25b8 9 tonDane techniczne:Producent: GrasshopperNumer katalogowy: LD9001Typ \u0142uparki: poziomaSilnik: elektryczny o mocy 2600W \/ 230V S6Uk\u0142ad roz\u0142upuj\u0105cy: hydrauliczny o nacisku 9 tonMaksymalna d\u0142ugo\u015b\u0107 polan: 520mmMaksymalna \u015brednica polan bez os\u0142ony: 400mmMaksymalna \u015brednica polan z os\u0142on\u0105: 250mmPojemno\u015b\u0107 uk\u0142adu hydraulicznego: 3,5 litra (olej hydrauliczny)Zabezpieczenia: uk\u0142ad ZHB (obur\u0119czna obs\u0142uga)Materia\u0142 wykonania: stalKo\u0142a transportowe: w zestawieWaga \u0142uparki: 52,5kgD\u0142ugo\u015b\u0107 przewodu zasilaj\u0105cego: 2mOs\u0142ona bezpiecze\u0144stwa: w zestawieStela\u017c podwy\u017cszaj\u0105cy: jako akcesoria dodatkoweKlin roz\u0142upuj\u0105cy na 4 cz\u0119\u015bci: jako akcesoria dodatkoweZgodna z najnowszymi standardami: wyposa\u017cona w kosz zabezpieczaj\u0105cyPosiada znak bezpiecze\u0144stwa CE, urz\u0105dzenie zgodne z dyrektyw\u0105 Unii EuropejskiejZalecana samodzielna wymiana oleju co dwa sezony\u0141uparka do drewna Grasshopper &#8211; zgodna z aktualnymi wymogami bezpiecze\u0144stwa (wyposa\u017cona w stalow\u0105 klatk\u0119 bezpiecze\u0144stwa)Zgodnie z najnowszymi wymogami bezpiecze\u0144stwa \u0142uparki do drewna musz\u0105 by\u0107 wyposa\u017cone w stela\u017c zabezpieczaj\u0105cy. Jest on montowany na gotow\u0105 maszyn\u0119. Jego zadaniem jest ochrona operatora przed mo\u017cliwo\u015bci\u0105 uderzenia przed od\u0142amki drewna podczas procesu roz\u0142upywania. Monta\u017c samego stela\u017cu jest bardzo prosty i szybki. Stanowi on dodatkow\u0105 ochron\u0119 dla operatora.Roz\u0142upywanie kawa\u0142k\u00f3w drewna do 40cm bez os\u0142ony!W zestawie:Rozszerzona, 4 letnia ochrona naprawcza w autoryzowanym serwisie GrasshopperDodatkowy st\u00f3\u0142 na drewnoDodatkowa os\u0142ona zabezpieczaj\u0105ca (szybki monta\u017c \/ demonta\u017c)Ko\u0142a transportowePodpora przedniaUchwyt do transportu urz\u0105dzenia na ko\u0142achElementy i \u015bruby monta\u017coweInstrukcja w j\u0119zyku polskimDokument zakupuMocny i wydajny silnik elektryczny 2500W, 220V ~ 50 Hz zapewniaj\u0105cy p\u0142ynn\u0105 prac\u0119 t\u0142oka hydraulicznegoNasze \u0142uparki wyposa\u017cone s\u0105 w wysokiej jako\u015bci silniki elektryczne o odpowiedniej mocy dostosowanej do du\u017cego nacisku maksymalnego maszyny. Wysoka moc silnika sprawia, \u017ce urz\u0105dzenie doskonale radzi sobie nawet z najtwardszym drewnem, przy czym nie dochodzi do przegrzania silnika.Dodatkowe zalety:Si\u0142a nacisku 9 TONTrwa\u0142o\u015b\u0107 konstrukcjiUrz\u0105dzenie zapakowane w oryginalny karton ochronny, wype\u0142niony styropianemRegulacja d\u0142ugo\u015bci \u0142upaniaSprawdzona konstrukcjaNiemiecka jako\u015b\u0107\u0141uparka zalana olejem, gotowa do pracy!Mobilna &#8211; wyposa\u017cona w ko\u0142a jezdne oraz uchwyt do \u0142atwego i bezpiecznego transportu\u0141uparka Grasshopper wyposa\u017cona jest w ko\u0142a jezdne oraz uchwyt do \u0142atwego i bezpiecznego transportu. Wystarczy podnie\u015b\u0107 jedn\u0105 stron\u0119 \u0142uparki by przeciwleg\u0142y bok \u201cwskoczy\u0142\u201d na ko\u0142a, umo\u017cliwiaj\u0105c jazd\u0119 na ko\u0142ach (podobna zasada co przy taczce).Regulacja d\u0142ugo\u015bci \u0142upania, mo\u017cna zatrzyma\u0107 popychacz w dowolnej pozycjiD\u017awignia sterowania hydraulicznego &#8211; \u0142atwa i prosta obs\u0142ugaW \u0142uparce Grasshopper zastosowano system bezpiecze\u0144stwa ZHB (obur\u0119cznej obs\u0142ugi), kt\u00f3ry uniemo\u017cliwia w\u0142o\u017cenie r\u0119ki w niedozwolone miejsce robocze. Taki system gwarantuje bezpiecze\u0144stwo u\u017cytkowania oraz \u0142atw\u0105 obs\u0142ug\u0119 urz\u0105dzenia.Rozszerzona, 4 letnia ochrona naprawcza w autoryzowanym serwisie GrasshopperZalety urz\u0105dzenia:1. Ko\u0142a transportowe u\u0142atwiaj\u0105ce przemieszczanie urz\u0105dzenia2. Rama wykonana z wysokojako\u015bciowej stali3. Trwa\u0142a konstrukcja4. Nowoczesny silnik elektryczny zasilaj\u0105cy pomp\u0119 hydrauliczn\u01055. Dodatkowa os\u0142ona montowana w razie potrzeby6. Wygodna d\u017awignia do sterowania hydraulik\u0105<\/p>\n<h2>Grasshopper \u0141uparka Do Drewna 9Ton 9T Niemiecka Najmocniesza Grasshopper<\/h2>\n<p>kr\u00f3tkie zagadki dla dzieci, zagatki, prezent dla 15 latka, zagadki dla 4 latka, quizy o koniach, jakie s\u0105 dary jesieni, cytaty o rodzicach, cytaty o przyja\u017ani kr\u00f3tkie, ba\u015bniowe imiona \u017ce\u0144skie, kolorowanka pies, logiczne zagadki dla dzieci, mi\u0142osz imie, prezent dla jedenastolatki, zagadki logiczne na inteligencj\u0119, milosz imie, alan imie, prezent na 1 urodziny, ferie warszawa 2022, test narnia lew czarownica i stara szafa, kuba imie<\/p>\n<p>yyyyy<\/p>\n<p>&nbsp;<\/p>\n","protected":false},"excerpt":{"rendered":"<p>\u0141uparka hydrauliczna do drewna 52cm Grasshopper o mocy nacisku 9 toZasilanie \u25b8 230V\/50Hz | Maksymalna d\u0142ugo\u015b\u0107 polan \u25b8 520mm | Maksymalna \u015brednica polan \u25b8 400mm | Waga \u25b8 53,5 kg | Nacisk \u25b8 9 tonDane techniczne:Producent: GrasshopperNumer katalogowy: LD9001Typ \u0142uparki: poziomaSilnik: elektryczny o mocy 2600W \/ 230V S6Uk\u0142ad roz\u0142upuj\u0105cy: hydrauliczny o nacisku 9 tonMaksymalna d\u0142ugo\u015b\u0107 [&hellip;]<\/p>\n","protected":false},"featured_media":6052,"comment_status":"closed","ping_status":"open","template":"","meta":[],"product_cat":[1416,1417],"product_tag":[668,638,581],"class_list":["post-6051","product","type-product","status-publish","has-post-thumbnail","hentry","product_cat-grasshopper","product_cat-luparki-do-drewna","product_tag-atrakcje-dla-dzieci-wroclaw","product_tag-miastodzieci","product_tag-zagadki-dla-8-latka"],"_links":{"self":[{"href":"http:\/\/klubmamgdynia.pl\/index.php\/wp-json\/wp\/v2\/product\/6051","targetHints":{"allow":["GET"]}}],"collection":[{"href":"http:\/\/klubmamgdynia.pl\/index.php\/wp-json\/wp\/v2\/product"}],"about":[{"href":"http:\/\/klubmamgdynia.pl\/index.php\/wp-json\/wp\/v2\/types\/product"}],"replies":[{"embeddable":true,"href":"http:\/\/klubmamgdynia.pl\/index.php\/wp-json\/wp\/v2\/comments?post=6051"}],"wp:featuredmedia":[{"embeddable":true,"href":"http:\/\/klubmamgdynia.pl\/index.php\/wp-json\/wp\/v2\/media\/6052"}],"wp:attachment":[{"href":"http:\/\/klubmamgdynia.pl\/index.php\/wp-json\/wp\/v2\/media?parent=6051"}],"wp:term":[{"taxonomy":"product_cat","embeddable":true,"href":"http:\/\/klubmamgdynia.pl\/index.php\/wp-json\/wp\/v2\/product_cat?post=6051"},{"taxonomy":"product_tag","embeddable":true,"href":"http:\/\/klubmamgdynia.pl\/index.php\/wp-json\/wp\/v2\/product_tag?post=6051"}],"curies":[{"name":"wp","href":"https:\/\/api.w.org\/{rel}","templated":true}]}}