{"id":6055,"date":"2021-10-08T01:16:51","date_gmt":"2021-10-07T23:16:51","guid":{"rendered":"http:\/\/klubmamgdynia.pl\/index.php\/produkt\/dk-chodzik-edukacyjny-muzyczny-pchacz-stolik-czerwony-n6038red\/"},"modified":"2026-04-19T05:40:19","modified_gmt":"2026-04-19T03:40:19","slug":"dk-chodzik-edukacyjny-muzyczny-pchacz-stolik-czerwony-n6038red","status":"publish","type":"product","link":"http:\/\/klubmamgdynia.pl\/index.php\/produkt\/dk-chodzik-edukacyjny-muzyczny-pchacz-stolik-czerwony-n6038red\/","title":{"rendered":"Dk Chodzik Edukacyjny Muzyczny Pchacz Stolik CZERWONY (N6038RED)"},"content":{"rendered":"<p>Wielofunkcyjny Interaktywny Je\u017adzik CzerwonyPchacz to fantastyczna zabawka edukacyjna, doskona\u0142a dla dziecka, kt\u00f3re ju\u017c zacz\u0119\u0142o stawia\u0107 pierwsze kroki. Dzi\u0119ki po\u0142\u0105czeniu kilku mo\u017cliwo\u015bci w jednej zabawce, je\u017adzik to trafiony wyb\u00f3r, kt\u00f3ry sprawdzi si\u0119 przez d\u0142ugi czas i zajmie malucha na wiele godzin.Niespodzianki i wspania\u0142a zabawaNic tak nie uraduje dziecka, jak zabawka z niespodziankami, kt\u00f3re mo\u017cna samodzielnie odkrywa\u0107. A ten pchacz posiada ich naprawd\u0119 wiele!G\u0142\u00f3wny zdejmowany panel posiada wiele atrakcji:S\u0142onik &#8211; mini-organki &#8211; to wyjmowany element, dzi\u0119ki kt\u00f3remu Twoje dziecko rozwinie si\u0119 muzycznie. Element posiada 5 przycisk\u00f3w w r\u00f3\u017cnych kolorach. Po naci\u015bni\u0119ciu us\u0142yszymy weso\u0142e melodyjki i zobaczymy migaj\u0105ce pod\u015bwietlenie przycisku z mink\u0105 s\u0142onika. Lewy okr\u0105g\u0142y przycisk odpowiedzialny jest za zmian\u0119 &#8222;tematyki&#8221; d\u017awi\u0119k\u00f3w: do wyboru mamy kolory po angielsku, odg\u0142osy zwierz\u0105t (owca, kot, pies, ptaszki, \u017caba) + melodia, wzrastaj\u0105cy d\u017awi\u0119k Do, Re, Mi, Fa, So lub zwyk\u0142e melodyjki. Prawy okr\u0105g\u0142y przycisk zmienia same melodie. Ucho s\u0142onika to jednocze\u015bnie pa\u0142\u0105k z dwoma kwiatuszkami do przesuwania.Kask kosmonauty &#8211; posiada otwierane wieczko, w kt\u00f3rym mo\u017cemy schowa\u0107 pi\u0142eczk\u0119. W przypadku ustawienia panelu na chodziku w pozycji pionowej &#8211; do kasku montujemy r\u00f3wnie\u017c kosz na pi\u0142ki.Obrotowe klocki, z kt\u00f3rych w zale\u017cno\u015bci od obrotu dziecko mo\u017ce u\u0142o\u017cy\u0107 ciuchci\u0119 lub sympatyczn\u0105 g\u0105sienic\u0119.Z\u0119batki, kt\u00f3re mo\u017cna okr\u0119ca\u0107 w dwie strony,Kolorowe klocki w trzech kszta\u0142tach mo\u017cna wyci\u0105ga\u0107 ale spokojnie, nie zgubi\u0105 si\u0119, trzymaj\u0105 si\u0119 na sznurkach &#8211; \u015bwietnie pomog\u0105 w nauce kolor\u00f3w oraz kszta\u0142t\u00f3w, Rakieta &#8211; mini liczyd\u0142o z dwoma koralikami, Kosz do gry w koszyk\u00f3wk\u0119 &#8211; kosz jest wyci\u0105gany &#8211; gdy panel u\u0142o\u017cony jest w formie stolika &#8211; kosz wk\u0142adamy z boku blatu, gdy panel za\u0142o\u017cony jest na chodziku w bardziej pionowej pozycji &#8211; kosz umieszczamy w specjalnym otworze kasku kosmonauty. Pchacz kryje jeszcze wi\u0119cej niespodzianek!Pod zdejmowanym panelem znajduj\u0105 si\u0119 wyt\u0142oczone cyferki 1, 2, 3, 4 oraz kszta\u0142ty innych przedmiot\u00f3w (s\u0142o\u0144ce, gwiazdka, tr\u00f3jk\u0105t, serce). To dodatkowa opcja zabawy &#8211; odgadn\u0105\u0107 co to za kszta\u0142t lub cyfra :)Du\u017ce k\u00f3\u0142ka z gumowym zabezpieczeniem gwarantuj\u0105 wi\u0119ksz\u0105 stabilno\u015b\u0107 oraz cichsz\u0105 jazd\u0119, Mo\u017cliwo\u015b\u0107 zamontowania kosza zar\u00f3wno na stoliku, jak i do pchacza,Mo\u017cliwo\u015b\u0107 zblokowania tylnych k\u00f3\u0142,Dodatkowy element montowany od spodu chodzika, kt\u00f3ry s\u0142u\u017cy za balast &#8211; aby odpowiednio doci\u0105\u017cy\u0107 chodzik. Wielofunkcyjny pchacz rozwija:zdolno\u015bci manualne,koordynacj\u0119 ruchow\u0105,umiej\u0119tno\u015b\u0107 rozr\u00f3\u017cniania kszta\u0142t\u00f3w i kolor\u00f3w,kreatywno\u015b\u0107 i wyobra\u017ani\u0119,logiczne my\u015blenie.Jako\u015b\u0107, bezpiecze\u0144stwo i wygodaJe\u017adzik wykonano z najwy\u017cszej jako\u015bci, atestowanych i estetycznych materia\u0142\u00f3w. Zabawka nie posiada \u017cadnych nier\u00f3wno\u015bci czy ostrych kraw\u0119dzi \u2013 idealnie nadaje si\u0119 do zabawy i nauki dla najm\u0142odszych.Pe\u0142ne bezpiecze\u0144stwo u\u017cytkowania gwarantuje certyfikat CE.Specyfikacja:Chodzik po z\u0142o\u017ceniu:ok. 41 x 43,5 x 40,5cmStolik po z\u0142o\u017ceniu: ok. 34 x 33 x 23cmOrganki &#8211; s\u0142onik:ok. 19,5 x 11,5cmPi\u0142ka do kosza:ok. 4,6cm\u015arednica kosza do koszyk\u00f3wki:ok. 10cmOryginalne opakowanie: ok. 46 x 35 x 14cmBaterie:mini-organki 3 x 1,5V AAA (brak w zestawie)Odpowiednie dla dzieci:powy\u017cej 12 miesi\u0105ca \u017cycia<\/p>\n<h2>Dk Chodzik Edukacyjny Muzyczny Pchacz Stolik CZERWONY (N6038RED) Dk<\/h2>\n<p>bajka terapeutyczna o dokuczaniu, prezenty na dzie\u0144 dziecka dla nastolatk\u00f3w, literki do pisania do druku, ko\u0142ysanki dla dzieci tekst<\/p>\n<p>yyyyy<\/p>\n<p>&nbsp;<\/p>\n","protected":false},"excerpt":{"rendered":"<p>Wielofunkcyjny Interaktywny Je\u017adzik CzerwonyPchacz to fantastyczna zabawka edukacyjna, doskona\u0142a dla dziecka, kt\u00f3re ju\u017c zacz\u0119\u0142o stawia\u0107 pierwsze kroki. Dzi\u0119ki po\u0142\u0105czeniu kilku mo\u017cliwo\u015bci w jednej zabawce, je\u017adzik to trafiony wyb\u00f3r, kt\u00f3ry sprawdzi si\u0119 przez d\u0142ugi czas i zajmie malucha na wiele godzin.Niespodzianki i wspania\u0142a zabawaNic tak nie uraduje dziecka, jak zabawka z niespodziankami, kt\u00f3re mo\u017cna samodzielnie odkrywa\u0107. [&hellip;]<\/p>\n","protected":false},"featured_media":6056,"comment_status":"closed","ping_status":"open","template":"","meta":[],"product_cat":[349,408],"product_tag":[664,734,590,770],"class_list":["post-6055","product","type-product","status-publish","has-post-thumbnail","hentry","product_cat-chodziki","product_cat-dk","product_tag-atrakcje-dla-dzieci-trojmiasto","product_tag-milan-imie","product_tag-plac-zabaw-warszawa","product_tag-samolot-z-papieru"],"_links":{"self":[{"href":"http:\/\/klubmamgdynia.pl\/index.php\/wp-json\/wp\/v2\/product\/6055","targetHints":{"allow":["GET"]}}],"collection":[{"href":"http:\/\/klubmamgdynia.pl\/index.php\/wp-json\/wp\/v2\/product"}],"about":[{"href":"http:\/\/klubmamgdynia.pl\/index.php\/wp-json\/wp\/v2\/types\/product"}],"replies":[{"embeddable":true,"href":"http:\/\/klubmamgdynia.pl\/index.php\/wp-json\/wp\/v2\/comments?post=6055"}],"wp:featuredmedia":[{"embeddable":true,"href":"http:\/\/klubmamgdynia.pl\/index.php\/wp-json\/wp\/v2\/media\/6056"}],"wp:attachment":[{"href":"http:\/\/klubmamgdynia.pl\/index.php\/wp-json\/wp\/v2\/media?parent=6055"}],"wp:term":[{"taxonomy":"product_cat","embeddable":true,"href":"http:\/\/klubmamgdynia.pl\/index.php\/wp-json\/wp\/v2\/product_cat?post=6055"},{"taxonomy":"product_tag","embeddable":true,"href":"http:\/\/klubmamgdynia.pl\/index.php\/wp-json\/wp\/v2\/product_tag?post=6055"}],"curies":[{"name":"wp","href":"https:\/\/api.w.org\/{rel}","templated":true}]}}