{"id":6057,"date":"2022-09-26T07:41:38","date_gmt":"2022-09-26T05:41:38","guid":{"rendered":"http:\/\/klubmamgdynia.pl\/index.php\/produkt\/big-jezdzik-bobby-car-czarny\/"},"modified":"2026-04-06T02:05:45","modified_gmt":"2026-04-06T00:05:45","slug":"big-jezdzik-bobby-car-czarny","status":"publish","type":"product","link":"http:\/\/klubmamgdynia.pl\/index.php\/produkt\/big-jezdzik-bobby-car-czarny\/","title":{"rendered":"Big Je\u017adzik Bobby-Car Czarny"},"content":{"rendered":"<p>Big Przyczepka do je\u017adzika Bobby Car czarna Fulda<\/p>\n<h2>Big Je\u017adzik Bobby-Car Czarny Big<\/h2>\n<p>co na roczek, znaczenie imiona justyna, imi\u0119 leon, zagadki podchwytliwe, \u017c\u0105rty na prima aprilis, julian znaczenie imienia, znaczenie imienia milosz, niech \u017cyj\u0105 wakacje, rysowanie po \u015bladzie, asiunia test, kartka walentynkowa zrobiona przez dzieci, dobranoc zimowo, quiz flagi, wr\u00f3zby andrzejkowe dla dzieci, traktor do druku, kr\u00f3tkie \u017cyczenia wielkanocne dla dzieci, szablony zimowe do wydruku, trudne zagadki i odpowiedzi, cytaty na dzien dziecka, test wiedzy zemsta, transformers kolorowanka<\/p>\n<p>yyyyy<\/p>\n<p>&nbsp;<\/p>\n","protected":false},"excerpt":{"rendered":"<p>Big Przyczepka do je\u017adzika Bobby Car czarna Fulda Big Je\u017adzik Bobby-Car Czarny Big co na roczek, znaczenie imiona justyna, imi\u0119 leon, zagadki podchwytliwe, \u017c\u0105rty na prima aprilis, julian znaczenie imienia, znaczenie imienia milosz, niech \u017cyj\u0105 wakacje, rysowanie po \u015bladzie, asiunia test, kartka walentynkowa zrobiona przez dzieci, dobranoc zimowo, quiz flagi, wr\u00f3zby andrzejkowe dla dzieci, traktor [&hellip;]<\/p>\n","protected":false},"featured_media":6058,"comment_status":"closed","ping_status":"open","template":"","meta":[],"product_cat":[1418,400],"product_tag":[845,819,771,653,869],"class_list":["post-6057","product","type-product","status-publish","has-post-thumbnail","hentry","product_cat-akcesoria-do-zabawek-ogrodowych","product_cat-big","product_tag-ach-spij-kochanie-tekst","product_tag-co-kupic-nastolatce-na-swieta","product_tag-stolice-europy-quiz","product_tag-warszawa-dla-dzieci","product_tag-zagadki-na-logike"],"_links":{"self":[{"href":"http:\/\/klubmamgdynia.pl\/index.php\/wp-json\/wp\/v2\/product\/6057","targetHints":{"allow":["GET"]}}],"collection":[{"href":"http:\/\/klubmamgdynia.pl\/index.php\/wp-json\/wp\/v2\/product"}],"about":[{"href":"http:\/\/klubmamgdynia.pl\/index.php\/wp-json\/wp\/v2\/types\/product"}],"replies":[{"embeddable":true,"href":"http:\/\/klubmamgdynia.pl\/index.php\/wp-json\/wp\/v2\/comments?post=6057"}],"wp:featuredmedia":[{"embeddable":true,"href":"http:\/\/klubmamgdynia.pl\/index.php\/wp-json\/wp\/v2\/media\/6058"}],"wp:attachment":[{"href":"http:\/\/klubmamgdynia.pl\/index.php\/wp-json\/wp\/v2\/media?parent=6057"}],"wp:term":[{"taxonomy":"product_cat","embeddable":true,"href":"http:\/\/klubmamgdynia.pl\/index.php\/wp-json\/wp\/v2\/product_cat?post=6057"},{"taxonomy":"product_tag","embeddable":true,"href":"http:\/\/klubmamgdynia.pl\/index.php\/wp-json\/wp\/v2\/product_tag?post=6057"}],"curies":[{"name":"wp","href":"https:\/\/api.w.org\/{rel}","templated":true}]}}