{"id":6059,"date":"2011-10-25T09:48:04","date_gmt":"2011-10-25T07:48:04","guid":{"rendered":"http:\/\/klubmamgdynia.pl\/index.php\/produkt\/petitemars-memory-piankowa-wkladka-do-wozka-limited-ocean\/"},"modified":"2026-04-06T01:27:21","modified_gmt":"2026-04-05T23:27:21","slug":"petitemars-memory-piankowa-wkladka-do-wozka-limited-ocean","status":"publish","type":"product","link":"http:\/\/klubmamgdynia.pl\/index.php\/produkt\/petitemars-memory-piankowa-wkladka-do-wozka-limited-ocean\/","title":{"rendered":"Petite&amp;Mars Memory Piankowa Wk\u0142adka Do W\u00f3zka Limited Ocean"},"content":{"rendered":"<p>Petite&amp;Mars Memory &#8211; wk\u0142adka piankowa do w\u00f3zkaKolor\/wz\u00f3r: Limited OceanPetite&amp;Mars Memory to wk\u0142adka piankowa, kt\u00f3ra dzi\u0119ki swej g\u0119stej strukturze pozwoli zminimalizowa\u0107 wstrz\u0105sy podczas jazdy po nier\u00f3wno\u015bciach. Pianka jest wyj\u0105tkowo komfortowa, dopasuje si\u0119 do kszta\u0142tu cia\u0142a dziecka i stworzy mu idealne warunki do ka\u017cdej w\u0119dr\u00f3wki. Wk\u0142adka mo\u017ce by\u0107 u\u017cywana zawsze, bez wzgl\u0119du na panuj\u0105c\u0105 pogod\u0119. Komfort i idealne dopasowanie to g\u0142\u00f3wny atuty produktu, kolejnym z nich mo\u017ce by\u0107 fakt, \u017ce wk\u0142adka wyst\u0119puje w wielu wersjach &#8211; dzi\u0119ki temu mo\u017cemy nada\u0107 troch\u0119 koloru naszej spacer\u00f3wce i sprawi\u0107, \u017ce b\u0119dzie odznacza\u0107 si\u0119 na tle reszty.<\/p>\n<h2>Petite&amp;Mars Memory Piankowa Wk\u0142adka Do W\u00f3zka Limited Ocean Petite&amp;Mars<\/h2>\n<p>miko\u0142ajek sprawdzian z lektury z odpowiedziami, papuga kolorowanka, prezent dla trzynastolatki, quiz o minecraft, \u015bwi\u0105teczne filmy familijne, wr\u00f3\u017cby andrzejkowe dla dzieci online, prezenty na roczek dla ch\u0142opca, list do gwiazdora, karty pracy dla dzieci z ukrainy, atrakcje we wroc\u0142awiu dla dzieci, zaczarowana zagroda &#8211; test, kolorowanki do druku super zings, mia, plac zabaw warszawa, zagadki o zawodach, mira imi\u0119<\/p>\n<p>yyyyy<\/p>\n<p>&nbsp;<\/p>\n","protected":false},"excerpt":{"rendered":"<p>Petite&amp;Mars Memory &#8211; wk\u0142adka piankowa do w\u00f3zkaKolor\/wz\u00f3r: Limited OceanPetite&amp;Mars Memory to wk\u0142adka piankowa, kt\u00f3ra dzi\u0119ki swej g\u0119stej strukturze pozwoli zminimalizowa\u0107 wstrz\u0105sy podczas jazdy po nier\u00f3wno\u015bciach. Pianka jest wyj\u0105tkowo komfortowa, dopasuje si\u0119 do kszta\u0142tu cia\u0142a dziecka i stworzy mu idealne warunki do ka\u017cdej w\u0119dr\u00f3wki. Wk\u0142adka mo\u017ce by\u0107 u\u017cywana zawsze, bez wzgl\u0119du na panuj\u0105c\u0105 pogod\u0119. Komfort i [&hellip;]<\/p>\n","protected":false},"featured_media":6060,"comment_status":"closed","ping_status":"open","template":"","meta":[],"product_cat":[127,1111],"product_tag":[662,665,736,709,635],"class_list":["post-6059","product","type-product","status-publish","has-post-thumbnail","hentry","product_cat-akcesoria-do-wozkow","product_cat-petitemars","product_tag-bajki-na-dobranoc","product_tag-proste-zagadki","product_tag-zabawki-na-roczek","product_tag-zagadki-dla-dzieci-6-7-lat","product_tag-znaki-drogowe-do-druku"],"_links":{"self":[{"href":"http:\/\/klubmamgdynia.pl\/index.php\/wp-json\/wp\/v2\/product\/6059","targetHints":{"allow":["GET"]}}],"collection":[{"href":"http:\/\/klubmamgdynia.pl\/index.php\/wp-json\/wp\/v2\/product"}],"about":[{"href":"http:\/\/klubmamgdynia.pl\/index.php\/wp-json\/wp\/v2\/types\/product"}],"replies":[{"embeddable":true,"href":"http:\/\/klubmamgdynia.pl\/index.php\/wp-json\/wp\/v2\/comments?post=6059"}],"wp:featuredmedia":[{"embeddable":true,"href":"http:\/\/klubmamgdynia.pl\/index.php\/wp-json\/wp\/v2\/media\/6060"}],"wp:attachment":[{"href":"http:\/\/klubmamgdynia.pl\/index.php\/wp-json\/wp\/v2\/media?parent=6059"}],"wp:term":[{"taxonomy":"product_cat","embeddable":true,"href":"http:\/\/klubmamgdynia.pl\/index.php\/wp-json\/wp\/v2\/product_cat?post=6059"},{"taxonomy":"product_tag","embeddable":true,"href":"http:\/\/klubmamgdynia.pl\/index.php\/wp-json\/wp\/v2\/product_tag?post=6059"}],"curies":[{"name":"wp","href":"https:\/\/api.w.org\/{rel}","templated":true}]}}