{"id":6061,"date":"2025-06-11T22:25:24","date_gmt":"2025-06-11T20:25:24","guid":{"rendered":"http:\/\/klubmamgdynia.pl\/?post_type=product&#038;p=6061"},"modified":"2026-05-17T22:49:30","modified_gmt":"2026-05-17T20:49:30","slug":"gardena-stozek-rozpylajacy-11150-20","status":"publish","type":"product","link":"http:\/\/klubmamgdynia.pl\/index.php\/produkt\/gardena-stozek-rozpylajacy-11150-20\/","title":{"rendered":"Gardena Sto\u017cek rozpylaj\u0105cy (11150-20)"},"content":{"rendered":"<p>\u00a0.                            <\/p>\n<p>Opryskiwacze<\/p>\n<p>Sto\u017cek rozpylaj\u0105cy\u00a0                            <\/p>\n<p>Precyzyjne rozpylanie<br \/>\nGARDENA sto\u017cek rozpylaj\u0105cy umo\u017cliwia rozpylanie podczas wietrznej pogody \u2013 ciecz trafia na odpowiednie ro\u015bliny, a mgie\u0142ka nie jest rozdmuchiwana. Aby zamontowa\u0107 sto\u017cek rozpylaj\u0105cy, wystarczy odkr\u0119ci\u0107 dysz\u0119 zraszaj\u0105c\u0105. Pasuje do wszystkich opryskiwaczy GARDENA o pojemno\u015bci 5 litr\u00f3w, kompatybilny z produktami 11130, 11134, 11136 oraz 11138.<\/p>\n<h2>Gardena Sto\u017cek rozpylaj\u0105cy (11150-20) Gardena<\/h2>\n<p>karyna, menu urodzinowe dla dzieci w wieku 8 10 lat, \u0142amig\u0142\u00f3wki dla dzieci, liwia imi\u0119, gry edukacyjne dla dzieci online za darmo, mia, renata to nie imi\u0119, gad\u017cety dla nastolatek<\/p>\n<p>yyyyy<\/p>\n<p>&nbsp;<\/p>\n","protected":false},"excerpt":{"rendered":"<p>\u00a0. Opryskiwacze Sto\u017cek rozpylaj\u0105cy\u00a0 Precyzyjne rozpylanie GARDENA sto\u017cek rozpylaj\u0105cy umo\u017cliwia rozpylanie podczas wietrznej pogody \u2013 ciecz trafia na odpowiednie ro\u015bliny, a mgie\u0142ka nie jest rozdmuchiwana. Aby zamontowa\u0107 sto\u017cek rozpylaj\u0105cy, wystarczy odkr\u0119ci\u0107 dysz\u0119 zraszaj\u0105c\u0105. Pasuje do wszystkich opryskiwaczy GARDENA o pojemno\u015bci 5 litr\u00f3w, kompatybilny z produktami 11130, 11134, 11136 oraz 11138. Gardena Sto\u017cek rozpylaj\u0105cy (11150-20) Gardena [&hellip;]<\/p>\n","protected":false},"featured_media":6062,"comment_status":"closed","ping_status":"open","template":"","meta":[],"product_cat":[1419,1411],"product_tag":[851,752,773,767],"class_list":["post-6061","product","type-product","status-publish","has-post-thumbnail","hentry","product_cat-gardena","product_cat-pozostale-narzedzia-reczne-do-ogrodu","product_tag-jak-narysowac-kota","product_tag-kuba-imie","product_tag-test-z-lektury-opowiesci-z-narnii-lew-czarownica-i-stara-szafa","product_tag-zaproszenia-urodzinowe-do-druku"],"_links":{"self":[{"href":"http:\/\/klubmamgdynia.pl\/index.php\/wp-json\/wp\/v2\/product\/6061","targetHints":{"allow":["GET"]}}],"collection":[{"href":"http:\/\/klubmamgdynia.pl\/index.php\/wp-json\/wp\/v2\/product"}],"about":[{"href":"http:\/\/klubmamgdynia.pl\/index.php\/wp-json\/wp\/v2\/types\/product"}],"replies":[{"embeddable":true,"href":"http:\/\/klubmamgdynia.pl\/index.php\/wp-json\/wp\/v2\/comments?post=6061"}],"wp:featuredmedia":[{"embeddable":true,"href":"http:\/\/klubmamgdynia.pl\/index.php\/wp-json\/wp\/v2\/media\/6062"}],"wp:attachment":[{"href":"http:\/\/klubmamgdynia.pl\/index.php\/wp-json\/wp\/v2\/media?parent=6061"}],"wp:term":[{"taxonomy":"product_cat","embeddable":true,"href":"http:\/\/klubmamgdynia.pl\/index.php\/wp-json\/wp\/v2\/product_cat?post=6061"},{"taxonomy":"product_tag","embeddable":true,"href":"http:\/\/klubmamgdynia.pl\/index.php\/wp-json\/wp\/v2\/product_tag?post=6061"}],"curies":[{"name":"wp","href":"https:\/\/api.w.org\/{rel}","templated":true}]}}