{"id":6069,"date":"2017-04-26T20:40:13","date_gmt":"2017-04-26T18:40:13","guid":{"rendered":"http:\/\/klubmamgdynia.pl\/index.php\/produkt\/vans-plecak-dzieciecy-kolor-zielony-duzy-gladki\/"},"modified":"2026-04-26T23:57:53","modified_gmt":"2026-04-26T21:57:53","slug":"vans-plecak-dzieciecy-kolor-zielony-duzy-gladki","status":"publish","type":"product","link":"http:\/\/klubmamgdynia.pl\/index.php\/produkt\/vans-plecak-dzieciecy-kolor-zielony-duzy-gladki\/","title":{"rendered":"Vans Plecak Dzieci\u0119cy Kolor Zielony Du\u017cy G\u0142adki"},"content":{"rendered":"<p>&#8211; Zapi\u0119cie na suwak.- Z przodu kieszonka.- Uchwyt do r\u0119ki.- Regulowana d\u0142ugo\u015b\u0107 pask\u00f3w.- G\u0142\u0119boko\u015b\u0107: 11 cm.- Wysoko\u015b\u0107: 39 cm.- Szeroko\u015b\u0107 u podstawy: 26 cm.<\/p>\n<h2>Vans Plecak Dzieci\u0119cy Kolor Zielony Du\u017cy G\u0142adki Vans<\/h2>\n<p>przyja\u017a\u0144 cytaty, jaki prezent na roczek, zagadki wielkanocne do druku, nietypowe imiona damskie, dyplomy dla przedszkolak\u00f3w do wydrukowania, karyna, pokemon do druku, kawa\u0142 na prima aprilis, pomysly na prezent na roczek, znaczenie imiona alan, co na prezent dla 7 latki, zadania logiczne dla dzieci<\/p>\n<p>yyyyy<\/p>\n<p>&nbsp;<\/p>\n","protected":false},"excerpt":{"rendered":"<p>&#8211; Zapi\u0119cie na suwak.- Z przodu kieszonka.- Uchwyt do r\u0119ki.- Regulowana d\u0142ugo\u015b\u0107 pask\u00f3w.- G\u0142\u0119boko\u015b\u0107: 11 cm.- Wysoko\u015b\u0107: 39 cm.- Szeroko\u015b\u0107 u podstawy: 26 cm. Vans Plecak Dzieci\u0119cy Kolor Zielony Du\u017cy G\u0142adki Vans przyja\u017a\u0144 cytaty, jaki prezent na roczek, zagadki wielkanocne do druku, nietypowe imiona damskie, dyplomy dla przedszkolak\u00f3w do wydrukowania, karyna, pokemon do druku, kawa\u0142 [&hellip;]<\/p>\n","protected":false},"featured_media":6070,"comment_status":"closed","ping_status":"open","template":"","meta":[],"product_cat":[329,1421],"product_tag":[622,734,609,714,793,701],"class_list":["post-6069","product","type-product","status-publish","has-post-thumbnail","hentry","product_cat-plecaki-szkolne","product_cat-vans","product_tag-fajne-zagadki","product_tag-milan-imie","product_tag-quiz-flagi-europy","product_tag-zagadki-logiczne","product_tag-zagadki-smieszne-podchwytliwe","product_tag-zgadywanki-dla-dzieci"],"_links":{"self":[{"href":"http:\/\/klubmamgdynia.pl\/index.php\/wp-json\/wp\/v2\/product\/6069","targetHints":{"allow":["GET"]}}],"collection":[{"href":"http:\/\/klubmamgdynia.pl\/index.php\/wp-json\/wp\/v2\/product"}],"about":[{"href":"http:\/\/klubmamgdynia.pl\/index.php\/wp-json\/wp\/v2\/types\/product"}],"replies":[{"embeddable":true,"href":"http:\/\/klubmamgdynia.pl\/index.php\/wp-json\/wp\/v2\/comments?post=6069"}],"wp:featuredmedia":[{"embeddable":true,"href":"http:\/\/klubmamgdynia.pl\/index.php\/wp-json\/wp\/v2\/media\/6070"}],"wp:attachment":[{"href":"http:\/\/klubmamgdynia.pl\/index.php\/wp-json\/wp\/v2\/media?parent=6069"}],"wp:term":[{"taxonomy":"product_cat","embeddable":true,"href":"http:\/\/klubmamgdynia.pl\/index.php\/wp-json\/wp\/v2\/product_cat?post=6069"},{"taxonomy":"product_tag","embeddable":true,"href":"http:\/\/klubmamgdynia.pl\/index.php\/wp-json\/wp\/v2\/product_tag?post=6069"}],"curies":[{"name":"wp","href":"https:\/\/api.w.org\/{rel}","templated":true}]}}