{"id":6071,"date":"2021-08-20T05:41:31","date_gmt":"2021-08-20T03:41:31","guid":{"rendered":"http:\/\/klubmamgdynia.pl\/index.php\/produkt\/monsanto-roundup-360-plus-5l-11916\/"},"modified":"2026-04-06T20:47:31","modified_gmt":"2026-04-06T18:47:31","slug":"monsanto-roundup-360-plus-5l-11916","status":"publish","type":"product","link":"http:\/\/klubmamgdynia.pl\/index.php\/produkt\/monsanto-roundup-360-plus-5l-11916\/","title":{"rendered":"Monsanto Roundup 360 Plus 5L (11916)"},"content":{"rendered":"<p>MONSANTO ROUNDUP 360 PLUS 5L (11916)<\/p>\n<p>            Opis:<\/p>\n<p>Roundup 360 Plus jest \u015brodkiem chwastob\u00f3jczym w formie koncentratu do sporz\u0105dzania roztworu wodnego, stosowanym nalistnie, przeznaczonym do zwalczania perzu w\u0142a\u015bciwego oraz rocznych i wieloletnich chwast\u00f3w jednoli\u015bciennych i dwuli\u015bciennych na polach uprawnych kukurydzy, ziemniaka, marchwi, pietruszki, cebuli, pora (z siewu), buraka cukrowego, przed zbiorem pszenicy ozimej, pszen\u017cyta ozimego, \u017cyta, pszenicy jarej, j\u0119czmienia jarego i rzepaku ozimego, na \u015bciernisku, ugorach i od\u0142ogach, oraz terenach nieu\u017cytkowanych rolniczo. \u015arodek stosuje si\u0119 przy u\u017cyciu opryskiwaczy polowych i r\u0119cznych.                            <\/p>\n<p>            Chwasty wra\u017cliwe:<\/p>\n<p>&#8211; dawka 1,25 l\/ha: komosa bia\u0142a, maruna bezwonna, tobo\u0142ki polne.\u00a0&#8211; dawka 1,875 l\/ha: fio\u0142ek polny, gwiazdnica pospolita, komosa bia\u0142a, mak polny, maruna bezwonna, miot\u0142a zbo\u017cowa, perz w\u0142a\u015bciwy, przytulia czepna, rdest\u00f3wka powojowata, tobo\u0142ki polne.\u00a0&#8211; dawka 2,5 l\/ha: fio\u0142ek polny, gwiazdnica pospolita, komosa bia\u0142a, mak polny, maruna bezwonna, miot\u0142a zbo\u017cowa, perz w\u0142a\u015bciwy, przytulia czepna, rdest\u00f3wka powojowata, rumian polny, samosiewy zb\u00f3\u017c, tobo\u0142ki polne, \u017c\u00f3\u0142tlica drobnokwiatowa. &#8211;\u00a0dawka 3,75 l\/ha: bylica pospolita, fio\u0142ek polny, gwiazdnica pospolita, komosa bia\u0142a, krwawnik pospolity, mak polny, maruna bezwonna, miot\u0142a zbo\u017cowa, perz w\u0142a\u015bciwy, przytulia czepna, rdest\u00f3wka powojowata, rumian polny, samosiewy zb\u00f3\u017c, tobo\u0142ki polne, \u017c\u00f3\u0142tlica drobnokwiatowa.\u00a0&#8211; dawka 4,0 l\/ha: bylica pospolita, fio\u0142ek polny, gwiazdnica pospolita, komosa bia\u0142a, krwawnik pospolity, mak polny, maruna bezwonna, miot\u0142a zbo\u017cowa, perz w\u0142a\u015bciwy, przytulia czepna, rdest\u00f3wka powojowata, rumian polny, samosiewy zb\u00f3\u017c, tobo\u0142ki polne, \u017c\u00f3\u0142tlica drobnokwiatowa.\u00a0&#8211; dawka 6,0 l\/ha: bylica pospolita, fio\u0142ek polny, gwiazdnica pospolita, komosa bia\u0142a, krwawnik pospolity, mak polny, maruna bezwonna, miot\u0142a zbo\u017cowa, perz w\u0142a\u015bciwy, przytulia czepna, rdest\u00f3wka powojowata, rumian polny, samosiewy zb\u00f3\u017c, tobo\u0142ki polne, wyka ptasia, \u017c\u00f3\u0142tlica drobnokwiatowa.\u00a0&#8211; Chwasty odporne: skrzyp polny.\u00a0                            <\/p>\n<p>            STOSOWANIE:<\/p>\n<p>Wiosn\u0105 po siewie, a przed wschodami ro\u015bliny uprawnej w celu zwalczenia wschodz\u0105cych chwast\u00f3w:- KUKURYDZA &#8211; 1,25 &#8211; 2,5 l\/ha.\u00a0&#8211; ZIEMNIAK &#8211; 1,25 &#8211; 2,5 l\/ha.\u00a0&#8211; MARCHEW, PIETRUSZKA CEBULA, POR (Z SIEWU) &#8211; 1,25 &#8211; 1,8 l\/ha.\u00a0Wiosn\u0105 przed wschodami ro\u015bliny uprawnej- BURAK CUKROWY &#8211; 1,25 &#8211; 2,5 l\/ha.\u00a0Przed zbiorem ro\u015blin uprawnych w celu zwalczania chwast\u00f3w.\u00a0&#8211; PSZENICA OZIMA, PSZEN\u017bYTO OZIME, \u017bYTO, PSZENICA JARA, J\u0118CZMIE\u0143 JARY, RZEPAK OZIMY &#8211; 1,875 &#8211; 4,0 l\/ha.\u00a0\u00a0Przed zbiorem ro\u015blin uprawnych w celu przyspieszenia zbioru (desykacja).\u00a0&#8211; PSZENICA OZIMA, PSZEN\u017bYTO OZIME, \u017bYTO, PSZENICA JARA, J\u0118CZMIE\u0143 JARY, RZEPAK OZIMY &#8211; 1,875 &#8211; 4,0 l\/ha.\u00a0\u00a0\u015acierniska &#8211; 2,5 &#8211; 6,0 l\/ha.\u00a0&#8211; Tereny nieu\u017cytkowane rolniczo (place magazynowe, tereny przemys\u0142owe, pobocza dr\u00f3g, tereny komunalne, torowiska tramwajowe) &#8211; 3,75 &#8211; 6,0 l\/ha.\u00a0&#8211; Likwidacja ugor\u00f3w i od\u0142og\u00f3w &#8211; 3,8 &#8211; 6,0 l\/ha.\u00a0<\/p>\n<h2>Monsanto Roundup 360 Plus 5L (11916) Monsanto<\/h2>\n<p>najlepsze \u017carty na prima aprilis, pytania zagadki, malowanka, prezent na urodziny dla nastolatk\u00f3w<\/p>\n<p>yyyyy<\/p>\n<p>&nbsp;<\/p>\n","protected":false},"excerpt":{"rendered":"<p>MONSANTO ROUNDUP 360 PLUS 5L (11916) Opis: Roundup 360 Plus jest \u015brodkiem chwastob\u00f3jczym w formie koncentratu do sporz\u0105dzania roztworu wodnego, stosowanym nalistnie, przeznaczonym do zwalczania perzu w\u0142a\u015bciwego oraz rocznych i wieloletnich chwast\u00f3w jednoli\u015bciennych i dwuli\u015bciennych na polach uprawnych kukurydzy, ziemniaka, marchwi, pietruszki, cebuli, pora (z siewu), buraka cukrowego, przed zbiorem pszenicy ozimej, pszen\u017cyta ozimego, \u017cyta, [&hellip;]<\/p>\n","protected":false},"featured_media":6072,"comment_status":"closed","ping_status":"open","template":"","meta":[],"product_cat":[1157,1141],"product_tag":[656,818,629,675,628,873],"class_list":["post-6071","product","type-product","status-publish","has-post-thumbnail","hentry","product_cat-monsanto","product_cat-srodki-ochrony-roslin","product_tag-kolorowanki-lol","product_tag-oliwier","product_tag-smieszne-zagadki-z-odpowiedziami","product_tag-test-z-lektury-kajko-i-kokosz-szkola-latania","product_tag-zagadka","product_tag-zagadki-z-odpowiedziami-dla-dzieci"],"_links":{"self":[{"href":"http:\/\/klubmamgdynia.pl\/index.php\/wp-json\/wp\/v2\/product\/6071","targetHints":{"allow":["GET"]}}],"collection":[{"href":"http:\/\/klubmamgdynia.pl\/index.php\/wp-json\/wp\/v2\/product"}],"about":[{"href":"http:\/\/klubmamgdynia.pl\/index.php\/wp-json\/wp\/v2\/types\/product"}],"replies":[{"embeddable":true,"href":"http:\/\/klubmamgdynia.pl\/index.php\/wp-json\/wp\/v2\/comments?post=6071"}],"wp:featuredmedia":[{"embeddable":true,"href":"http:\/\/klubmamgdynia.pl\/index.php\/wp-json\/wp\/v2\/media\/6072"}],"wp:attachment":[{"href":"http:\/\/klubmamgdynia.pl\/index.php\/wp-json\/wp\/v2\/media?parent=6071"}],"wp:term":[{"taxonomy":"product_cat","embeddable":true,"href":"http:\/\/klubmamgdynia.pl\/index.php\/wp-json\/wp\/v2\/product_cat?post=6071"},{"taxonomy":"product_tag","embeddable":true,"href":"http:\/\/klubmamgdynia.pl\/index.php\/wp-json\/wp\/v2\/product_tag?post=6071"}],"curies":[{"name":"wp","href":"https:\/\/api.w.org\/{rel}","templated":true}]}}